{"id":22654,"date":"2025-08-28T20:51:41","date_gmt":"2025-08-29T01:51:41","guid":{"rendered":"https:\/\/tiendaflex.ec\/?post_type=product&#038;p=22654"},"modified":"2025-08-28T20:51:41","modified_gmt":"2025-08-29T01:51:41","slug":"d26676-b3-cepillo-electrico-55amp","status":"publish","type":"product","link":"https:\/\/tiendaflex.ec\/en\/product\/d26676-b3-cepillo-electrico-55amp\/","title":{"rendered":"D26676-B3 &#8211; CEPILLO EL\u00c9CTRICO 5,5AMP"},"content":{"rendered":"","protected":false},"excerpt":{"rendered":"<p>Potencia y precisi\u00f3n para trabajos de carpinter\u00eda profesional con control de profundidad y motor de alto rendimiento.<\/p>\n<p>\u2714\ufe0f Marca: DeWalt<br \/>\n\u2714\ufe0f Modelo: D26676-B3<br \/>\n\u2714\ufe0f Motor: 5,5 Amp \u2013 17.000 RPM<br \/>\n\u2714\ufe0f Capacidad de cepillado ancho: 82 mm (3-1\/4\u2033)<br \/>\n\u2714\ufe0f Profundidad de cepillado: 1,0 \u2013 1,5 mm<br \/>\n\u2714\ufe0f Peso: 5,1 lbs<br \/>\n\u2714\ufe0f Vida \u00fatil de la correa: 300 horas<\/p>\n<p>\ud83d\udcde Contacto: +593984123231<\/p>\n<p>\u00a1Cepillado profesional con m\u00e1xima precisi\u00f3n y durabilidad!<\/p>","protected":false},"featured_media":22634,"comment_status":"open","ping_status":"closed","template":"","meta":{"_acf_changed":false},"product_brand":[],"product_cat":[544,707],"product_tag":[],"class_list":{"0":"post-22654","1":"product","2":"type-product","3":"status-publish","4":"has-post-thumbnail","6":"product_cat-agricultura-e-industria","7":"product_cat-cepillos-electricos","9":"first","10":"instock","11":"sale","12":"taxable","13":"shipping-taxable","14":"purchasable","15":"product-type-simple"},"acf":[],"_links":{"self":[{"href":"https:\/\/tiendaflex.ec\/en\/wp-json\/wp\/v2\/product\/22654","targetHints":{"allow":["GET"]}}],"collection":[{"href":"https:\/\/tiendaflex.ec\/en\/wp-json\/wp\/v2\/product"}],"about":[{"href":"https:\/\/tiendaflex.ec\/en\/wp-json\/wp\/v2\/types\/product"}],"replies":[{"embeddable":true,"href":"https:\/\/tiendaflex.ec\/en\/wp-json\/wp\/v2\/comments?post=22654"}],"version-history":[{"count":1,"href":"https:\/\/tiendaflex.ec\/en\/wp-json\/wp\/v2\/product\/22654\/revisions"}],"predecessor-version":[{"id":22655,"href":"https:\/\/tiendaflex.ec\/en\/wp-json\/wp\/v2\/product\/22654\/revisions\/22655"}],"wp:featuredmedia":[{"embeddable":true,"href":"https:\/\/tiendaflex.ec\/en\/wp-json\/wp\/v2\/media\/22634"}],"wp:attachment":[{"href":"https:\/\/tiendaflex.ec\/en\/wp-json\/wp\/v2\/media?parent=22654"}],"wp:term":[{"taxonomy":"product_brand","embeddable":true,"href":"https:\/\/tiendaflex.ec\/en\/wp-json\/wp\/v2\/product_brand?post=22654"},{"taxonomy":"product_cat","embeddable":true,"href":"https:\/\/tiendaflex.ec\/en\/wp-json\/wp\/v2\/product_cat?post=22654"},{"taxonomy":"product_tag","embeddable":true,"href":"https:\/\/tiendaflex.ec\/en\/wp-json\/wp\/v2\/product_tag?post=22654"}],"curies":[{"name":"wp","href":"https:\/\/api.w.org\/{rel}","templated":true}]}}