{"id":22602,"date":"2025-08-27T20:16:52","date_gmt":"2025-08-28T01:16:52","guid":{"rendered":"https:\/\/tiendaflex.ec\/?post_type=product&#038;p=22602"},"modified":"2025-08-27T20:16:52","modified_gmt":"2025-08-28T01:16:52","slug":"juego-de-dados-9-piezas-1-2","status":"publish","type":"product","link":"https:\/\/tiendaflex.ec\/en\/product\/juego-de-dados-9-piezas-1-2\/","title":{"rendered":"JUEGO DE DADOS 9 PIEZAS 1\/2&#8243;\u00bb"},"content":{"rendered":"","protected":false},"excerpt":{"rendered":"<p>\u00a1Mayor torque y precisi\u00f3n para trabajos mec\u00e1nicos y de mantenimiento!<\/p>\n<p>\u2714\ufe0f Marca: STANLEY<br \/>\n\u2714\ufe0f Referencia: 89098<br \/>\n\u2714\ufe0f Tipo: Dados Torx con mando 1\/2&#8243;\u00bb<br \/>\n\u2714\ufe0f Cantidad de piezas: 9<br \/>\n\u2714\ufe0f Dados incluidos: T20, T25, T27, T30, T40, T45, T50, T55, T60<br \/>\n\u2714\ufe0f Material: Acero cromo vanadio, acabado en cromo resistente al \u00f3xido<br \/>\n\u2714\ufe0f Sistema: MaxiDrive\u2122 para mayor torque (15% m\u00e1s) y evita redondeo de tuercas<br \/>\n\u2714\ufe0f Cumple normas: ANSI, DIN e ISO<br \/>\n\u2714\ufe0f Estuche incluido: Para f\u00e1cil organizaci\u00f3n y transporte<\/p>\n<p>\ud83d\udcde Contacto: +593984123231<\/p>\n<p>\u00a1Trabajo m\u00e1s r\u00e1pido, seguro y con m\u00e1xima eficiencia con STANLEY!<\/p>","protected":false},"featured_media":22550,"comment_status":"open","ping_status":"closed","template":"","meta":{"_acf_changed":false},"product_brand":[],"product_cat":[544,706],"product_tag":[],"class_list":{"0":"post-22602","1":"product","2":"type-product","3":"status-publish","4":"has-post-thumbnail","6":"product_cat-agricultura-e-industria","7":"product_cat-dados-y-accesorios","9":"first","10":"instock","11":"sale","12":"taxable","13":"shipping-taxable","14":"purchasable","15":"product-type-simple"},"acf":[],"_links":{"self":[{"href":"https:\/\/tiendaflex.ec\/en\/wp-json\/wp\/v2\/product\/22602","targetHints":{"allow":["GET"]}}],"collection":[{"href":"https:\/\/tiendaflex.ec\/en\/wp-json\/wp\/v2\/product"}],"about":[{"href":"https:\/\/tiendaflex.ec\/en\/wp-json\/wp\/v2\/types\/product"}],"replies":[{"embeddable":true,"href":"https:\/\/tiendaflex.ec\/en\/wp-json\/wp\/v2\/comments?post=22602"}],"version-history":[{"count":1,"href":"https:\/\/tiendaflex.ec\/en\/wp-json\/wp\/v2\/product\/22602\/revisions"}],"predecessor-version":[{"id":22603,"href":"https:\/\/tiendaflex.ec\/en\/wp-json\/wp\/v2\/product\/22602\/revisions\/22603"}],"wp:featuredmedia":[{"embeddable":true,"href":"https:\/\/tiendaflex.ec\/en\/wp-json\/wp\/v2\/media\/22550"}],"wp:attachment":[{"href":"https:\/\/tiendaflex.ec\/en\/wp-json\/wp\/v2\/media?parent=22602"}],"wp:term":[{"taxonomy":"product_brand","embeddable":true,"href":"https:\/\/tiendaflex.ec\/en\/wp-json\/wp\/v2\/product_brand?post=22602"},{"taxonomy":"product_cat","embeddable":true,"href":"https:\/\/tiendaflex.ec\/en\/wp-json\/wp\/v2\/product_cat?post=22602"},{"taxonomy":"product_tag","embeddable":true,"href":"https:\/\/tiendaflex.ec\/en\/wp-json\/wp\/v2\/product_tag?post=22602"}],"curies":[{"name":"wp","href":"https:\/\/api.w.org\/{rel}","templated":true}]}}