{"id":22594,"date":"2025-08-27T20:09:57","date_gmt":"2025-08-28T01:09:57","guid":{"rendered":"https:\/\/tiendaflex.ec\/?post_type=product&#038;p=22594"},"modified":"2025-08-27T20:09:57","modified_gmt":"2025-08-28T01:09:57","slug":"stmt74080-juego-de-7-llaves","status":"publish","type":"product","link":"https:\/\/tiendaflex.ec\/en\/product\/stmt74080-juego-de-7-llaves\/","title":{"rendered":"STMT74080 &#8211;\u00a0JUEGO DE 7 LLAVES"},"content":{"rendered":"","protected":false},"excerpt":{"rendered":"<p>\u00a1Trabajo m\u00e1s r\u00e1pido y seguro con mayor torque! Ideal para mec\u00e1nica y mantenimiento industrial.<\/p>\n<p>\u2714\ufe0f Marca: STANLEY<br \/>\n\u2714\ufe0f Modelo: STMT74080<br \/>\n\u2714\ufe0f Tipo: Llaves combinadas con ratchet<br \/>\n\u2714\ufe0f Sistema: MaxiDrive\u2122 para mayor seguridad y evita redondeo de tuercas<br \/>\n\u2714\ufe0f Material: Acero cromo vanadio<br \/>\n\u2714\ufe0f Ventajas: Mayor brazo de palanca, soporta torque elevado sin romperse<br \/>\n\u2714\ufe0f Aplicaciones: Apretar y aflojar tornillos y tuercas hexagonales<br \/>\n\u2714\ufe0f Contenido del juego: 9, 10, 11, 12, 13, 14, 15 mm<\/p>\n<p>\ud83d\udcde Contacto: +593984123231<\/p>\n<p>\u00a1Maximiza tu eficiencia y protege tus herramientas con STANLEY!<\/p>","protected":false},"featured_media":22527,"comment_status":"open","ping_status":"closed","template":"","meta":{"_acf_changed":false},"product_brand":[],"product_cat":[544,706],"product_tag":[],"class_list":{"0":"post-22594","1":"product","2":"type-product","3":"status-publish","4":"has-post-thumbnail","6":"product_cat-agricultura-e-industria","7":"product_cat-dados-y-accesorios","9":"first","10":"instock","11":"sale","12":"taxable","13":"shipping-taxable","14":"purchasable","15":"product-type-simple"},"acf":[],"_links":{"self":[{"href":"https:\/\/tiendaflex.ec\/en\/wp-json\/wp\/v2\/product\/22594","targetHints":{"allow":["GET"]}}],"collection":[{"href":"https:\/\/tiendaflex.ec\/en\/wp-json\/wp\/v2\/product"}],"about":[{"href":"https:\/\/tiendaflex.ec\/en\/wp-json\/wp\/v2\/types\/product"}],"replies":[{"embeddable":true,"href":"https:\/\/tiendaflex.ec\/en\/wp-json\/wp\/v2\/comments?post=22594"}],"version-history":[{"count":1,"href":"https:\/\/tiendaflex.ec\/en\/wp-json\/wp\/v2\/product\/22594\/revisions"}],"predecessor-version":[{"id":22595,"href":"https:\/\/tiendaflex.ec\/en\/wp-json\/wp\/v2\/product\/22594\/revisions\/22595"}],"wp:featuredmedia":[{"embeddable":true,"href":"https:\/\/tiendaflex.ec\/en\/wp-json\/wp\/v2\/media\/22527"}],"wp:attachment":[{"href":"https:\/\/tiendaflex.ec\/en\/wp-json\/wp\/v2\/media?parent=22594"}],"wp:term":[{"taxonomy":"product_brand","embeddable":true,"href":"https:\/\/tiendaflex.ec\/en\/wp-json\/wp\/v2\/product_brand?post=22594"},{"taxonomy":"product_cat","embeddable":true,"href":"https:\/\/tiendaflex.ec\/en\/wp-json\/wp\/v2\/product_cat?post=22594"},{"taxonomy":"product_tag","embeddable":true,"href":"https:\/\/tiendaflex.ec\/en\/wp-json\/wp\/v2\/product_tag?post=22594"}],"curies":[{"name":"wp","href":"https:\/\/api.w.org\/{rel}","templated":true}]}}