{"id":22570,"date":"2025-08-27T19:49:53","date_gmt":"2025-08-28T00:49:53","guid":{"rendered":"https:\/\/tiendaflex.ec\/?post_type=product&#038;p=22570"},"modified":"2025-09-17T14:57:21","modified_gmt":"2025-09-17T19:57:21","slug":"dck2490d2-kit-taladro-atornillador","status":"publish","type":"product","link":"https:\/\/tiendaflex.ec\/en\/product\/dck2490d2-kit-taladro-atornillador\/","title":{"rendered":"DCK2490D2 &#8211; KIT TALADRO + ATORNILLADOR"},"content":{"rendered":"","protected":false},"excerpt":{"rendered":"<p>\u00a1Potencia y versatilidad en un solo combo! Ideal para trabajos de perforaci\u00f3n y atornillado en cualquier material.<\/p>\n<p>\u2714\ufe0f Fabricante: Dewalt<br \/>\n\u2714\ufe0f N\u00famero de parte: DCK2490D2-B3<br \/>\n\u2714\ufe0f Voltaje: 20V<br \/>\n\u2714\ufe0f Potencia m\u00e1xima: 2 Vatios<br \/>\n\u2714\ufe0f Par motor: 796 Lb-pie<br \/>\n\u2714\ufe0f Velocidad: 2000 RPM<br \/>\n\u2714\ufe0f Dise\u00f1o ergon\u00f3mico: Mandril met\u00e1lico de 1\/2&#8243;\u00bb y 17% m\u00e1s de torque<br \/>\n\u2714\ufe0f Transmisi\u00f3n de alta velocidad: 2 ajustes, funci\u00f3n de percusi\u00f3n e interruptor de velocidad variable<br \/>\n\u2714\ufe0f 3 velocidades, 3 posiciones y luz LED ajustable de 3 modos (hasta 70 l\u00famenes)<br \/>\n\u2714\ufe0f Incluye: 2 bater\u00edas 2Ah, cargador y bolsa de herramientas<br \/>\n\u2714\ufe0f Peso: 1,3 kg<br \/>\n\u2714\ufe0f Dimensiones: 38,1 x 18,9 x 24,6 cm<\/p>\n<p>\ud83d\udcde Contacto: +593984123231<\/p>\n<p>\u00a1Lleva tu trabajo al siguiente nivel con la potencia y comodidad del kit DEWALT!<\/p>","protected":false},"featured_media":22536,"comment_status":"open","ping_status":"closed","template":"","meta":{"_acf_changed":false},"product_brand":[],"product_cat":[544,586,558],"product_tag":[],"class_list":{"0":"post-22570","1":"product","2":"type-product","3":"status-publish","4":"has-post-thumbnail","6":"product_cat-agricultura-e-industria","7":"product_cat-combos","8":"product_cat-taladro","10":"first","11":"instock","12":"sale","13":"taxable","14":"shipping-taxable","15":"purchasable","16":"product-type-simple"},"acf":[],"_links":{"self":[{"href":"https:\/\/tiendaflex.ec\/en\/wp-json\/wp\/v2\/product\/22570","targetHints":{"allow":["GET"]}}],"collection":[{"href":"https:\/\/tiendaflex.ec\/en\/wp-json\/wp\/v2\/product"}],"about":[{"href":"https:\/\/tiendaflex.ec\/en\/wp-json\/wp\/v2\/types\/product"}],"replies":[{"embeddable":true,"href":"https:\/\/tiendaflex.ec\/en\/wp-json\/wp\/v2\/comments?post=22570"}],"version-history":[{"count":1,"href":"https:\/\/tiendaflex.ec\/en\/wp-json\/wp\/v2\/product\/22570\/revisions"}],"predecessor-version":[{"id":22571,"href":"https:\/\/tiendaflex.ec\/en\/wp-json\/wp\/v2\/product\/22570\/revisions\/22571"}],"wp:featuredmedia":[{"embeddable":true,"href":"https:\/\/tiendaflex.ec\/en\/wp-json\/wp\/v2\/media\/22536"}],"wp:attachment":[{"href":"https:\/\/tiendaflex.ec\/en\/wp-json\/wp\/v2\/media?parent=22570"}],"wp:term":[{"taxonomy":"product_brand","embeddable":true,"href":"https:\/\/tiendaflex.ec\/en\/wp-json\/wp\/v2\/product_brand?post=22570"},{"taxonomy":"product_cat","embeddable":true,"href":"https:\/\/tiendaflex.ec\/en\/wp-json\/wp\/v2\/product_cat?post=22570"},{"taxonomy":"product_tag","embeddable":true,"href":"https:\/\/tiendaflex.ec\/en\/wp-json\/wp\/v2\/product_tag?post=22570"}],"curies":[{"name":"wp","href":"https:\/\/api.w.org\/{rel}","templated":true}]}}