{"id":22560,"date":"2025-08-27T19:39:00","date_gmt":"2025-08-28T00:39:00","guid":{"rendered":"https:\/\/tiendaflex.ec\/?post_type=product&#038;p=22560"},"modified":"2025-08-27T19:39:01","modified_gmt":"2025-08-28T00:39:01","slug":"dwd024b3-taladro-1-2","status":"publish","type":"product","link":"https:\/\/tiendaflex.ec\/en\/product\/dwd024b3-taladro-1-2\/","title":{"rendered":"DWD024B3 &#8211; TALADRO 1\/2&#8243;"},"content":{"rendered":"","protected":false},"excerpt":{"rendered":"<p>\u00a1Haz tus trabajos de perforaci\u00f3n m\u00e1s r\u00e1pido y con precisi\u00f3n profesional! Ideal para anclajes en ladrillo, concreto y bloque.<\/p>\n<p>\u2714\ufe0f Marca: DEWALT<br \/>\n\u2714\ufe0f Potencia: 600W<br \/>\n\u2714\ufe0f Velocidad sin carga: 0 \u2013 3000 rpm<br \/>\n\u2714\ufe0f Impactos por minuto: 0 \u2013 50.000 gpm<br \/>\n\u2714\ufe0f Portabroca: 1\/2&#8243;\u00bb<br \/>\n\u2714\ufe0f Perfecto para trabajos de perforaci\u00f3n en hogar o taller<\/p>\n<p>\ud83d\udcde Contacto: +593984123231<\/p>\n<p>\u00a1No pierdas tiempo y consigue precisi\u00f3n profesional en cada perforaci\u00f3n!<\/p>","protected":false},"featured_media":22532,"comment_status":"open","ping_status":"closed","template":"","meta":{"_acf_changed":false},"product_brand":[],"product_cat":[544,558],"product_tag":[],"class_list":{"0":"post-22560","1":"product","2":"type-product","3":"status-publish","4":"has-post-thumbnail","6":"product_cat-agricultura-e-industria","7":"product_cat-taladro","9":"first","10":"instock","11":"sale","12":"taxable","13":"shipping-taxable","14":"purchasable","15":"product-type-simple"},"acf":[],"_links":{"self":[{"href":"https:\/\/tiendaflex.ec\/en\/wp-json\/wp\/v2\/product\/22560","targetHints":{"allow":["GET"]}}],"collection":[{"href":"https:\/\/tiendaflex.ec\/en\/wp-json\/wp\/v2\/product"}],"about":[{"href":"https:\/\/tiendaflex.ec\/en\/wp-json\/wp\/v2\/types\/product"}],"replies":[{"embeddable":true,"href":"https:\/\/tiendaflex.ec\/en\/wp-json\/wp\/v2\/comments?post=22560"}],"version-history":[{"count":1,"href":"https:\/\/tiendaflex.ec\/en\/wp-json\/wp\/v2\/product\/22560\/revisions"}],"predecessor-version":[{"id":22561,"href":"https:\/\/tiendaflex.ec\/en\/wp-json\/wp\/v2\/product\/22560\/revisions\/22561"}],"wp:featuredmedia":[{"embeddable":true,"href":"https:\/\/tiendaflex.ec\/en\/wp-json\/wp\/v2\/media\/22532"}],"wp:attachment":[{"href":"https:\/\/tiendaflex.ec\/en\/wp-json\/wp\/v2\/media?parent=22560"}],"wp:term":[{"taxonomy":"product_brand","embeddable":true,"href":"https:\/\/tiendaflex.ec\/en\/wp-json\/wp\/v2\/product_brand?post=22560"},{"taxonomy":"product_cat","embeddable":true,"href":"https:\/\/tiendaflex.ec\/en\/wp-json\/wp\/v2\/product_cat?post=22560"},{"taxonomy":"product_tag","embeddable":true,"href":"https:\/\/tiendaflex.ec\/en\/wp-json\/wp\/v2\/product_tag?post=22560"}],"curies":[{"name":"wp","href":"https:\/\/api.w.org\/{rel}","templated":true}]}}