{"id":22556,"date":"2025-08-27T19:35:52","date_gmt":"2025-08-28T00:35:52","guid":{"rendered":"https:\/\/tiendaflex.ec\/?post_type=product&#038;p=22556"},"modified":"2025-09-17T14:01:25","modified_gmt":"2025-09-17T19:01:25","slug":"tr150-engrapadora","status":"publish","type":"product","link":"https:\/\/tiendaflex.ec\/en\/product\/tr150-engrapadora\/","title":{"rendered":"TR150 &#8211; Engrapadora"},"content":{"rendered":"","protected":false},"excerpt":{"rendered":"<p>\u00a1Potencia, durabilidad y ligereza en una sola herramienta para tus proyectos de grapado! Ideal para trabajos de carpinter\u00eda, tapicer\u00eda y bricolaje pesado.<\/p>\n<ul>\n<li>Marca STANLEY<\/li>\n<\/ul>\n<p>\u2714\ufe0f Mecanismo anti-atascamiento: engrape r\u00e1pido y confiable<br \/>\n\u2714\ufe0f Palanca de f\u00e1cil uso: aplica fuerza m\u00ednima con m\u00e1ximo rendimiento<br \/>\n\u2714\ufe0f Cuerpo de aluminio: liviana y resistente para uso prolongado<br \/>\n\u2714\ufe0f Sistema de bloqueo de palanca: seguridad cuando no est\u00e1 en uso<br \/>\n\u2714\ufe0f Compatibilidad de grapas: serie TR700 de corona 29\/64&#8243;\u00bb<br \/>\n\u2714\ufe0f Indicador de recarga: f\u00e1cil control del consumo de grapas<br \/>\n\u2714\ufe0f Tipo de producto: pistola de grapa manual con gatillo Easy Squeeze<\/p>\n<p>\ud83d\udce6 Incluye:<br \/>\n\u2705 1 Engrapadora Sharpshooter\u00ae TR150<\/p>\n<p>\ud83d\udcde Contacto: +593984123231<\/p>\n<p>\u2728 \u00a1Engrapa de manera r\u00e1pida, segura y sin esfuerzo con la Sharpshooter\u00ae TR150!<\/p>","protected":false},"featured_media":22530,"comment_status":"open","ping_status":"closed","template":"","meta":{"_acf_changed":false},"product_brand":[],"product_cat":[544,582],"product_tag":[],"class_list":{"0":"post-22556","1":"product","2":"type-product","3":"status-publish","4":"has-post-thumbnail","6":"product_cat-agricultura-e-industria","7":"product_cat-grapadoras","9":"first","10":"instock","11":"sale","12":"taxable","13":"shipping-taxable","14":"purchasable","15":"product-type-simple"},"acf":[],"_links":{"self":[{"href":"https:\/\/tiendaflex.ec\/en\/wp-json\/wp\/v2\/product\/22556","targetHints":{"allow":["GET"]}}],"collection":[{"href":"https:\/\/tiendaflex.ec\/en\/wp-json\/wp\/v2\/product"}],"about":[{"href":"https:\/\/tiendaflex.ec\/en\/wp-json\/wp\/v2\/types\/product"}],"replies":[{"embeddable":true,"href":"https:\/\/tiendaflex.ec\/en\/wp-json\/wp\/v2\/comments?post=22556"}],"version-history":[{"count":3,"href":"https:\/\/tiendaflex.ec\/en\/wp-json\/wp\/v2\/product\/22556\/revisions"}],"predecessor-version":[{"id":23309,"href":"https:\/\/tiendaflex.ec\/en\/wp-json\/wp\/v2\/product\/22556\/revisions\/23309"}],"wp:featuredmedia":[{"embeddable":true,"href":"https:\/\/tiendaflex.ec\/en\/wp-json\/wp\/v2\/media\/22530"}],"wp:attachment":[{"href":"https:\/\/tiendaflex.ec\/en\/wp-json\/wp\/v2\/media?parent=22556"}],"wp:term":[{"taxonomy":"product_brand","embeddable":true,"href":"https:\/\/tiendaflex.ec\/en\/wp-json\/wp\/v2\/product_brand?post=22556"},{"taxonomy":"product_cat","embeddable":true,"href":"https:\/\/tiendaflex.ec\/en\/wp-json\/wp\/v2\/product_cat?post=22556"},{"taxonomy":"product_tag","embeddable":true,"href":"https:\/\/tiendaflex.ec\/en\/wp-json\/wp\/v2\/product_tag?post=22556"}],"curies":[{"name":"wp","href":"https:\/\/api.w.org\/{rel}","templated":true}]}}