{"id":22503,"date":"2025-08-26T21:29:27","date_gmt":"2025-08-27T02:29:27","guid":{"rendered":"https:\/\/tiendaflex.ec\/?post_type=product&#038;p=22503"},"modified":"2025-09-08T17:03:57","modified_gmt":"2025-09-08T22:03:57","slug":"caja-de-espuma-estructural-23","status":"publish","type":"product","link":"https:\/\/tiendaflex.ec\/en\/product\/caja-de-espuma-estructural-23\/","title":{"rendered":"Caja de Espuma Estructural \u2013 23&#8243;"},"content":{"rendered":"","protected":false},"excerpt":{"rendered":"<p>\u00a1Almacena tus herramientas y materiales de forma segura y organizada con la caja FatMax\u00ae! Dise\u00f1o resistente, funcional y a prueba de agua para m\u00e1xima protecci\u00f3n.<\/p>\n<ul>\n<li>Marca STANLEY<\/li>\n<\/ul>\n<p>\u2714\ufe0f Soluci\u00f3n de almacenamiento a prueba de agua (IP53 nominal)<br \/>\n\u2714\ufe0f Sellado contra agua: mantiene tus herramientas secas y seguras<br \/>\n\u2714\ufe0f Construcci\u00f3n de espuma de pl\u00e1stico estructural: m\u00e1xima resistencia<br \/>\n\u2714\ufe0f Capacidad extra grande: espacio suficiente para tus herramientas y accesorios<br \/>\n\u2714\ufe0f Ranura en V en la tapa: ideal para corte de madera y tuber\u00edas<br \/>\n\u2714\ufe0f Mango resistente con empu\u00f1adura suave: c\u00f3modo transporte<\/p>\n<p>\ud83d\udcde Contacto: +593984123231<\/p>\n<p>\u2728 \u00a1Protege y organiza tus herramientas con la durabilidad y calidad FatMax\u00ae!<\/p>","protected":false},"featured_media":22455,"comment_status":"open","ping_status":"closed","template":"","meta":{"_acf_changed":false},"product_brand":[],"product_cat":[544,705],"product_tag":[],"class_list":{"0":"post-22503","1":"product","2":"type-product","3":"status-publish","4":"has-post-thumbnail","6":"product_cat-agricultura-e-industria","7":"product_cat-cajas-y-mochilas","9":"first","10":"instock","11":"sale","12":"taxable","13":"shipping-taxable","14":"purchasable","15":"product-type-simple"},"acf":[],"_links":{"self":[{"href":"https:\/\/tiendaflex.ec\/en\/wp-json\/wp\/v2\/product\/22503","targetHints":{"allow":["GET"]}}],"collection":[{"href":"https:\/\/tiendaflex.ec\/en\/wp-json\/wp\/v2\/product"}],"about":[{"href":"https:\/\/tiendaflex.ec\/en\/wp-json\/wp\/v2\/types\/product"}],"replies":[{"embeddable":true,"href":"https:\/\/tiendaflex.ec\/en\/wp-json\/wp\/v2\/comments?post=22503"}],"version-history":[{"count":3,"href":"https:\/\/tiendaflex.ec\/en\/wp-json\/wp\/v2\/product\/22503\/revisions"}],"predecessor-version":[{"id":23300,"href":"https:\/\/tiendaflex.ec\/en\/wp-json\/wp\/v2\/product\/22503\/revisions\/23300"}],"wp:featuredmedia":[{"embeddable":true,"href":"https:\/\/tiendaflex.ec\/en\/wp-json\/wp\/v2\/media\/22455"}],"wp:attachment":[{"href":"https:\/\/tiendaflex.ec\/en\/wp-json\/wp\/v2\/media?parent=22503"}],"wp:term":[{"taxonomy":"product_brand","embeddable":true,"href":"https:\/\/tiendaflex.ec\/en\/wp-json\/wp\/v2\/product_brand?post=22503"},{"taxonomy":"product_cat","embeddable":true,"href":"https:\/\/tiendaflex.ec\/en\/wp-json\/wp\/v2\/product_cat?post=22503"},{"taxonomy":"product_tag","embeddable":true,"href":"https:\/\/tiendaflex.ec\/en\/wp-json\/wp\/v2\/product_tag?post=22503"}],"curies":[{"name":"wp","href":"https:\/\/api.w.org\/{rel}","templated":true}]}}