{"id":22491,"date":"2025-08-26T21:18:05","date_gmt":"2025-08-27T02:18:05","guid":{"rendered":"https:\/\/tiendaflex.ec\/?post_type=product&#038;p=22491"},"modified":"2025-09-08T21:14:15","modified_gmt":"2025-09-09T02:14:15","slug":"juego-de-herramientas-r99-150la-150-piezas","status":"publish","type":"product","link":"https:\/\/tiendaflex.ec\/en\/product\/juego-de-herramientas-r99-150la-150-piezas\/","title":{"rendered":"Juego de Herramientas R99-150LA \u2013 150 Piezas"},"content":{"rendered":"","protected":false},"excerpt":{"rendered":"<p>\u00a1Lleva tu taller a otro nivel con Stanley! Este set profesional de 150 piezas incluye todas las herramientas necesarias para mec\u00e1nica, reparaci\u00f3n y mantenimiento, en una caja resistente de alto impacto con 4 hebillas met\u00e1licas.<\/p>\n<p>\u2714\ufe0f Marca: STANLEY<\/p>\n<p>\u2714\ufe0f Sistema MaxiDrive\u2122 de puntas redondeadas: 15% m\u00e1s torque y evita el redondeo de las puntas de las tuercas<br \/>\n\u2714\ufe0f Fabricadas en acero Cromo Vanadio: m\u00e1xima durabilidad<br \/>\n\u2714\ufe0f Caja resistente de alto impacto: transporte seguro y almacenamiento ordenado<\/p>\n<p>\ud83d\udce6 Incluye 150 piezas:<\/p>\n<p>Dados\/Cubos Est\u00e1ndar:<br \/>\n\u2705 1\/4\u2033 (11 Piezas): 4\u201312 mm<br \/>\n\u2705 3\/8\u2033 (12 Piezas): 8\u201319 mm<br \/>\n\u2705 1\/2\u2033 (11 Piezas): 14\u201332 mm<\/p>\n<p>Dados\/Cubos Largos:<br \/>\n\u2705 1\/4\u2033 (9 Piezas): 4\u201312 mm<br \/>\n\u2705 3\/8\u2033 (10 Piezas): 8\u201319 mm<br \/>\n\u2705 1\/2\u2033 (9 Piezas): 12\u201322 mm<\/p>\n<p>Dados de Impacto 1\/2\u2033 (4 Piezas): 17, 19, 21 &amp; 23 mm<\/p>\n<p>Ratchets cabeza de pera con desconector r\u00e1pido:<br \/>\n\u2705 1\/4\u2033, 3\/8\u2033 y 1\/2\u2033<\/p>\n<p>Puntas y destornilladores:<br \/>\n\u2705 1 Destornillador para puntas 1\/4\u2033<br \/>\n\u2705 Dados punta Torx: 1\/4\u2033 (7 Piezas) y 3\/8\u2033 (8 Piezas)<br \/>\n\u2705 Dados punta Torx de seguridad: 1\/4\u2033 (7 Piezas) y 3\/8\u2033 (6 Piezas)<\/p>\n<p>Extensiones y adaptadores:<br \/>\n\u2705 Extensiones 1\/4\u2033, 3\/8\u2033 y 1\/2\u2033<br \/>\n\u2705 2 Adaptadores para puntas: 1\/4\u2033 y 3\/8\u2033<br \/>\n\u2705 3 Juntas Universales: 1\/4\u2033, 3\/8\u2033 y 1\/2\u2033<br \/>\n\u2705 Dados para buj\u00edas 3\/8\u2033: 16 &amp; 21 mm<br \/>\n\u2705 Adaptadores adicionales: 3\/8\u2033H a 1\/4\u2033M, 3\/8\u2033H a 1\/2\u2033M, 1\/2\u2033H a 3\/8\u2033M<\/p>\n<p>Llaves y alicates:<br \/>\n\u2705 10 Llaves combinadas cromo pulido: 8\u201319 mm<br \/>\n\u2705 3 Llaves combinadas tipo ratchet: 12\u201314 mm<br \/>\n\u2705 9 Llaves hexagonales largas m\u00e9tricas: 1.5\u201310 mm<br \/>\n\u2705 Alicate combinaci\u00f3n 8\u2033<br \/>\n\u2705 Alicate punta larga 6\u2033<\/p>\n<p>Destornilladores y puntas adicionales:<br \/>\n\u2705 4 Destornilladores: Punta plana y Phillips<br \/>\n\u2705 8 Puntas: Planas 3\u20136 mm<\/p>\n<p>\ud83d\udcde Contacto: +593984123231<\/p>\n<p>\u2728 \u00a1Con este set Stanley Racing de 150 piezas tendr\u00e1s todas las herramientas para trabajar con precisi\u00f3n, seguridad y eficiencia profesional!<\/p>","protected":false},"featured_media":22469,"comment_status":"open","ping_status":"closed","template":"","meta":{"_acf_changed":false},"product_brand":[],"product_cat":[544,706],"product_tag":[],"class_list":{"0":"post-22491","1":"product","2":"type-product","3":"status-publish","4":"has-post-thumbnail","6":"product_cat-agricultura-e-industria","7":"product_cat-dados-y-accesorios","9":"first","10":"instock","11":"sale","12":"taxable","13":"shipping-taxable","14":"purchasable","15":"product-type-simple"},"acf":[],"_links":{"self":[{"href":"https:\/\/tiendaflex.ec\/en\/wp-json\/wp\/v2\/product\/22491","targetHints":{"allow":["GET"]}}],"collection":[{"href":"https:\/\/tiendaflex.ec\/en\/wp-json\/wp\/v2\/product"}],"about":[{"href":"https:\/\/tiendaflex.ec\/en\/wp-json\/wp\/v2\/types\/product"}],"replies":[{"embeddable":true,"href":"https:\/\/tiendaflex.ec\/en\/wp-json\/wp\/v2\/comments?post=22491"}],"version-history":[{"count":2,"href":"https:\/\/tiendaflex.ec\/en\/wp-json\/wp\/v2\/product\/22491\/revisions"}],"predecessor-version":[{"id":23384,"href":"https:\/\/tiendaflex.ec\/en\/wp-json\/wp\/v2\/product\/22491\/revisions\/23384"}],"wp:featuredmedia":[{"embeddable":true,"href":"https:\/\/tiendaflex.ec\/en\/wp-json\/wp\/v2\/media\/22469"}],"wp:attachment":[{"href":"https:\/\/tiendaflex.ec\/en\/wp-json\/wp\/v2\/media?parent=22491"}],"wp:term":[{"taxonomy":"product_brand","embeddable":true,"href":"https:\/\/tiendaflex.ec\/en\/wp-json\/wp\/v2\/product_brand?post=22491"},{"taxonomy":"product_cat","embeddable":true,"href":"https:\/\/tiendaflex.ec\/en\/wp-json\/wp\/v2\/product_cat?post=22491"},{"taxonomy":"product_tag","embeddable":true,"href":"https:\/\/tiendaflex.ec\/en\/wp-json\/wp\/v2\/product_tag?post=22491"}],"curies":[{"name":"wp","href":"https:\/\/api.w.org\/{rel}","templated":true}]}}