{"id":22485,"date":"2025-08-26T21:13:07","date_gmt":"2025-08-27T02:13:07","guid":{"rendered":"https:\/\/tiendaflex.ec\/?post_type=product&#038;p=22485"},"modified":"2025-09-08T21:15:41","modified_gmt":"2025-09-09T02:15:41","slug":"juego-de-dados-143-piezas","status":"publish","type":"product","link":"https:\/\/tiendaflex.ec\/en\/product\/juego-de-dados-143-piezas\/","title":{"rendered":"Juego de Dados \u2013 143 Piezas"},"content":{"rendered":"","protected":false},"excerpt":{"rendered":"<p>\u00a1Completa tu taller con el set mec\u00e1nico Stanley de 143 piezas! Dise\u00f1ado para ofrecer durabilidad, precisi\u00f3n y eficiencia, este set incluye todo lo necesario para trabajos de mec\u00e1nica y reparaci\u00f3n profesional.<\/p>\n<p>\u2714\ufe0f Marca: STANLEY<\/p>\n<p>\u2714\ufe0f Fabricado en acero cromo vanadio<br \/>\n\u2714\ufe0f Acabado en cromo negro: mayor resistencia al \u00f3xido<br \/>\n\u2714\ufe0f Estuche pl\u00e1stico incluido: transporte y almacenamiento f\u00e1cil<br \/>\n\u2714\ufe0f Medidas grabadas con l\u00e1ser: f\u00e1ciles de leer<br \/>\n\u2714\ufe0f Ratchet con bot\u00f3n de liberaci\u00f3n r\u00e1pida<br \/>\n\u2714\ufe0f Dados con sistema Maxi-Drive\u2122: esfuerzo aplicado en las caras de las copas, evitando que las esquinas se barran<\/p>\n<p>\ud83d\udce6 Incluye 143 piezas:<\/p>\n<p>Copas Ra\u00edz 1\/4\u2033<br \/>\n\u2705 3\/16, 7\/32, 1\/4, 9\/32, 5\/16, 11\/32, 3\/8, 7\/16 pulgadas<br \/>\n\u2705 4\u201312 mm<br \/>\nCopas Largos Ra\u00edz 1\/4\u2033<br \/>\n\u2705 1\/4\u20137\/16\u2033<br \/>\n\u2705 7\u201312 mm<br \/>\n\u2705 1 Mango para copas 1\/4\u2033<br \/>\n\u2705 1 Extensi\u00f3n 3\u2033<br \/>\n\u2705 1 Adaptador 1\/4\u2033<\/p>\n<p>Copas Ra\u00edz 3\/8\u2033<br \/>\n\u2705 1\/4\u201313\/16\u2033<br \/>\n\u2705 9\u201318 mm<br \/>\nCopas Largos Ra\u00edz 3\/8\u2033<br \/>\n\u2705 3\/8\u201311\/16\u2033<br \/>\n\u2705 10\u201317 mm<br \/>\n\u2705 Copas para buj\u00edas: 5\/8 y 13\/16\u2033<br \/>\n\u2705 1 Extensi\u00f3n 6\u2033<\/p>\n<p>Copas Ra\u00edz 1\/2\u2033<br \/>\n\u2705 7\/16\u20135\/8\u2033<br \/>\n\u2705 11\u201318 mm<\/p>\n<p>Ratchets cabeza de pera con desconector r\u00e1pido:<br \/>\n\u2705 1\/4, 3\/8 y 1\/2<\/p>\n<p>Llaves y puntas:<br \/>\n\u2705 28 Llaves hexagonales<br \/>\n\u2705 30 Puntas: 10 planas, 10 Philips, 10 hexagonales<\/p>\n<p>\ud83d\udcde Contacto: +593984123231<\/p>\n<p>\u2728 \u00a1Este set Stanley de 143 piezas te ofrece precisi\u00f3n, durabilidad y todo lo que necesitas para trabajar como un profesional!<\/p>","protected":false},"featured_media":22466,"comment_status":"open","ping_status":"closed","template":"","meta":{"_acf_changed":false},"product_brand":[],"product_cat":[544,706],"product_tag":[],"class_list":{"0":"post-22485","1":"product","2":"type-product","3":"status-publish","4":"has-post-thumbnail","6":"product_cat-agricultura-e-industria","7":"product_cat-dados-y-accesorios","9":"first","10":"instock","11":"sale","12":"taxable","13":"shipping-taxable","14":"purchasable","15":"product-type-simple"},"acf":[],"_links":{"self":[{"href":"https:\/\/tiendaflex.ec\/en\/wp-json\/wp\/v2\/product\/22485","targetHints":{"allow":["GET"]}}],"collection":[{"href":"https:\/\/tiendaflex.ec\/en\/wp-json\/wp\/v2\/product"}],"about":[{"href":"https:\/\/tiendaflex.ec\/en\/wp-json\/wp\/v2\/types\/product"}],"replies":[{"embeddable":true,"href":"https:\/\/tiendaflex.ec\/en\/wp-json\/wp\/v2\/comments?post=22485"}],"version-history":[{"count":2,"href":"https:\/\/tiendaflex.ec\/en\/wp-json\/wp\/v2\/product\/22485\/revisions"}],"predecessor-version":[{"id":23387,"href":"https:\/\/tiendaflex.ec\/en\/wp-json\/wp\/v2\/product\/22485\/revisions\/23387"}],"wp:featuredmedia":[{"embeddable":true,"href":"https:\/\/tiendaflex.ec\/en\/wp-json\/wp\/v2\/media\/22466"}],"wp:attachment":[{"href":"https:\/\/tiendaflex.ec\/en\/wp-json\/wp\/v2\/media?parent=22485"}],"wp:term":[{"taxonomy":"product_brand","embeddable":true,"href":"https:\/\/tiendaflex.ec\/en\/wp-json\/wp\/v2\/product_brand?post=22485"},{"taxonomy":"product_cat","embeddable":true,"href":"https:\/\/tiendaflex.ec\/en\/wp-json\/wp\/v2\/product_cat?post=22485"},{"taxonomy":"product_tag","embeddable":true,"href":"https:\/\/tiendaflex.ec\/en\/wp-json\/wp\/v2\/product_tag?post=22485"}],"curies":[{"name":"wp","href":"https:\/\/api.w.org\/{rel}","templated":true}]}}