{"id":22483,"date":"2025-08-26T21:11:33","date_gmt":"2025-08-27T02:11:33","guid":{"rendered":"https:\/\/tiendaflex.ec\/?post_type=product&#038;p=22483"},"modified":"2025-09-08T21:15:51","modified_gmt":"2025-09-09T02:15:51","slug":"juego-de-dados-164-piezas","status":"publish","type":"product","link":"https:\/\/tiendaflex.ec\/en\/product\/juego-de-dados-164-piezas\/","title":{"rendered":"Juego de Dados \u2013 164 Piezas"},"content":{"rendered":"","protected":false},"excerpt":{"rendered":"<p>\u00a1Lleva tu taller al m\u00e1ximo nivel con Stanley! Este completo set de 164 piezas est\u00e1 dise\u00f1ado para ofrecer durabilidad, precisi\u00f3n y un agarre superior en todas tus tareas de mec\u00e1nica, reparaci\u00f3n y mantenimiento profesional.<\/p>\n<p>\u2714\ufe0f Marca: STANLEY<\/p>\n<p>\u2714\ufe0f Fabricado en acero Cromo Vanadio<br \/>\n\u2714\ufe0f Acabado en Cromo Negro: mayor resistencia al \u00f3xido<br \/>\n\u2714\ufe0f Medidas grabadas con l\u00e1ser: f\u00e1ciles de leer<br \/>\n\u2714\ufe0f Estuche pl\u00e1stico incluido: transporte y almacenamiento sencillo<\/p>\n<p>\ud83d\udce6 Incluye 164 piezas:<\/p>\n<p>Dados:<br \/>\n\u2705 Mando 1\/4\u2033 (9 Piezas): 3\/16, 7\/32, 1\/4, 9\/32, 5\/16, 11\/32, 3\/8, 7\/16 &amp; 1\/2\u2033<br \/>\n\u2705 Mando 1\/4\u2033 (10 Piezas): 4\u201313 mm<br \/>\n\u2705 Mando 3\/8\u2033 (10 Piezas): 1\/4\u201313\/16\u2033<br \/>\n\u2705 Mando 3\/8\u2033 (10 Piezas): 9\u201318 mm<br \/>\n\u2705 Mando 1\/2\u2033 (7 Piezas): 7\/16\u201313\/16\u2033<br \/>\n\u2705 Mando 1\/2\u2033 (10 Piezas): 11\u201321 mm<\/p>\n<p>Dados Largos:<br \/>\n\u2705 Mando 1\/4\u2033 (7 Piezas): 1\/4\u20131\/2\u2033<br \/>\n\u2705 Mando 1\/4\u2033 (7 Piezas): 7\u201313 mm<br \/>\n\u2705 Mando 3\/8\u2033 (6 Piezas): 3\/8\u201311\/16\u2033<br \/>\n\u2705 Mando 3\/8\u2033 (8 Piezas): 10\u201317 mm<\/p>\n<p>Dados con punta Torx:<br \/>\n\u2705 Mando 1\/4\u2033 (6 Piezas): T8\u2013T27<br \/>\n\u2705 Mando 3\/8\u2033 (7 Piezas): T25\u2013T55<\/p>\n<p>Ratchet cabeza de pera con desconector r\u00e1pido:<br \/>\n\u2705 1\/4\u2033, 3\/8\u2033 y 1\/2\u2033<\/p>\n<p>Puntas atornilladoras:<br \/>\n\u2705 10 Planos, 10 Philips\/Estrella, 10 Hexagonales<br \/>\n\u2705 1 Mango para dados 1\/4\u2033<br \/>\n\u2705 Extensiones: 1\/4\u2033 x 3\u2033 y 3\/8\u2033 x 6\u2033<br \/>\n\u2705 Adaptador 1\/4\u2033<br \/>\n\u2705 Dados para buj\u00edas: 5\/8\u2033 y 13\/16\u2033<br \/>\n\u2705 28 Llaves hexagonales<\/p>\n<p>\ud83d\udcde Contacto: +593984123231<\/p>\n<p>\u2728 \u00a1Con este set Stanley de 164 piezas tendr\u00e1s todas las herramientas que necesitas para trabajar con precisi\u00f3n y eficiencia!<\/p>","protected":false},"featured_media":22465,"comment_status":"open","ping_status":"closed","template":"","meta":{"_acf_changed":false},"product_brand":[],"product_cat":[544,706],"product_tag":[],"class_list":{"0":"post-22483","1":"product","2":"type-product","3":"status-publish","4":"has-post-thumbnail","6":"product_cat-agricultura-e-industria","7":"product_cat-dados-y-accesorios","9":"first","10":"instock","11":"sale","12":"taxable","13":"shipping-taxable","14":"purchasable","15":"product-type-simple"},"acf":[],"_links":{"self":[{"href":"https:\/\/tiendaflex.ec\/en\/wp-json\/wp\/v2\/product\/22483","targetHints":{"allow":["GET"]}}],"collection":[{"href":"https:\/\/tiendaflex.ec\/en\/wp-json\/wp\/v2\/product"}],"about":[{"href":"https:\/\/tiendaflex.ec\/en\/wp-json\/wp\/v2\/types\/product"}],"replies":[{"embeddable":true,"href":"https:\/\/tiendaflex.ec\/en\/wp-json\/wp\/v2\/comments?post=22483"}],"version-history":[{"count":2,"href":"https:\/\/tiendaflex.ec\/en\/wp-json\/wp\/v2\/product\/22483\/revisions"}],"predecessor-version":[{"id":23388,"href":"https:\/\/tiendaflex.ec\/en\/wp-json\/wp\/v2\/product\/22483\/revisions\/23388"}],"wp:featuredmedia":[{"embeddable":true,"href":"https:\/\/tiendaflex.ec\/en\/wp-json\/wp\/v2\/media\/22465"}],"wp:attachment":[{"href":"https:\/\/tiendaflex.ec\/en\/wp-json\/wp\/v2\/media?parent=22483"}],"wp:term":[{"taxonomy":"product_brand","embeddable":true,"href":"https:\/\/tiendaflex.ec\/en\/wp-json\/wp\/v2\/product_brand?post=22483"},{"taxonomy":"product_cat","embeddable":true,"href":"https:\/\/tiendaflex.ec\/en\/wp-json\/wp\/v2\/product_cat?post=22483"},{"taxonomy":"product_tag","embeddable":true,"href":"https:\/\/tiendaflex.ec\/en\/wp-json\/wp\/v2\/product_tag?post=22483"}],"curies":[{"name":"wp","href":"https:\/\/api.w.org\/{rel}","templated":true}]}}