{"id":22481,"date":"2025-08-26T21:09:39","date_gmt":"2025-08-27T02:09:39","guid":{"rendered":"https:\/\/tiendaflex.ec\/?post_type=product&#038;p=22481"},"modified":"2025-09-08T21:15:56","modified_gmt":"2025-09-09T02:15:56","slug":"juego-de-dados-y-llaves-145-piezas","status":"publish","type":"product","link":"https:\/\/tiendaflex.ec\/en\/product\/juego-de-dados-y-llaves-145-piezas\/","title":{"rendered":"\u00a0Juego de Dados y Llaves 145 Piezas"},"content":{"rendered":"","protected":false},"excerpt":{"rendered":"<p>\u00a1Lleva tu taller al siguiente nivel con Stanley! Este completo set de 145 piezas est\u00e1 dise\u00f1ado para ofrecer resistencia, precisi\u00f3n y un agarre superior en todas tus tareas de mec\u00e1nica y reparaci\u00f3n.<\/p>\n<p>\u2714\ufe0f Marca: STANLEY<\/p>\n<p>\u2714\ufe0f Fabricados en acero cromo vanadio<br \/>\n\u2714\ufe0f Acabado en cromo para resistencia excepcional al \u00f3xido<br \/>\n\u2714\ufe0f Sistema de agarre Maxi Driver: superficie redondeada que permite un torque 15% mayor y evita el redondeo de tuercas<br \/>\n\u2714\ufe0f Cumple est\u00e1ndares internacionales ANSI, DIN e ISO<\/p>\n<p>\ud83d\udce6 Incluye 145 piezas:<br \/>\n\u2705 Dados y llaves de diferentes medidas para todas tus necesidades mec\u00e1nicas<br \/>\n\u2705 Accesorios adicionales para facilitar el trabajo<br \/>\n\u2705 Estuche de almacenamiento para orden y transporte<\/p>\n<p>\ud83d\udcde Contacto: +593984123231<\/p>\n<p>\u2728 \u00a1Consigue este juego de Stanley y trabaja con la precisi\u00f3n y durabilidad que solo Stanley ofrece!<\/p>","protected":false},"featured_media":22464,"comment_status":"open","ping_status":"closed","template":"","meta":{"_acf_changed":false},"product_brand":[],"product_cat":[544,706],"product_tag":[],"class_list":{"0":"post-22481","1":"product","2":"type-product","3":"status-publish","4":"has-post-thumbnail","6":"product_cat-agricultura-e-industria","7":"product_cat-dados-y-accesorios","9":"first","10":"instock","11":"sale","12":"taxable","13":"shipping-taxable","14":"purchasable","15":"product-type-simple"},"acf":[],"_links":{"self":[{"href":"https:\/\/tiendaflex.ec\/en\/wp-json\/wp\/v2\/product\/22481","targetHints":{"allow":["GET"]}}],"collection":[{"href":"https:\/\/tiendaflex.ec\/en\/wp-json\/wp\/v2\/product"}],"about":[{"href":"https:\/\/tiendaflex.ec\/en\/wp-json\/wp\/v2\/types\/product"}],"replies":[{"embeddable":true,"href":"https:\/\/tiendaflex.ec\/en\/wp-json\/wp\/v2\/comments?post=22481"}],"version-history":[{"count":2,"href":"https:\/\/tiendaflex.ec\/en\/wp-json\/wp\/v2\/product\/22481\/revisions"}],"predecessor-version":[{"id":23389,"href":"https:\/\/tiendaflex.ec\/en\/wp-json\/wp\/v2\/product\/22481\/revisions\/23389"}],"wp:featuredmedia":[{"embeddable":true,"href":"https:\/\/tiendaflex.ec\/en\/wp-json\/wp\/v2\/media\/22464"}],"wp:attachment":[{"href":"https:\/\/tiendaflex.ec\/en\/wp-json\/wp\/v2\/media?parent=22481"}],"wp:term":[{"taxonomy":"product_brand","embeddable":true,"href":"https:\/\/tiendaflex.ec\/en\/wp-json\/wp\/v2\/product_brand?post=22481"},{"taxonomy":"product_cat","embeddable":true,"href":"https:\/\/tiendaflex.ec\/en\/wp-json\/wp\/v2\/product_cat?post=22481"},{"taxonomy":"product_tag","embeddable":true,"href":"https:\/\/tiendaflex.ec\/en\/wp-json\/wp\/v2\/product_tag?post=22481"}],"curies":[{"name":"wp","href":"https:\/\/api.w.org\/{rel}","templated":true}]}}