{"id":22447,"date":"2025-08-22T22:22:36","date_gmt":"2025-08-23T03:22:36","guid":{"rendered":"https:\/\/tiendaflex.ec\/?post_type=product&#038;p=22447"},"modified":"2025-09-08T21:19:34","modified_gmt":"2025-09-09T02:19:34","slug":"86-504-juego-de-dados","status":"publish","type":"product","link":"https:\/\/tiendaflex.ec\/en\/product\/86-504-juego-de-dados\/","title":{"rendered":"86-504 &#8211; JUEGO DE DADOS"},"content":{"rendered":"","protected":false},"excerpt":{"rendered":"<p>Precisi\u00f3n, durabilidad y seguridad en cada proyecto mec\u00e1nico e industrial. Ideal para profesionales que buscan rendimiento confiable y protecci\u00f3n para sus herramientas.<\/p>\n<p>\u2714\ufe0f Marca: STANLEY<\/p>\n<p>\u2714\ufe0f Fabricados en acero cromo vanadio \u2013 m\u00e1xima resistencia y durabilidad.<br \/>\n\u2714\ufe0f Sistema MaxiDrive\u2122 \u2013 15% m\u00e1s torque y evita el redondeo de las puntas de las tuercas, exclusivo de Stanley.<br \/>\n\u2714\ufe0f Cumple normas ANSI y DIN \u2013 calidad certificada para uso profesional.<br \/>\n\u2714\ufe0f Acabado cromado \u2013 resistencia excepcional al \u00f3xido.<br \/>\n\u2714\ufe0f Estuche incluido \u2013 organiza y transporta todas las piezas con facilidad.<\/p>\n<p>\ud83d\udce6 Incluye:<\/p>\n<ul>\n<li>1 Ratchet cabeza redonda 1\/2&#8243;\u00bb x 10&#8243;\u00bb Largo<\/li>\n<li>1 Mango articulado<\/li>\n<li>1 Barra \u201cT\u201d antideslizante<\/li>\n<li>1 Mango berbiqu\u00ed<\/li>\n<li>1 Extensi\u00f3n 5&#8243;\u00bb<\/li>\n<li>1 Extensi\u00f3n 10&#8243;\u00bb<\/li>\n<li>1 Junta universal<\/li>\n<li>21 Dados\/cubos: 10, 11, 12, 13, 14, 15, 16, 17, 18, 19, 20, 21, 22, 23, 24, 25, 26, 27, 28, 30, 32 mm<\/li>\n<li>1 Caja de almacenaje<\/li>\n<\/ul>\n<p>\ud83d\udcde Cont\u00e1ctanos: +593984123231<\/p>\n<p>\u2728 Rendimiento y precisi\u00f3n garantizados para cada proyecto, solo con Stanley.<\/p>","protected":false},"featured_media":22371,"comment_status":"open","ping_status":"closed","template":"","meta":{"_acf_changed":false},"product_brand":[],"product_cat":[544,706],"product_tag":[],"class_list":{"0":"post-22447","1":"product","2":"type-product","3":"status-publish","4":"has-post-thumbnail","6":"product_cat-agricultura-e-industria","7":"product_cat-dados-y-accesorios","9":"first","10":"instock","11":"sale","12":"taxable","13":"shipping-taxable","14":"purchasable","15":"product-type-simple"},"acf":[],"_links":{"self":[{"href":"https:\/\/tiendaflex.ec\/en\/wp-json\/wp\/v2\/product\/22447","targetHints":{"allow":["GET"]}}],"collection":[{"href":"https:\/\/tiendaflex.ec\/en\/wp-json\/wp\/v2\/product"}],"about":[{"href":"https:\/\/tiendaflex.ec\/en\/wp-json\/wp\/v2\/types\/product"}],"replies":[{"embeddable":true,"href":"https:\/\/tiendaflex.ec\/en\/wp-json\/wp\/v2\/comments?post=22447"}],"version-history":[{"count":3,"href":"https:\/\/tiendaflex.ec\/en\/wp-json\/wp\/v2\/product\/22447\/revisions"}],"predecessor-version":[{"id":23394,"href":"https:\/\/tiendaflex.ec\/en\/wp-json\/wp\/v2\/product\/22447\/revisions\/23394"}],"wp:featuredmedia":[{"embeddable":true,"href":"https:\/\/tiendaflex.ec\/en\/wp-json\/wp\/v2\/media\/22371"}],"wp:attachment":[{"href":"https:\/\/tiendaflex.ec\/en\/wp-json\/wp\/v2\/media?parent=22447"}],"wp:term":[{"taxonomy":"product_brand","embeddable":true,"href":"https:\/\/tiendaflex.ec\/en\/wp-json\/wp\/v2\/product_brand?post=22447"},{"taxonomy":"product_cat","embeddable":true,"href":"https:\/\/tiendaflex.ec\/en\/wp-json\/wp\/v2\/product_cat?post=22447"},{"taxonomy":"product_tag","embeddable":true,"href":"https:\/\/tiendaflex.ec\/en\/wp-json\/wp\/v2\/product_tag?post=22447"}],"curies":[{"name":"wp","href":"https:\/\/api.w.org\/{rel}","templated":true}]}}