{"id":22420,"date":"2025-08-22T21:54:03","date_gmt":"2025-08-23T02:54:03","guid":{"rendered":"https:\/\/tiendaflex.ec\/?post_type=product&#038;p=22420"},"modified":"2025-09-08T16:30:07","modified_gmt":"2025-09-08T21:30:07","slug":"sc125-b3-cargador-20v-125a","status":"publish","type":"product","link":"https:\/\/tiendaflex.ec\/en\/product\/sc125-b3-cargador-20v-125a\/","title":{"rendered":"SC125-B3 &#8211; CARGADOR \u2013 20V 1,25A"},"content":{"rendered":"","protected":false},"excerpt":{"rendered":"<p>Mant\u00e9n tus herramientas Stanley\u00ae siempre listas con energ\u00eda confiable y carga r\u00e1pida. Compatible con todas las nuevas bater\u00edas de 20V del sistema V20.<\/p>\n<ul>\n<li>Marca STANLEY<\/li>\n<\/ul>\n<p>\u2714\ufe0f Corriente de carga m\u00e1xima: 1,25A \u2013 carga eficiente y segura.<br \/>\n\u2714\ufe0f Compatible con bater\u00edas SB201 1,5Ah, SB202 2Ah, SB204 4Ah y SB206 6Ah \u2013 versatilidad total.<br \/>\n\u2714\ufe0f Dise\u00f1o confiable \u2013 para un d\u00eda completo de trabajo sin interrupciones.<br \/>\n\u2714\ufe0f Sistema V20 \u2013 la potencia que necesitas para todos tus proyectos.<\/p>\n<p>\ud83d\udce6 Incluye:<br \/>\n(1) Cargador Stanley\u00ae SC125-B3<\/p>\n<p>\ud83d\udcde Cont\u00e1ctanos: +593984123231<\/p>\n<p>\u2728 Conf\u00eda en Stanley\u00ae para mantener tus herramientas siempre listas y a m\u00e1xima potencia.<\/p>","protected":false},"featured_media":22375,"comment_status":"open","ping_status":"closed","template":"","meta":{"_acf_changed":false},"product_brand":[],"product_cat":[544,622],"product_tag":[],"class_list":{"0":"post-22420","1":"product","2":"type-product","3":"status-publish","4":"has-post-thumbnail","6":"product_cat-agricultura-e-industria","7":"product_cat-baterias","9":"first","10":"instock","11":"sale","12":"taxable","13":"shipping-taxable","14":"purchasable","15":"product-type-simple"},"acf":[],"_links":{"self":[{"href":"https:\/\/tiendaflex.ec\/en\/wp-json\/wp\/v2\/product\/22420","targetHints":{"allow":["GET"]}}],"collection":[{"href":"https:\/\/tiendaflex.ec\/en\/wp-json\/wp\/v2\/product"}],"about":[{"href":"https:\/\/tiendaflex.ec\/en\/wp-json\/wp\/v2\/types\/product"}],"replies":[{"embeddable":true,"href":"https:\/\/tiendaflex.ec\/en\/wp-json\/wp\/v2\/comments?post=22420"}],"version-history":[{"count":2,"href":"https:\/\/tiendaflex.ec\/en\/wp-json\/wp\/v2\/product\/22420\/revisions"}],"predecessor-version":[{"id":23265,"href":"https:\/\/tiendaflex.ec\/en\/wp-json\/wp\/v2\/product\/22420\/revisions\/23265"}],"wp:featuredmedia":[{"embeddable":true,"href":"https:\/\/tiendaflex.ec\/en\/wp-json\/wp\/v2\/media\/22375"}],"wp:attachment":[{"href":"https:\/\/tiendaflex.ec\/en\/wp-json\/wp\/v2\/media?parent=22420"}],"wp:term":[{"taxonomy":"product_brand","embeddable":true,"href":"https:\/\/tiendaflex.ec\/en\/wp-json\/wp\/v2\/product_brand?post=22420"},{"taxonomy":"product_cat","embeddable":true,"href":"https:\/\/tiendaflex.ec\/en\/wp-json\/wp\/v2\/product_cat?post=22420"},{"taxonomy":"product_tag","embeddable":true,"href":"https:\/\/tiendaflex.ec\/en\/wp-json\/wp\/v2\/product_tag?post=22420"}],"curies":[{"name":"wp","href":"https:\/\/api.w.org\/{rel}","templated":true}]}}