{"id":22405,"date":"2025-08-22T21:40:25","date_gmt":"2025-08-23T02:40:25","guid":{"rendered":"https:\/\/tiendaflex.ec\/?post_type=product&#038;p=22405"},"modified":"2025-09-09T22:23:15","modified_gmt":"2025-09-10T03:23:15","slug":"cs1004-sierra-7-1-4-1400w","status":"publish","type":"product","link":"https:\/\/tiendaflex.ec\/en\/product\/cs1004-sierra-7-1-4-1400w\/","title":{"rendered":"CS1004 &#8211;\u00a0SIERRA \u2013 7-1\/4\u201d 1400W"},"content":{"rendered":"","protected":false},"excerpt":{"rendered":"<p>Potencia y precisi\u00f3n en cada corte. Ideal para trabajos de carpinter\u00eda y bricolaje, brindando resultados r\u00e1pidos y profesionales.<\/p>\n<ul>\n<li>Marca: BLACK+DECKER<\/li>\n<\/ul>\n<p>\u2714\ufe0f Motor de 1400W \u2013 rendimiento \u00f3ptimo para cortes exigentes.<br \/>\n\u2714\ufe0f Disco de 7-1\/4\u201d \u2013 cortes precisos y eficientes en madera y otros materiales.<br \/>\n\u2714\ufe0f Dise\u00f1o ergon\u00f3mico \u2013 c\u00f3modo y f\u00e1cil de manejar durante largas jornadas.<br \/>\n\u2714\ufe0f Construcci\u00f3n resistente \u2013 durabilidad para uso frecuente.<\/p>\n<p>\ud83d\udce6 Incluye:<br \/>\n(1) Sierra Circular BLACK+DECKER CS1004 \u2013 1400W<\/p>\n<p>\ud83d\udcde Cont\u00e1ctanos: +593984123231<\/p>\n<p>\u2728 Haz tus cortes m\u00e1s r\u00e1pidos, potentes y precisos con la calidad BLACK+DECKER.<\/p>","protected":false},"featured_media":22388,"comment_status":"open","ping_status":"closed","template":"","meta":{"_acf_changed":false},"product_brand":[],"product_cat":[544,559],"product_tag":[],"class_list":{"0":"post-22405","1":"product","2":"type-product","3":"status-publish","4":"has-post-thumbnail","6":"product_cat-agricultura-e-industria","7":"product_cat-sierras","9":"first","10":"instock","11":"sale","12":"taxable","13":"shipping-taxable","14":"purchasable","15":"product-type-simple"},"acf":[],"_links":{"self":[{"href":"https:\/\/tiendaflex.ec\/en\/wp-json\/wp\/v2\/product\/22405","targetHints":{"allow":["GET"]}}],"collection":[{"href":"https:\/\/tiendaflex.ec\/en\/wp-json\/wp\/v2\/product"}],"about":[{"href":"https:\/\/tiendaflex.ec\/en\/wp-json\/wp\/v2\/types\/product"}],"replies":[{"embeddable":true,"href":"https:\/\/tiendaflex.ec\/en\/wp-json\/wp\/v2\/comments?post=22405"}],"version-history":[{"count":3,"href":"https:\/\/tiendaflex.ec\/en\/wp-json\/wp\/v2\/product\/22405\/revisions"}],"predecessor-version":[{"id":23686,"href":"https:\/\/tiendaflex.ec\/en\/wp-json\/wp\/v2\/product\/22405\/revisions\/23686"}],"wp:featuredmedia":[{"embeddable":true,"href":"https:\/\/tiendaflex.ec\/en\/wp-json\/wp\/v2\/media\/22388"}],"wp:attachment":[{"href":"https:\/\/tiendaflex.ec\/en\/wp-json\/wp\/v2\/media?parent=22405"}],"wp:term":[{"taxonomy":"product_brand","embeddable":true,"href":"https:\/\/tiendaflex.ec\/en\/wp-json\/wp\/v2\/product_brand?post=22405"},{"taxonomy":"product_cat","embeddable":true,"href":"https:\/\/tiendaflex.ec\/en\/wp-json\/wp\/v2\/product_cat?post=22405"},{"taxonomy":"product_tag","embeddable":true,"href":"https:\/\/tiendaflex.ec\/en\/wp-json\/wp\/v2\/product_tag?post=22405"}],"curies":[{"name":"wp","href":"https:\/\/api.w.org\/{rel}","templated":true}]}}