{"id":22403,"date":"2025-08-22T21:38:59","date_gmt":"2025-08-23T02:38:59","guid":{"rendered":"https:\/\/tiendaflex.ec\/?post_type=product&#038;p=22403"},"modified":"2025-09-17T16:52:22","modified_gmt":"2025-09-17T21:52:22","slug":"beht350-recortadora-de-setos-22","status":"publish","type":"product","link":"https:\/\/tiendaflex.ec\/en\/product\/beht350-recortadora-de-setos-22\/","title":{"rendered":"BEHT350 &#8211;\u00a0RECORTADORA DE SETOS \u2013 22\u201d"},"content":{"rendered":"","protected":false},"excerpt":{"rendered":"<p>Dale forma y vida a tus setos y arbustos con potencia y comodidad. Ideal para mantener tu jard\u00edn siempre impecable.<\/p>\n<ul>\n<li>Marca: BLACK+DECKER<\/li>\n<\/ul>\n<p>\u2714\ufe0f Hoja de acero endurecido de doble acci\u00f3n de 22\u201d \u2013 reduce la vibraci\u00f3n durante el corte.<br \/>\n\u2714\ufe0f Dise\u00f1o ligero y pr\u00e1ctico \u2013 m\u00e1s f\u00e1cil de maniobrar y controlar.<br \/>\n\u2714\ufe0f Asa envolvente completa \u2013 mayor comodidad al trabajar desde diferentes \u00e1ngulos.<br \/>\n\u2714\ufe0f Ideal para setos grandes, arbustos y arbustos \u2013 corte eficiente y uniforme.<\/p>\n<p>\ud83d\udce6 Incluye:<br \/>\n(1) Recortadora de setos BEHT350.<\/p>\n<p>\ud83d\udcde Cont\u00e1ctanos: +593984123231<\/p>\n<p>\u2728 Mant\u00e9n tu jard\u00edn impecable con el aliado perfecto para cortes precisos y c\u00f3modos.<\/p>","protected":false},"featured_media":22387,"comment_status":"open","ping_status":"closed","template":"","meta":{"_acf_changed":false},"product_brand":[],"product_cat":[544,680],"product_tag":[],"class_list":{"0":"post-22403","1":"product","2":"type-product","3":"status-publish","4":"has-post-thumbnail","6":"product_cat-agricultura-e-industria","7":"product_cat-cortasetos","9":"first","10":"instock","11":"sale","12":"taxable","13":"shipping-taxable","14":"purchasable","15":"product-type-simple"},"acf":[],"_links":{"self":[{"href":"https:\/\/tiendaflex.ec\/en\/wp-json\/wp\/v2\/product\/22403","targetHints":{"allow":["GET"]}}],"collection":[{"href":"https:\/\/tiendaflex.ec\/en\/wp-json\/wp\/v2\/product"}],"about":[{"href":"https:\/\/tiendaflex.ec\/en\/wp-json\/wp\/v2\/types\/product"}],"replies":[{"embeddable":true,"href":"https:\/\/tiendaflex.ec\/en\/wp-json\/wp\/v2\/comments?post=22403"}],"version-history":[{"count":2,"href":"https:\/\/tiendaflex.ec\/en\/wp-json\/wp\/v2\/product\/22403\/revisions"}],"predecessor-version":[{"id":23346,"href":"https:\/\/tiendaflex.ec\/en\/wp-json\/wp\/v2\/product\/22403\/revisions\/23346"}],"wp:featuredmedia":[{"embeddable":true,"href":"https:\/\/tiendaflex.ec\/en\/wp-json\/wp\/v2\/media\/22387"}],"wp:attachment":[{"href":"https:\/\/tiendaflex.ec\/en\/wp-json\/wp\/v2\/media?parent=22403"}],"wp:term":[{"taxonomy":"product_brand","embeddable":true,"href":"https:\/\/tiendaflex.ec\/en\/wp-json\/wp\/v2\/product_brand?post=22403"},{"taxonomy":"product_cat","embeddable":true,"href":"https:\/\/tiendaflex.ec\/en\/wp-json\/wp\/v2\/product_cat?post=22403"},{"taxonomy":"product_tag","embeddable":true,"href":"https:\/\/tiendaflex.ec\/en\/wp-json\/wp\/v2\/product_tag?post=22403"}],"curies":[{"name":"wp","href":"https:\/\/api.w.org\/{rel}","templated":true}]}}