{"id":22349,"date":"2025-08-21T21:24:54","date_gmt":"2025-08-22T02:24:54","guid":{"rendered":"https:\/\/tiendaflex.ec\/?post_type=product&#038;p=22349"},"modified":"2025-09-09T21:38:08","modified_gmt":"2025-09-10T02:38:08","slug":"sw75-b3-lijadora-750w","status":"publish","type":"product","link":"https:\/\/tiendaflex.ec\/en\/product\/sw75-b3-lijadora-750w\/","title":{"rendered":"SW75-B3 &#8211; LIJADORA \u2013 750W"},"content":{"rendered":"","protected":false},"excerpt":{"rendered":"<p>Dise\u00f1ada para acabados profesionales en paredes y techos. Su potencia y dise\u00f1o ergon\u00f3mico facilitan el trabajo en grandes superficies con comodidad y precisi\u00f3n. \u2728<\/p>\n<ul>\n<li>Marca: STANLEY<\/li>\n<\/ul>\n<p>\u2728 Caracter\u00edsticas principales:<\/p>\n<p>\u2714\ufe0f Motor: 750W de alta eficiencia de lijado<br \/>\n\u2714\ufe0f Dise\u00f1o compacto y hueco para peso ligero<br \/>\n\u2714\ufe0f Mango plegable para f\u00e1cil transporte y almacenamiento<br \/>\n\u2714\ufe0f Manguera flexible que maximiza el \u00e1ngulo de lijado hasta 120\u00b0<br \/>\n\u2714\ufe0f Mango extendido para trabajos en techo<br \/>\n\u2714\ufe0f Sistema con 8 orificios de extracci\u00f3n de polvo<br \/>\n\u2714\ufe0f Incluye bolso suave y caja de color<\/p>\n<p>\ud83d\udcde Cont\u00e1ctanos: +593984123231<\/p>\n<p>\u26a1 Potencia y comodidad para acabados profesionales en paredes y techos.<\/p>","protected":false},"featured_media":22320,"comment_status":"open","ping_status":"closed","template":"","meta":{"_acf_changed":false},"product_brand":[],"product_cat":[544,624],"product_tag":[],"class_list":{"0":"post-22349","1":"product","2":"type-product","3":"status-publish","4":"has-post-thumbnail","6":"product_cat-agricultura-e-industria","7":"product_cat-lijadoras","9":"first","10":"instock","11":"sale","12":"taxable","13":"shipping-taxable","14":"purchasable","15":"product-type-simple"},"acf":[],"_links":{"self":[{"href":"https:\/\/tiendaflex.ec\/en\/wp-json\/wp\/v2\/product\/22349","targetHints":{"allow":["GET"]}}],"collection":[{"href":"https:\/\/tiendaflex.ec\/en\/wp-json\/wp\/v2\/product"}],"about":[{"href":"https:\/\/tiendaflex.ec\/en\/wp-json\/wp\/v2\/types\/product"}],"replies":[{"embeddable":true,"href":"https:\/\/tiendaflex.ec\/en\/wp-json\/wp\/v2\/comments?post=22349"}],"version-history":[{"count":2,"href":"https:\/\/tiendaflex.ec\/en\/wp-json\/wp\/v2\/product\/22349\/revisions"}],"predecessor-version":[{"id":23646,"href":"https:\/\/tiendaflex.ec\/en\/wp-json\/wp\/v2\/product\/22349\/revisions\/23646"}],"wp:featuredmedia":[{"embeddable":true,"href":"https:\/\/tiendaflex.ec\/en\/wp-json\/wp\/v2\/media\/22320"}],"wp:attachment":[{"href":"https:\/\/tiendaflex.ec\/en\/wp-json\/wp\/v2\/media?parent=22349"}],"wp:term":[{"taxonomy":"product_brand","embeddable":true,"href":"https:\/\/tiendaflex.ec\/en\/wp-json\/wp\/v2\/product_brand?post=22349"},{"taxonomy":"product_cat","embeddable":true,"href":"https:\/\/tiendaflex.ec\/en\/wp-json\/wp\/v2\/product_cat?post=22349"},{"taxonomy":"product_tag","embeddable":true,"href":"https:\/\/tiendaflex.ec\/en\/wp-json\/wp\/v2\/product_tag?post=22349"}],"curies":[{"name":"wp","href":"https:\/\/api.w.org\/{rel}","templated":true}]}}