{"id":22347,"date":"2025-08-21T21:23:29","date_gmt":"2025-08-22T02:23:29","guid":{"rendered":"https:\/\/tiendaflex.ec\/?post_type=product&#038;p=22347"},"modified":"2025-09-09T21:38:31","modified_gmt":"2025-09-10T02:38:31","slug":"sb90-lijadora-3-x-21-900w","status":"publish","type":"product","link":"https:\/\/tiendaflex.ec\/en\/product\/sb90-lijadora-3-x-21-900w\/","title":{"rendered":"SB90 &#8211; LIJADORA  \u2013 3\u201d x 21\u201d (900W)"},"content":{"rendered":"","protected":false},"excerpt":{"rendered":"<p>Potencia y rendimiento para trabajos exigentes de desbaste y acabado. Su dise\u00f1o ergon\u00f3mico y vers\u00e1til garantiza comodidad y precisi\u00f3n en cada uso. \u2728<\/p>\n<ul>\n<li>Marca: STANLEY<\/li>\n<\/ul>\n<p>\u2728 Caracter\u00edsticas principales:<\/p>\n<p>\u2714\ufe0f Motor: 900W de alto desempe\u00f1o<br \/>\n\u2714\ufe0f Tama\u00f1o de lija: 3\u201d x 21\u201d<br \/>\n\u2714\ufe0f Velocidad: 244\/min RPM<br \/>\n\u2714\ufe0f Dial de velocidad variable para cada aplicaci\u00f3n<br \/>\n\u2714\ufe0f Conector para aspiradora y bolsa recolectora de polvo<br \/>\n\u2714\ufe0f Bot\u00f3n de traba para uso continuo<br \/>\n\u2714\ufe0f Perilla de ajuste fino para posicionamiento preciso de la lija<br \/>\n\u2714\ufe0f Palanca de tensi\u00f3n para cambio r\u00e1pido de lija<br \/>\n\u2714\ufe0f Mango c\u00f3modo recubierto de goma<\/p>\n<p>\ud83d\udce6 Incluye:<\/p>\n<p>\u2714\ufe0f (1) Lijadora<br \/>\n\u2714\ufe0f (1) Bolsa recolectora de polvo<\/p>\n<p>\ud83d\udcde Cont\u00e1ctanos: +593984123231<\/p>\n<p>\u26a1 Potencia y precisi\u00f3n en una sola herramienta.<\/p>","protected":false},"featured_media":22319,"comment_status":"open","ping_status":"closed","template":"","meta":{"_acf_changed":false},"product_brand":[],"product_cat":[544,624],"product_tag":[],"class_list":{"0":"post-22347","1":"product","2":"type-product","3":"status-publish","4":"has-post-thumbnail","6":"product_cat-agricultura-e-industria","7":"product_cat-lijadoras","9":"first","10":"instock","11":"sale","12":"taxable","13":"shipping-taxable","14":"purchasable","15":"product-type-simple"},"acf":[],"_links":{"self":[{"href":"https:\/\/tiendaflex.ec\/en\/wp-json\/wp\/v2\/product\/22347","targetHints":{"allow":["GET"]}}],"collection":[{"href":"https:\/\/tiendaflex.ec\/en\/wp-json\/wp\/v2\/product"}],"about":[{"href":"https:\/\/tiendaflex.ec\/en\/wp-json\/wp\/v2\/types\/product"}],"replies":[{"embeddable":true,"href":"https:\/\/tiendaflex.ec\/en\/wp-json\/wp\/v2\/comments?post=22347"}],"version-history":[{"count":2,"href":"https:\/\/tiendaflex.ec\/en\/wp-json\/wp\/v2\/product\/22347\/revisions"}],"predecessor-version":[{"id":23647,"href":"https:\/\/tiendaflex.ec\/en\/wp-json\/wp\/v2\/product\/22347\/revisions\/23647"}],"wp:featuredmedia":[{"embeddable":true,"href":"https:\/\/tiendaflex.ec\/en\/wp-json\/wp\/v2\/media\/22319"}],"wp:attachment":[{"href":"https:\/\/tiendaflex.ec\/en\/wp-json\/wp\/v2\/media?parent=22347"}],"wp:term":[{"taxonomy":"product_brand","embeddable":true,"href":"https:\/\/tiendaflex.ec\/en\/wp-json\/wp\/v2\/product_brand?post=22347"},{"taxonomy":"product_cat","embeddable":true,"href":"https:\/\/tiendaflex.ec\/en\/wp-json\/wp\/v2\/product_cat?post=22347"},{"taxonomy":"product_tag","embeddable":true,"href":"https:\/\/tiendaflex.ec\/en\/wp-json\/wp\/v2\/product_tag?post=22347"}],"curies":[{"name":"wp","href":"https:\/\/api.w.org\/{rel}","templated":true}]}}