{"id":22337,"date":"2025-08-21T21:15:18","date_gmt":"2025-08-22T02:15:18","guid":{"rendered":"https:\/\/tiendaflex.ec\/?post_type=product&#038;p=22337"},"modified":"2025-09-09T22:24:11","modified_gmt":"2025-09-10T03:24:11","slug":"sm16-b3-sierra-ingleteadora-10-254mm","status":"publish","type":"product","link":"https:\/\/tiendaflex.ec\/en\/product\/sm16-b3-sierra-ingleteadora-10-254mm\/","title":{"rendered":"SM16-B3 &#8211; SIERRA INGLETEADORA \u2013 10\u201d (254MM)"},"content":{"rendered":"","protected":false},"excerpt":{"rendered":"<p>Cortes precisos y vers\u00e1tiles para trabajos de carpinter\u00eda y proyectos profesionales. Ideal para biseles, ingletes y cortes compuestos con m\u00e1xima exactitud. \u2728<\/p>\n<ul>\n<li>Marca: STANLEY<\/li>\n<\/ul>\n<p>\u2728 Caracter\u00edsticas principales:<\/p>\n<p>\u2714\ufe0f Motor: 1650W<br \/>\n\u2714\ufe0f Velocidad sin carga: 4800 RPM<br \/>\n\u2714\ufe0f Di\u00e1metro de la hoja: 254 mm<br \/>\n\u2714\ufe0f Capacidad de corte:<\/p>\n<p>Hasta 75 mm alto x 140 mm ancho a 0\u00b0 x 0\u00b0<\/p>\n<p>Corte transversal: 48 mm alto x 95 mm ancho a 45\u00b0 x 45\u00b0<br \/>\n\u2714\ufe0f Capacidad de inglete: Left 47\u00b0, Right 52\u00b0<br \/>\n\u2714\ufe0f L\u00ednea de corte con sombra LED para mayor precisi\u00f3n<br \/>\n\u2714\ufe0f Mayor rango de corte de inglete y bisel para versatilidad<\/p>\n<p>\ud83d\udce6 Incluye:<\/p>\n<p>\u2714\ufe0f (1) SM16 Sierra de Inglete Compuesta<br \/>\n\u2714\ufe0f (1) Disco de 80 dientes para corte de aluminio<br \/>\n\u2714\ufe0f (1) Bolsa recolectora de polvo<br \/>\n\u2714\ufe0f (1) Soporte de trabajo<br \/>\n\u2714\ufe0f (1) Placa de corte<br \/>\n\u2714\ufe0f (1) Repetici\u00f3n<br \/>\n\u2714\ufe0f (1) Prensa<br \/>\n\u2714\ufe0f (1) Llave<\/p>\n<p>\ud83d\udcde Cont\u00e1ctanos: +593984123231<\/p>\n<p>\u26a1 Precisi\u00f3n y control en cada corte, para resultados profesionales.<\/p>","protected":false},"featured_media":22294,"comment_status":"open","ping_status":"closed","template":"","meta":{"_acf_changed":false},"product_brand":[],"product_cat":[544,559],"product_tag":[],"class_list":{"0":"post-22337","1":"product","2":"type-product","3":"status-publish","4":"has-post-thumbnail","6":"product_cat-agricultura-e-industria","7":"product_cat-sierras","9":"first","10":"instock","11":"sale","12":"taxable","13":"shipping-taxable","14":"purchasable","15":"product-type-simple"},"acf":[],"_links":{"self":[{"href":"https:\/\/tiendaflex.ec\/en\/wp-json\/wp\/v2\/product\/22337","targetHints":{"allow":["GET"]}}],"collection":[{"href":"https:\/\/tiendaflex.ec\/en\/wp-json\/wp\/v2\/product"}],"about":[{"href":"https:\/\/tiendaflex.ec\/en\/wp-json\/wp\/v2\/types\/product"}],"replies":[{"embeddable":true,"href":"https:\/\/tiendaflex.ec\/en\/wp-json\/wp\/v2\/comments?post=22337"}],"version-history":[{"count":2,"href":"https:\/\/tiendaflex.ec\/en\/wp-json\/wp\/v2\/product\/22337\/revisions"}],"predecessor-version":[{"id":23689,"href":"https:\/\/tiendaflex.ec\/en\/wp-json\/wp\/v2\/product\/22337\/revisions\/23689"}],"wp:featuredmedia":[{"embeddable":true,"href":"https:\/\/tiendaflex.ec\/en\/wp-json\/wp\/v2\/media\/22294"}],"wp:attachment":[{"href":"https:\/\/tiendaflex.ec\/en\/wp-json\/wp\/v2\/media?parent=22337"}],"wp:term":[{"taxonomy":"product_brand","embeddable":true,"href":"https:\/\/tiendaflex.ec\/en\/wp-json\/wp\/v2\/product_brand?post=22337"},{"taxonomy":"product_cat","embeddable":true,"href":"https:\/\/tiendaflex.ec\/en\/wp-json\/wp\/v2\/product_cat?post=22337"},{"taxonomy":"product_tag","embeddable":true,"href":"https:\/\/tiendaflex.ec\/en\/wp-json\/wp\/v2\/product_tag?post=22337"}],"curies":[{"name":"wp","href":"https:\/\/api.w.org\/{rel}","templated":true}]}}