{"id":22322,"date":"2025-08-21T21:03:48","date_gmt":"2025-08-22T02:03:48","guid":{"rendered":"https:\/\/tiendaflex.ec\/?post_type=product&#038;p=22322"},"modified":"2025-09-09T23:13:10","modified_gmt":"2025-09-10T04:13:10","slug":"rotomartillo-1010w","status":"publish","type":"product","link":"https:\/\/tiendaflex.ec\/en\/product\/rotomartillo-1010w\/","title":{"rendered":"ROTOMARTILLO \u2013 1010W"},"content":{"rendered":"","protected":false},"excerpt":{"rendered":"<p>Potencia y resistencia para tus proyectos m\u00e1s exigentes. Con un dise\u00f1o robusto y gran energ\u00eda de impacto, este rotomartillo es ideal para trabajos de perforaci\u00f3n y demolici\u00f3n en concreto, piedra y materiales duros.<\/p>\n<ul>\n<li>Marca: STANLEY<\/li>\n<\/ul>\n<p>\u2714\ufe0f Incluye maleta pl\u00e1stica<br \/>\n\u2714\ufe0f Potencia: 1010W<br \/>\n\u2714\ufe0f Energ\u00eda de impacto: 8,5 J<br \/>\n\u2714\ufe0f Golpes por minuto: 2900 BPM<br \/>\n\u2714\ufe0f Sistema SDS MAX para mayor seguridad y eficiencia<\/p>\n<p>\ud83d\udcf2 Cont\u00e1ctanos: +593984123231<\/p>\n<p>\u26a1 Dale la fuerza que tus obras necesitan, \u00a1herramienta lista para rendir al m\u00e1ximo!<\/p>","protected":false},"featured_media":22299,"comment_status":"open","ping_status":"closed","template":"","meta":{"_acf_changed":false},"product_brand":[],"product_cat":[544,558],"product_tag":[],"class_list":{"0":"post-22322","1":"product","2":"type-product","3":"status-publish","4":"has-post-thumbnail","6":"product_cat-agricultura-e-industria","7":"product_cat-taladro","9":"first","10":"instock","11":"sale","12":"taxable","13":"shipping-taxable","14":"purchasable","15":"product-type-simple"},"acf":[],"_links":{"self":[{"href":"https:\/\/tiendaflex.ec\/en\/wp-json\/wp\/v2\/product\/22322","targetHints":{"allow":["GET"]}}],"collection":[{"href":"https:\/\/tiendaflex.ec\/en\/wp-json\/wp\/v2\/product"}],"about":[{"href":"https:\/\/tiendaflex.ec\/en\/wp-json\/wp\/v2\/types\/product"}],"replies":[{"embeddable":true,"href":"https:\/\/tiendaflex.ec\/en\/wp-json\/wp\/v2\/comments?post=22322"}],"version-history":[{"count":2,"href":"https:\/\/tiendaflex.ec\/en\/wp-json\/wp\/v2\/product\/22322\/revisions"}],"predecessor-version":[{"id":23743,"href":"https:\/\/tiendaflex.ec\/en\/wp-json\/wp\/v2\/product\/22322\/revisions\/23743"}],"wp:featuredmedia":[{"embeddable":true,"href":"https:\/\/tiendaflex.ec\/en\/wp-json\/wp\/v2\/media\/22299"}],"wp:attachment":[{"href":"https:\/\/tiendaflex.ec\/en\/wp-json\/wp\/v2\/media?parent=22322"}],"wp:term":[{"taxonomy":"product_brand","embeddable":true,"href":"https:\/\/tiendaflex.ec\/en\/wp-json\/wp\/v2\/product_brand?post=22322"},{"taxonomy":"product_cat","embeddable":true,"href":"https:\/\/tiendaflex.ec\/en\/wp-json\/wp\/v2\/product_cat?post=22322"},{"taxonomy":"product_tag","embeddable":true,"href":"https:\/\/tiendaflex.ec\/en\/wp-json\/wp\/v2\/product_tag?post=22322"}],"curies":[{"name":"wp","href":"https:\/\/api.w.org\/{rel}","templated":true}]}}