{"id":22277,"date":"2025-08-20T23:44:26","date_gmt":"2025-08-21T04:44:26","guid":{"rendered":"https:\/\/tiendaflex.ec\/?post_type=product&#038;p=22277"},"modified":"2025-09-09T23:14:42","modified_gmt":"2025-09-10T04:14:42","slug":"stdh8013-b3-taladro-percutor","status":"publish","type":"product","link":"https:\/\/tiendaflex.ec\/en\/product\/stdh8013-b3-taladro-percutor\/","title":{"rendered":"STDH8013-B3 &#8211; TALADRO PERCUTOR"},"content":{"rendered":"","protected":false},"excerpt":{"rendered":"<p>Potente y vers\u00e1til, ideal para trabajos de perforaci\u00f3n en concreto, madera y metal. Cuenta con motor de 800W y funciones que facilitan el trabajo continuo y seguro.<\/p>\n<ul>\n<li>Marca: STANLEY<\/li>\n<\/ul>\n<p>\u2714\ufe0f Potencia: 800 W<br \/>\n\u2714\ufe0f Velocidad variable: 0 \u2013 3,000 RPM (200V)<br \/>\n\u2714\ufe0f Motor reversible con dial de control<br \/>\n\u2714\ufe0f Empu\u00f1adura lateral multi-posici\u00f3n y barra de profundidad<br \/>\n\u2714\ufe0f Interruptor con bloqueo para uso continuo<br \/>\n\u2714\ufe0f Caja de engranajes met\u00e1lica para mayor durabilidad y mejor enfriamiento<\/p>\n<p>\ud83d\udcde Contacto: +593984123231<\/p>\n<p>\u2728 Taladro robusto y eficiente, dise\u00f1ado para ofrecer precisi\u00f3n y comodidad en cada perforaci\u00f3n.<\/p>","protected":false},"featured_media":22189,"comment_status":"open","ping_status":"closed","template":"","meta":{"_acf_changed":false},"product_brand":[],"product_cat":[544,558],"product_tag":[],"class_list":{"0":"post-22277","1":"product","2":"type-product","3":"status-publish","4":"has-post-thumbnail","6":"product_cat-agricultura-e-industria","7":"product_cat-taladro","9":"first","10":"instock","11":"sale","12":"taxable","13":"shipping-taxable","14":"purchasable","15":"product-type-simple"},"acf":[],"_links":{"self":[{"href":"https:\/\/tiendaflex.ec\/en\/wp-json\/wp\/v2\/product\/22277","targetHints":{"allow":["GET"]}}],"collection":[{"href":"https:\/\/tiendaflex.ec\/en\/wp-json\/wp\/v2\/product"}],"about":[{"href":"https:\/\/tiendaflex.ec\/en\/wp-json\/wp\/v2\/types\/product"}],"replies":[{"embeddable":true,"href":"https:\/\/tiendaflex.ec\/en\/wp-json\/wp\/v2\/comments?post=22277"}],"version-history":[{"count":2,"href":"https:\/\/tiendaflex.ec\/en\/wp-json\/wp\/v2\/product\/22277\/revisions"}],"predecessor-version":[{"id":23747,"href":"https:\/\/tiendaflex.ec\/en\/wp-json\/wp\/v2\/product\/22277\/revisions\/23747"}],"wp:featuredmedia":[{"embeddable":true,"href":"https:\/\/tiendaflex.ec\/en\/wp-json\/wp\/v2\/media\/22189"}],"wp:attachment":[{"href":"https:\/\/tiendaflex.ec\/en\/wp-json\/wp\/v2\/media?parent=22277"}],"wp:term":[{"taxonomy":"product_brand","embeddable":true,"href":"https:\/\/tiendaflex.ec\/en\/wp-json\/wp\/v2\/product_brand?post=22277"},{"taxonomy":"product_cat","embeddable":true,"href":"https:\/\/tiendaflex.ec\/en\/wp-json\/wp\/v2\/product_cat?post=22277"},{"taxonomy":"product_tag","embeddable":true,"href":"https:\/\/tiendaflex.ec\/en\/wp-json\/wp\/v2\/product_tag?post=22277"}],"curies":[{"name":"wp","href":"https:\/\/api.w.org\/{rel}","templated":true}]}}