{"id":22264,"date":"2025-08-20T23:32:50","date_gmt":"2025-08-21T04:32:50","guid":{"rendered":"https:\/\/tiendaflex.ec\/?post_type=product&#038;p=22264"},"modified":"2025-09-09T21:53:03","modified_gmt":"2025-09-10T02:53:03","slug":"hidrolavadora-1812-psi-1500w-1600w","status":"publish","type":"product","link":"https:\/\/tiendaflex.ec\/en\/product\/hidrolavadora-1812-psi-1500w-1600w\/","title":{"rendered":"HIDROLAVADORA 1,812 PSI \u2013 1,500W\/1,600W"},"content":{"rendered":"","protected":false},"excerpt":{"rendered":"<p>Limpieza potente y profesional para tu hogar, taller o jard\u00edn. Esta hidrolavadora ofrece alto caudal y presi\u00f3n, ideal para autos, terrazas, fachadas y superficies dif\u00edciles de limpiar, con dise\u00f1o compacto y f\u00e1cil de almacenar.<\/p>\n<ul>\n<li>Marca: BLACK+DECKER<\/li>\n<\/ul>\n<p>\u2714\ufe0f Presi\u00f3n: 1,812 PSI<br \/>\n\u2714\ufe0f Flujo: 420 L\/hora<br \/>\n\u2714\ufe0f Potencia: 1,500W (127V) \/ 1,600W (220V)<br \/>\n\u2714\ufe0f Manguera: 6 m<br \/>\n\u2714\ufe0f Peso: 8 kg<br \/>\n\u2714\ufe0f Compartimento: para almacenar accesorios y manguera<\/p>\n<p>\ud83d\udd27 Incluye accesorios:<br \/>\n\u25ab\ufe0f Conexi\u00f3n para manguera<br \/>\n\u25ab\ufe0f Filtro transparente<br \/>\n\u25ab\ufe0f Pistola<br \/>\n\u25ab\ufe0f Manguera<br \/>\n\u25ab\ufe0f Aplicador de jab\u00f3n<br \/>\n\u25ab\ufe0f Tubo con boquilla ajustable<\/p>\n<p>\ud83d\udcde Contacto: +593984123231<\/p>\n<p>\u2728 Alta presi\u00f3n y gran flujo para limpieza eficiente y resultados profesionales.<\/p>","protected":false},"featured_media":22191,"comment_status":"open","ping_status":"closed","template":"","meta":{"_acf_changed":false},"product_brand":[],"product_cat":[544,617],"product_tag":[],"class_list":{"0":"post-22264","1":"product","2":"type-product","3":"status-publish","4":"has-post-thumbnail","6":"product_cat-agricultura-e-industria","7":"product_cat-limpieza","9":"first","10":"instock","11":"sale","12":"taxable","13":"shipping-taxable","14":"purchasable","15":"product-type-simple"},"acf":[],"_links":{"self":[{"href":"https:\/\/tiendaflex.ec\/en\/wp-json\/wp\/v2\/product\/22264","targetHints":{"allow":["GET"]}}],"collection":[{"href":"https:\/\/tiendaflex.ec\/en\/wp-json\/wp\/v2\/product"}],"about":[{"href":"https:\/\/tiendaflex.ec\/en\/wp-json\/wp\/v2\/types\/product"}],"replies":[{"embeddable":true,"href":"https:\/\/tiendaflex.ec\/en\/wp-json\/wp\/v2\/comments?post=22264"}],"version-history":[{"count":2,"href":"https:\/\/tiendaflex.ec\/en\/wp-json\/wp\/v2\/product\/22264\/revisions"}],"predecessor-version":[{"id":23663,"href":"https:\/\/tiendaflex.ec\/en\/wp-json\/wp\/v2\/product\/22264\/revisions\/23663"}],"wp:featuredmedia":[{"embeddable":true,"href":"https:\/\/tiendaflex.ec\/en\/wp-json\/wp\/v2\/media\/22191"}],"wp:attachment":[{"href":"https:\/\/tiendaflex.ec\/en\/wp-json\/wp\/v2\/media?parent=22264"}],"wp:term":[{"taxonomy":"product_brand","embeddable":true,"href":"https:\/\/tiendaflex.ec\/en\/wp-json\/wp\/v2\/product_brand?post=22264"},{"taxonomy":"product_cat","embeddable":true,"href":"https:\/\/tiendaflex.ec\/en\/wp-json\/wp\/v2\/product_cat?post=22264"},{"taxonomy":"product_tag","embeddable":true,"href":"https:\/\/tiendaflex.ec\/en\/wp-json\/wp\/v2\/product_tag?post=22264"}],"curies":[{"name":"wp","href":"https:\/\/api.w.org\/{rel}","templated":true}]}}