{"id":22261,"date":"2025-08-20T23:31:04","date_gmt":"2025-08-21T04:31:04","guid":{"rendered":"https:\/\/tiendaflex.ec\/?post_type=product&#038;p=22261"},"modified":"2025-09-09T21:53:30","modified_gmt":"2025-09-10T02:53:30","slug":"hidrolavadora-1500-psi-1400w","status":"publish","type":"product","link":"https:\/\/tiendaflex.ec\/en\/product\/hidrolavadora-1500-psi-1400w\/","title":{"rendered":"HIDROLAVADORA 1,500 PSI \u2013 1,400W"},"content":{"rendered":"","protected":false},"excerpt":{"rendered":"<p>Limpieza r\u00e1pida y eficiente para tu hogar o taller con esta hidrolavadora potente y pr\u00e1ctica, dise\u00f1ada para remover suciedad, polvo y manchas dif\u00edciles en patios, autos, terrazas y m\u00e1s. Su dise\u00f1o compacto y resistente facilita su uso y almacenamiento.<\/p>\n<ul>\n<li>Marca: BLACK+DECKER<\/li>\n<\/ul>\n<p>\u2714\ufe0f Presi\u00f3n: 1,500 PSI<br \/>\n\u2714\ufe0f Flujo: 7.1 L\/hora<br \/>\n\u2714\ufe0f Potencia: 1,400W (127V)<br \/>\n\u2714\ufe0f Manguera: 3 m<br \/>\n\u2714\ufe0f Cable el\u00e9ctrico: 5 m<br \/>\n\u2714\ufe0f Peso: 4.88 kg<br \/>\n\u2714\ufe0f Compartimento: para almacenar accesorios y manguera<\/p>\n<p>\ud83d\udd27 Incluye accesorios:<br \/>\n\u25ab\ufe0f Conexi\u00f3n para manguera<br \/>\n\u25ab\ufe0f Filtro transparente<br \/>\n\u25ab\ufe0f Pistola<br \/>\n\u25ab\ufe0f Manguera<br \/>\n\u25ab\ufe0f Aplicador de jab\u00f3n<br \/>\n\u25ab\ufe0f Tubo con boquilla ajustable<\/p>\n<p>\ud83d\udcde Contacto: +593984123231<\/p>\n<p>\u2728 Potencia y versatilidad para mantener tu hogar impecable y tus espacios exteriores relucientes.<\/p>","protected":false},"featured_media":22199,"comment_status":"open","ping_status":"closed","template":"","meta":{"_acf_changed":false},"product_brand":[],"product_cat":[544,617],"product_tag":[],"class_list":{"0":"post-22261","1":"product","2":"type-product","3":"status-publish","4":"has-post-thumbnail","6":"product_cat-agricultura-e-industria","7":"product_cat-limpieza","9":"first","10":"instock","11":"sale","12":"taxable","13":"shipping-taxable","14":"purchasable","15":"product-type-simple"},"acf":[],"_links":{"self":[{"href":"https:\/\/tiendaflex.ec\/en\/wp-json\/wp\/v2\/product\/22261","targetHints":{"allow":["GET"]}}],"collection":[{"href":"https:\/\/tiendaflex.ec\/en\/wp-json\/wp\/v2\/product"}],"about":[{"href":"https:\/\/tiendaflex.ec\/en\/wp-json\/wp\/v2\/types\/product"}],"replies":[{"embeddable":true,"href":"https:\/\/tiendaflex.ec\/en\/wp-json\/wp\/v2\/comments?post=22261"}],"version-history":[{"count":2,"href":"https:\/\/tiendaflex.ec\/en\/wp-json\/wp\/v2\/product\/22261\/revisions"}],"predecessor-version":[{"id":23664,"href":"https:\/\/tiendaflex.ec\/en\/wp-json\/wp\/v2\/product\/22261\/revisions\/23664"}],"wp:featuredmedia":[{"embeddable":true,"href":"https:\/\/tiendaflex.ec\/en\/wp-json\/wp\/v2\/media\/22199"}],"wp:attachment":[{"href":"https:\/\/tiendaflex.ec\/en\/wp-json\/wp\/v2\/media?parent=22261"}],"wp:term":[{"taxonomy":"product_brand","embeddable":true,"href":"https:\/\/tiendaflex.ec\/en\/wp-json\/wp\/v2\/product_brand?post=22261"},{"taxonomy":"product_cat","embeddable":true,"href":"https:\/\/tiendaflex.ec\/en\/wp-json\/wp\/v2\/product_cat?post=22261"},{"taxonomy":"product_tag","embeddable":true,"href":"https:\/\/tiendaflex.ec\/en\/wp-json\/wp\/v2\/product_tag?post=22261"}],"curies":[{"name":"wp","href":"https:\/\/api.w.org\/{rel}","templated":true}]}}