{"id":22238,"date":"2025-08-20T16:57:14","date_gmt":"2025-08-20T21:57:14","guid":{"rendered":"https:\/\/tiendaflex.ec\/?post_type=product&#038;p=22238"},"modified":"2025-09-09T22:26:50","modified_gmt":"2025-09-10T03:26:50","slug":"scr300d2k-b3-sierra-20v","status":"publish","type":"product","link":"https:\/\/tiendaflex.ec\/en\/product\/scr300d2k-b3-sierra-20v\/","title":{"rendered":"SCR300D2K-B3 &#8211; SIERRA 20V"},"content":{"rendered":"","protected":false},"excerpt":{"rendered":"<p>Potencia y versatilidad en tus proyectos con la sierra sable inal\u00e1mbrica 20V de Stanley. Ideal para cortes precisos y trabajo continuo gracias a sus bater\u00edas de larga duraci\u00f3n.<\/p>\n<ul>\n<li>Marca: STANLEY<\/li>\n<\/ul>\n<p>\u2714\ufe0f Voltaje: 20V<br \/>\n\u2714\ufe0f Bater\u00edas incluidas: 2 x 2.0 Ah<br \/>\n\u2714\ufe0f Cargador incluido: S\u00ed<br \/>\n\u2714\ufe0f Maleta pl\u00e1stica: S\u00ed<br \/>\n\u2714\ufe0f Hoja de corte: 1<\/p>\n<p>\ud83d\udcde Cont\u00e1ctanos: +593984123231<\/p>\n<p>\u2728 Rendimiento confiable, bater\u00eda duradera y sin efecto memoria.<\/p>","protected":false},"featured_media":22211,"comment_status":"open","ping_status":"closed","template":"","meta":{"_acf_changed":false},"product_brand":[],"product_cat":[544,559],"product_tag":[],"class_list":{"0":"post-22238","1":"product","2":"type-product","3":"status-publish","4":"has-post-thumbnail","6":"product_cat-agricultura-e-industria","7":"product_cat-sierras","9":"first","10":"instock","11":"sale","12":"taxable","13":"shipping-taxable","14":"purchasable","15":"product-type-simple"},"acf":[],"_links":{"self":[{"href":"https:\/\/tiendaflex.ec\/en\/wp-json\/wp\/v2\/product\/22238","targetHints":{"allow":["GET"]}}],"collection":[{"href":"https:\/\/tiendaflex.ec\/en\/wp-json\/wp\/v2\/product"}],"about":[{"href":"https:\/\/tiendaflex.ec\/en\/wp-json\/wp\/v2\/types\/product"}],"replies":[{"embeddable":true,"href":"https:\/\/tiendaflex.ec\/en\/wp-json\/wp\/v2\/comments?post=22238"}],"version-history":[{"count":2,"href":"https:\/\/tiendaflex.ec\/en\/wp-json\/wp\/v2\/product\/22238\/revisions"}],"predecessor-version":[{"id":23693,"href":"https:\/\/tiendaflex.ec\/en\/wp-json\/wp\/v2\/product\/22238\/revisions\/23693"}],"wp:featuredmedia":[{"embeddable":true,"href":"https:\/\/tiendaflex.ec\/en\/wp-json\/wp\/v2\/media\/22211"}],"wp:attachment":[{"href":"https:\/\/tiendaflex.ec\/en\/wp-json\/wp\/v2\/media?parent=22238"}],"wp:term":[{"taxonomy":"product_brand","embeddable":true,"href":"https:\/\/tiendaflex.ec\/en\/wp-json\/wp\/v2\/product_brand?post=22238"},{"taxonomy":"product_cat","embeddable":true,"href":"https:\/\/tiendaflex.ec\/en\/wp-json\/wp\/v2\/product_cat?post=22238"},{"taxonomy":"product_tag","embeddable":true,"href":"https:\/\/tiendaflex.ec\/en\/wp-json\/wp\/v2\/product_tag?post=22238"}],"curies":[{"name":"wp","href":"https:\/\/api.w.org\/{rel}","templated":true}]}}