{"id":22234,"date":"2025-08-20T16:51:00","date_gmt":"2025-08-20T21:51:00","guid":{"rendered":"https:\/\/tiendaflex.ec\/?post_type=product&#038;p=22234"},"modified":"2025-09-09T23:52:10","modified_gmt":"2025-09-10T04:52:10","slug":"dcr010-altavoz-bluetooth","status":"publish","type":"product","link":"https:\/\/tiendaflex.ec\/en\/product\/dcr010-altavoz-bluetooth\/","title":{"rendered":"DCR010 &#8211;\u00a0ALTAVOZ BLUETOOTH"},"content":{"rendered":"","protected":false},"excerpt":{"rendered":"<p>Disfruta de m\u00fasica y comunicaci\u00f3n en tu lugar de trabajo con el DCR010. Compatible con 12V MAX, 20V MAX y alimentaci\u00f3n por cable CA**. No incluye bater\u00eda ni cargador.<\/p>\n<ul>\n<li>Marca: DEWALT<\/li>\n<\/ul>\n<p>\u2714\ufe0f Puertos auxiliares incluidos: S\u00ed<br \/>\n\u2714\ufe0f Capacidad Bluetooth: S\u00ed<br \/>\n\u2714\ufe0f Carga bater\u00edas: No<br \/>\n\u2714\ufe0f Altura: 6&#8243;\u00bb (152 mm)<br \/>\n\u2714\ufe0f Ancho: 10&#8243;\u00bb (254 mm)<br \/>\n\u2714\ufe0f Peso (herramienta solamente): 4 Lbs (1.8 Kg)<\/p>\n<p>\ud83d\udcde Cont\u00e1ctanos: +593984123231<\/p>","protected":false},"featured_media":22209,"comment_status":"open","ping_status":"closed","template":"","meta":{"_acf_changed":false},"product_brand":[],"product_cat":[544,718],"product_tag":[],"class_list":{"0":"post-22234","1":"product","2":"type-product","3":"status-publish","4":"has-post-thumbnail","6":"product_cat-agricultura-e-industria","7":"product_cat-otros-accesorios","9":"first","10":"instock","11":"sale","12":"taxable","13":"shipping-taxable","14":"purchasable","15":"product-type-simple"},"acf":[],"_links":{"self":[{"href":"https:\/\/tiendaflex.ec\/en\/wp-json\/wp\/v2\/product\/22234","targetHints":{"allow":["GET"]}}],"collection":[{"href":"https:\/\/tiendaflex.ec\/en\/wp-json\/wp\/v2\/product"}],"about":[{"href":"https:\/\/tiendaflex.ec\/en\/wp-json\/wp\/v2\/types\/product"}],"replies":[{"embeddable":true,"href":"https:\/\/tiendaflex.ec\/en\/wp-json\/wp\/v2\/comments?post=22234"}],"version-history":[{"count":2,"href":"https:\/\/tiendaflex.ec\/en\/wp-json\/wp\/v2\/product\/22234\/revisions"}],"predecessor-version":[{"id":23762,"href":"https:\/\/tiendaflex.ec\/en\/wp-json\/wp\/v2\/product\/22234\/revisions\/23762"}],"wp:featuredmedia":[{"embeddable":true,"href":"https:\/\/tiendaflex.ec\/en\/wp-json\/wp\/v2\/media\/22209"}],"wp:attachment":[{"href":"https:\/\/tiendaflex.ec\/en\/wp-json\/wp\/v2\/media?parent=22234"}],"wp:term":[{"taxonomy":"product_brand","embeddable":true,"href":"https:\/\/tiendaflex.ec\/en\/wp-json\/wp\/v2\/product_brand?post=22234"},{"taxonomy":"product_cat","embeddable":true,"href":"https:\/\/tiendaflex.ec\/en\/wp-json\/wp\/v2\/product_cat?post=22234"},{"taxonomy":"product_tag","embeddable":true,"href":"https:\/\/tiendaflex.ec\/en\/wp-json\/wp\/v2\/product_tag?post=22234"}],"curies":[{"name":"wp","href":"https:\/\/api.w.org\/{rel}","templated":true}]}}