{"id":22230,"date":"2025-08-20T16:48:13","date_gmt":"2025-08-20T21:48:13","guid":{"rendered":"https:\/\/tiendaflex.ec\/?post_type=product&#038;p=22230"},"modified":"2025-09-08T16:30:35","modified_gmt":"2025-09-08T21:30:35","slug":"dcb1104-cargador-4ah","status":"publish","type":"product","link":"https:\/\/tiendaflex.ec\/en\/product\/dcb1104-cargador-4ah\/","title":{"rendered":"DCB1104 &#8211; CARGADOR  4AH"},"content":{"rendered":"","protected":false},"excerpt":{"rendered":"<p>Mant\u00e9n tus bater\u00edas siempre listas con el cargador DCB1104. Compatible con bater\u00edas DEWALT 12V, 20V*, brinda carga eficiente y segura para tus herramientas.<\/p>\n<ul>\n<li>Marca DEWALT<\/li>\n<\/ul>\n<p>\u2714\ufe0f Compatibilidad: 12V \/ 20V *<br \/>\n\u2714\ufe0f Corriente de salida: 4 Amps<br \/>\n\u2714\ufe0f Indicador de carga: S\u00ed<br \/>\n\u2714\ufe0f Montaje de pared: S\u00ed<br \/>\n\u2714\ufe0f N\u00famero de puertos: 1<br \/>\n\u2714\ufe0f Puerto USB: No<br \/>\n\u274c Bater\u00eda no incluida<\/p>\n<p>\ud83d\udcde Cont\u00e1ctanos: +593984123231<\/p>\n<p>\ud83d\udd0b \u00a1Carga r\u00e1pida y segura para tus herramientas DEWALT!<\/p>","protected":false},"featured_media":22208,"comment_status":"open","ping_status":"closed","template":"","meta":{"_acf_changed":false},"product_brand":[],"product_cat":[544,622],"product_tag":[],"class_list":{"0":"post-22230","1":"product","2":"type-product","3":"status-publish","4":"has-post-thumbnail","6":"product_cat-agricultura-e-industria","7":"product_cat-baterias","9":"first","10":"instock","11":"sale","12":"taxable","13":"shipping-taxable","14":"purchasable","15":"product-type-simple"},"acf":[],"_links":{"self":[{"href":"https:\/\/tiendaflex.ec\/en\/wp-json\/wp\/v2\/product\/22230","targetHints":{"allow":["GET"]}}],"collection":[{"href":"https:\/\/tiendaflex.ec\/en\/wp-json\/wp\/v2\/product"}],"about":[{"href":"https:\/\/tiendaflex.ec\/en\/wp-json\/wp\/v2\/types\/product"}],"replies":[{"embeddable":true,"href":"https:\/\/tiendaflex.ec\/en\/wp-json\/wp\/v2\/comments?post=22230"}],"version-history":[{"count":2,"href":"https:\/\/tiendaflex.ec\/en\/wp-json\/wp\/v2\/product\/22230\/revisions"}],"predecessor-version":[{"id":23267,"href":"https:\/\/tiendaflex.ec\/en\/wp-json\/wp\/v2\/product\/22230\/revisions\/23267"}],"wp:featuredmedia":[{"embeddable":true,"href":"https:\/\/tiendaflex.ec\/en\/wp-json\/wp\/v2\/media\/22208"}],"wp:attachment":[{"href":"https:\/\/tiendaflex.ec\/en\/wp-json\/wp\/v2\/media?parent=22230"}],"wp:term":[{"taxonomy":"product_brand","embeddable":true,"href":"https:\/\/tiendaflex.ec\/en\/wp-json\/wp\/v2\/product_brand?post=22230"},{"taxonomy":"product_cat","embeddable":true,"href":"https:\/\/tiendaflex.ec\/en\/wp-json\/wp\/v2\/product_cat?post=22230"},{"taxonomy":"product_tag","embeddable":true,"href":"https:\/\/tiendaflex.ec\/en\/wp-json\/wp\/v2\/product_tag?post=22230"}],"curies":[{"name":"wp","href":"https:\/\/api.w.org\/{rel}","templated":true}]}}