{"id":22228,"date":"2025-08-20T16:46:14","date_gmt":"2025-08-20T21:46:14","guid":{"rendered":"https:\/\/tiendaflex.ec\/?post_type=product&#038;p=22228"},"modified":"2025-09-08T16:30:44","modified_gmt":"2025-09-08T21:30:44","slug":"dcb1800b-estacion-de-energia-1800w","status":"publish","type":"product","link":"https:\/\/tiendaflex.ec\/en\/product\/dcb1800b-estacion-de-energia-1800w\/","title":{"rendered":"DCB1800B &#8211; ESTACI\u00d3N DE ENERG\u00cdA 1800W"},"content":{"rendered":"","protected":false},"excerpt":{"rendered":"<p>Potencia y versatilidad en un solo equipo. Ideal para tus herramientas y proyectos exigentes, con la confiabilidad de DEWALT.<\/p>\n<ul>\n<li>Marca DEWALT<\/li>\n<\/ul>\n<p>\u2714\ufe0f Potencia de salida: 1800W<br \/>\n\u2714\ufe0f Compatibilidad: Bater\u00edas 20V \/ 60V MAX*<br \/>\n\u2714\ufe0f Corriente de salida: 15 Amps<br \/>\n\u2714\ufe0f 4 Puertos de carga simult\u00e1nea<br \/>\n\u2714\ufe0f Indicador de carga: S\u00ed<br \/>\n\u2714\ufe0f Montaje de pared: No<br \/>\n\u2714\ufe0f Puerto USB: No<br \/>\n\u274c Bater\u00eda no incluida<\/p>\n<p>\ud83d\udcde Cont\u00e1ctanos: +593984123231<\/p>\n<p>\u2728 Ll\u00e9vate la energ\u00eda donde quieras y mant\u00e9n tus herramientas siempre listas.<\/p>","protected":false},"featured_media":22207,"comment_status":"open","ping_status":"closed","template":"","meta":{"_acf_changed":false},"product_brand":[],"product_cat":[544,622],"product_tag":[],"class_list":{"0":"post-22228","1":"product","2":"type-product","3":"status-publish","4":"has-post-thumbnail","6":"product_cat-agricultura-e-industria","7":"product_cat-baterias","9":"first","10":"instock","11":"sale","12":"taxable","13":"shipping-taxable","14":"purchasable","15":"product-type-simple"},"acf":[],"_links":{"self":[{"href":"https:\/\/tiendaflex.ec\/en\/wp-json\/wp\/v2\/product\/22228","targetHints":{"allow":["GET"]}}],"collection":[{"href":"https:\/\/tiendaflex.ec\/en\/wp-json\/wp\/v2\/product"}],"about":[{"href":"https:\/\/tiendaflex.ec\/en\/wp-json\/wp\/v2\/types\/product"}],"replies":[{"embeddable":true,"href":"https:\/\/tiendaflex.ec\/en\/wp-json\/wp\/v2\/comments?post=22228"}],"version-history":[{"count":2,"href":"https:\/\/tiendaflex.ec\/en\/wp-json\/wp\/v2\/product\/22228\/revisions"}],"predecessor-version":[{"id":23268,"href":"https:\/\/tiendaflex.ec\/en\/wp-json\/wp\/v2\/product\/22228\/revisions\/23268"}],"wp:featuredmedia":[{"embeddable":true,"href":"https:\/\/tiendaflex.ec\/en\/wp-json\/wp\/v2\/media\/22207"}],"wp:attachment":[{"href":"https:\/\/tiendaflex.ec\/en\/wp-json\/wp\/v2\/media?parent=22228"}],"wp:term":[{"taxonomy":"product_brand","embeddable":true,"href":"https:\/\/tiendaflex.ec\/en\/wp-json\/wp\/v2\/product_brand?post=22228"},{"taxonomy":"product_cat","embeddable":true,"href":"https:\/\/tiendaflex.ec\/en\/wp-json\/wp\/v2\/product_cat?post=22228"},{"taxonomy":"product_tag","embeddable":true,"href":"https:\/\/tiendaflex.ec\/en\/wp-json\/wp\/v2\/product_tag?post=22228"}],"curies":[{"name":"wp","href":"https:\/\/api.w.org\/{rel}","templated":true}]}}