{"id":22226,"date":"2025-08-20T16:44:42","date_gmt":"2025-08-20T21:44:42","guid":{"rendered":"https:\/\/tiendaflex.ec\/?post_type=product&#038;p=22226"},"modified":"2025-09-08T16:30:51","modified_gmt":"2025-09-08T21:30:51","slug":"dcb612-bateria-20v-60v-max-12-0-ah","status":"publish","type":"product","link":"https:\/\/tiendaflex.ec\/en\/product\/dcb612-bateria-20v-60v-max-12-0-ah\/","title":{"rendered":"DCB612 &#8211; BATER\u00cdA 20V\/60V MAX 12.0 AH*"},"content":{"rendered":"","protected":false},"excerpt":{"rendered":"<p>Potencia y duraci\u00f3n sin l\u00edmites para tus herramientas DEWALT. Con la tecnolog\u00eda FLEXVOLT\u00ae, esta bater\u00eda se ajusta autom\u00e1ticamente entre 20V y 60V seg\u00fan la herramienta que uses, d\u00e1ndote m\u00e1xima versatilidad y rendimiento profesional.<\/p>\n<ul>\n<li>Marca DEWALT<\/li>\n<\/ul>\n<p>\u2714\ufe0f Capacidad: 12.0 AH<br \/>\n\u2714\ufe0f Compatible con herramientas 20V MAX y 60V MAX**<br \/>\n\u2714\ufe0f Tecnolog\u00eda de ion de litio para mayor duraci\u00f3n<br \/>\n\u2714\ufe0f Ideal para trabajos exigentes y prolongados<br \/>\n\u2714\ufe0f Rendimiento profesional en todo momento<\/p>\n<p>\ud83d\udcde Cont\u00e1ctanos: +593984123231<\/p>\n<p>\u26a1 \u00a1Dale a tus proyectos la energ\u00eda que merecen!<\/p>","protected":false},"featured_media":22206,"comment_status":"open","ping_status":"closed","template":"","meta":{"_acf_changed":false},"product_brand":[],"product_cat":[544,622],"product_tag":[],"class_list":{"0":"post-22226","1":"product","2":"type-product","3":"status-publish","4":"has-post-thumbnail","6":"product_cat-agricultura-e-industria","7":"product_cat-baterias","9":"first","10":"instock","11":"sale","12":"taxable","13":"shipping-taxable","14":"purchasable","15":"product-type-simple"},"acf":[],"_links":{"self":[{"href":"https:\/\/tiendaflex.ec\/en\/wp-json\/wp\/v2\/product\/22226","targetHints":{"allow":["GET"]}}],"collection":[{"href":"https:\/\/tiendaflex.ec\/en\/wp-json\/wp\/v2\/product"}],"about":[{"href":"https:\/\/tiendaflex.ec\/en\/wp-json\/wp\/v2\/types\/product"}],"replies":[{"embeddable":true,"href":"https:\/\/tiendaflex.ec\/en\/wp-json\/wp\/v2\/comments?post=22226"}],"version-history":[{"count":3,"href":"https:\/\/tiendaflex.ec\/en\/wp-json\/wp\/v2\/product\/22226\/revisions"}],"predecessor-version":[{"id":23270,"href":"https:\/\/tiendaflex.ec\/en\/wp-json\/wp\/v2\/product\/22226\/revisions\/23270"}],"wp:featuredmedia":[{"embeddable":true,"href":"https:\/\/tiendaflex.ec\/en\/wp-json\/wp\/v2\/media\/22206"}],"wp:attachment":[{"href":"https:\/\/tiendaflex.ec\/en\/wp-json\/wp\/v2\/media?parent=22226"}],"wp:term":[{"taxonomy":"product_brand","embeddable":true,"href":"https:\/\/tiendaflex.ec\/en\/wp-json\/wp\/v2\/product_brand?post=22226"},{"taxonomy":"product_cat","embeddable":true,"href":"https:\/\/tiendaflex.ec\/en\/wp-json\/wp\/v2\/product_cat?post=22226"},{"taxonomy":"product_tag","embeddable":true,"href":"https:\/\/tiendaflex.ec\/en\/wp-json\/wp\/v2\/product_tag?post=22226"}],"curies":[{"name":"wp","href":"https:\/\/api.w.org\/{rel}","templated":true}]}}