{"id":22223,"date":"2025-08-20T16:37:35","date_gmt":"2025-08-20T21:37:35","guid":{"rendered":"https:\/\/tiendaflex.ec\/?post_type=product&#038;p=22223"},"modified":"2025-09-08T16:33:29","modified_gmt":"2025-09-08T21:33:29","slug":"dcb609-bateria-de-ion-de-litio","status":"publish","type":"product","link":"https:\/\/tiendaflex.ec\/en\/product\/dcb609-bateria-de-ion-de-litio\/","title":{"rendered":"DCB609 &#8211; BATER\u00cdA DE ION DE LITIO"},"content":{"rendered":"","protected":false},"excerpt":{"rendered":"<p>Potencia y autonom\u00eda superior para tus herramientas DEWALT. Con 20V\/60V MAX* y 9.0Ah, esta bater\u00eda te brinda el m\u00e1ximo rendimiento en cada proyecto, incluso en los trabajos m\u00e1s exigentes.<\/p>\n<ul>\n<li>Marca DEWALT<\/li>\n<\/ul>\n<p>\u2714\ufe0f Compatibilidad con herramientas 20V MAX* y 60V MAX*<br \/>\n\u2714\ufe0f Tecnolog\u00eda FLEXVOLT\u00ae que se adapta a la potencia requerida<br \/>\n\u2714\ufe0f Gran capacidad de 9.0Ah para mayor duraci\u00f3n<br \/>\n\u2714\ufe0f Ion de litio: carga m\u00e1s r\u00e1pida y eficiente<\/p>\n<p>\ud83d\udcf2 Cont\u00e1ctanos al +593984123231<\/p>\n<p>\ud83d\udd25 \u00a1Potencia sin l\u00edmites con la bater\u00eda FLEXVOLT\u00ae DCB609!<\/p>","protected":false},"featured_media":22205,"comment_status":"open","ping_status":"closed","template":"","meta":{"_acf_changed":false},"product_brand":[],"product_cat":[544,622],"product_tag":[],"class_list":{"0":"post-22223","1":"product","2":"type-product","3":"status-publish","4":"has-post-thumbnail","6":"product_cat-agricultura-e-industria","7":"product_cat-baterias","9":"first","10":"instock","11":"sale","12":"taxable","13":"shipping-taxable","14":"purchasable","15":"product-type-simple"},"acf":[],"_links":{"self":[{"href":"https:\/\/tiendaflex.ec\/en\/wp-json\/wp\/v2\/product\/22223","targetHints":{"allow":["GET"]}}],"collection":[{"href":"https:\/\/tiendaflex.ec\/en\/wp-json\/wp\/v2\/product"}],"about":[{"href":"https:\/\/tiendaflex.ec\/en\/wp-json\/wp\/v2\/types\/product"}],"replies":[{"embeddable":true,"href":"https:\/\/tiendaflex.ec\/en\/wp-json\/wp\/v2\/comments?post=22223"}],"version-history":[{"count":2,"href":"https:\/\/tiendaflex.ec\/en\/wp-json\/wp\/v2\/product\/22223\/revisions"}],"predecessor-version":[{"id":23271,"href":"https:\/\/tiendaflex.ec\/en\/wp-json\/wp\/v2\/product\/22223\/revisions\/23271"}],"wp:featuredmedia":[{"embeddable":true,"href":"https:\/\/tiendaflex.ec\/en\/wp-json\/wp\/v2\/media\/22205"}],"wp:attachment":[{"href":"https:\/\/tiendaflex.ec\/en\/wp-json\/wp\/v2\/media?parent=22223"}],"wp:term":[{"taxonomy":"product_brand","embeddable":true,"href":"https:\/\/tiendaflex.ec\/en\/wp-json\/wp\/v2\/product_brand?post=22223"},{"taxonomy":"product_cat","embeddable":true,"href":"https:\/\/tiendaflex.ec\/en\/wp-json\/wp\/v2\/product_cat?post=22223"},{"taxonomy":"product_tag","embeddable":true,"href":"https:\/\/tiendaflex.ec\/en\/wp-json\/wp\/v2\/product_tag?post=22223"}],"curies":[{"name":"wp","href":"https:\/\/api.w.org\/{rel}","templated":true}]}}