{"id":22221,"date":"2025-08-20T16:35:42","date_gmt":"2025-08-20T21:35:42","guid":{"rendered":"https:\/\/tiendaflex.ec\/?post_type=product&#038;p=22221"},"modified":"2025-09-08T16:33:35","modified_gmt":"2025-09-08T21:33:35","slug":"dcb606-bateria-20v-60v-max-6-0ah","status":"publish","type":"product","link":"https:\/\/tiendaflex.ec\/en\/product\/dcb606-bateria-20v-60v-max-6-0ah\/","title":{"rendered":"DCB606 &#8211; BATER\u00cdA 20V\/60V MAX 6.0AH*"},"content":{"rendered":"","protected":false},"excerpt":{"rendered":"<p>Potencia y autonom\u00eda en una sola bater\u00eda. La DCB606 FLEXVOLT\u00ae se adapta autom\u00e1ticamente seg\u00fan la herramienta que uses, brind\u00e1ndote la m\u00e1xima versatilidad y rendimiento en tus proyectos m\u00e1s exigentes.<\/p>\n<ul>\n<li>Marca DEWALT<\/li>\n<\/ul>\n<p>\u2714\ufe0f Tecnolog\u00eda FLEXVOLT\u00ae: cambia de 20V a 60V autom\u00e1ticamente<br \/>\n\u2714\ufe0f Capacidad de 6.0Ah para mayor tiempo de uso<br \/>\n\u2714\ufe0f Compatible con herramientas 20V MAX y 60V MAX**<br \/>\n\u2714\ufe0f Durabilidad comprobada para trabajos intensos<\/p>\n<p>\ud83d\udcde Cont\u00e1ctanos al: +593984123231<\/p>\n<p>\u26a1 Dale a tus herramientas la energ\u00eda que necesitan con la bater\u00eda m\u00e1s vers\u00e1til del mercado.<\/p>","protected":false},"featured_media":22204,"comment_status":"open","ping_status":"closed","template":"","meta":{"_acf_changed":false},"product_brand":[],"product_cat":[544,622],"product_tag":[],"class_list":{"0":"post-22221","1":"product","2":"type-product","3":"status-publish","4":"has-post-thumbnail","6":"product_cat-agricultura-e-industria","7":"product_cat-baterias","9":"first","10":"instock","11":"sale","12":"taxable","13":"shipping-taxable","14":"purchasable","15":"product-type-simple"},"acf":[],"_links":{"self":[{"href":"https:\/\/tiendaflex.ec\/en\/wp-json\/wp\/v2\/product\/22221","targetHints":{"allow":["GET"]}}],"collection":[{"href":"https:\/\/tiendaflex.ec\/en\/wp-json\/wp\/v2\/product"}],"about":[{"href":"https:\/\/tiendaflex.ec\/en\/wp-json\/wp\/v2\/types\/product"}],"replies":[{"embeddable":true,"href":"https:\/\/tiendaflex.ec\/en\/wp-json\/wp\/v2\/comments?post=22221"}],"version-history":[{"count":2,"href":"https:\/\/tiendaflex.ec\/en\/wp-json\/wp\/v2\/product\/22221\/revisions"}],"predecessor-version":[{"id":23272,"href":"https:\/\/tiendaflex.ec\/en\/wp-json\/wp\/v2\/product\/22221\/revisions\/23272"}],"wp:featuredmedia":[{"embeddable":true,"href":"https:\/\/tiendaflex.ec\/en\/wp-json\/wp\/v2\/media\/22204"}],"wp:attachment":[{"href":"https:\/\/tiendaflex.ec\/en\/wp-json\/wp\/v2\/media?parent=22221"}],"wp:term":[{"taxonomy":"product_brand","embeddable":true,"href":"https:\/\/tiendaflex.ec\/en\/wp-json\/wp\/v2\/product_brand?post=22221"},{"taxonomy":"product_cat","embeddable":true,"href":"https:\/\/tiendaflex.ec\/en\/wp-json\/wp\/v2\/product_cat?post=22221"},{"taxonomy":"product_tag","embeddable":true,"href":"https:\/\/tiendaflex.ec\/en\/wp-json\/wp\/v2\/product_tag?post=22221"}],"curies":[{"name":"wp","href":"https:\/\/api.w.org\/{rel}","templated":true}]}}