{"id":22219,"date":"2025-08-20T16:33:55","date_gmt":"2025-08-20T21:33:55","guid":{"rendered":"https:\/\/tiendaflex.ec\/?post_type=product&#038;p=22219"},"modified":"2025-09-08T16:33:49","modified_gmt":"2025-09-08T21:33:49","slug":"dcbp520-bateria-20v-max-5-0ah","status":"publish","type":"product","link":"https:\/\/tiendaflex.ec\/en\/product\/dcbp520-bateria-20v-max-5-0ah\/","title":{"rendered":"DCBP520 &#8211; BATER\u00cdA 20V MAX 5.0Ah"},"content":{"rendered":"","protected":false},"excerpt":{"rendered":"<p>Potencia y resistencia de \u00faltima generaci\u00f3n para tus herramientas DEWALT. La bater\u00eda XR POWERSTACK\u2122 de 20V MAX* 5.0Ah te ofrece mayor autonom\u00eda, rendimiento optimizado y una vida \u00fatil m\u00e1s prolongada, ideal para trabajos exigentes.<\/p>\n<ul>\n<li>Marca DEWALT<\/li>\n<\/ul>\n<p>\u2714\ufe0f Tecnolog\u00eda XR POWERSTACK\u2122 para m\u00e1xima eficiencia<br \/>\n\u2714\ufe0f 20V MAX* \u2013 Potencia confiable y constante<br \/>\n\u2714\ufe0f Capacidad de 5.0Ah para largas jornadas de trabajo<br \/>\n\u2714\ufe0f Compacta, ligera y duradera<br \/>\n\u2714\ufe0f Compatible con herramientas DEWALT 20V MAX*<\/p>\n<p>\ud83d\udcde Cont\u00e1ctanos: +593984123231<\/p>\n<p>\u26a1 Potencia que dura, calidad que responde. \u00a1Haz m\u00e1s con DEWALT!<\/p>","protected":false},"featured_media":22203,"comment_status":"open","ping_status":"closed","template":"","meta":{"_acf_changed":false},"product_brand":[],"product_cat":[544,622],"product_tag":[],"class_list":{"0":"post-22219","1":"product","2":"type-product","3":"status-publish","4":"has-post-thumbnail","6":"product_cat-agricultura-e-industria","7":"product_cat-baterias","9":"first","10":"instock","11":"sale","12":"taxable","13":"shipping-taxable","14":"purchasable","15":"product-type-simple"},"acf":[],"_links":{"self":[{"href":"https:\/\/tiendaflex.ec\/en\/wp-json\/wp\/v2\/product\/22219","targetHints":{"allow":["GET"]}}],"collection":[{"href":"https:\/\/tiendaflex.ec\/en\/wp-json\/wp\/v2\/product"}],"about":[{"href":"https:\/\/tiendaflex.ec\/en\/wp-json\/wp\/v2\/types\/product"}],"replies":[{"embeddable":true,"href":"https:\/\/tiendaflex.ec\/en\/wp-json\/wp\/v2\/comments?post=22219"}],"version-history":[{"count":2,"href":"https:\/\/tiendaflex.ec\/en\/wp-json\/wp\/v2\/product\/22219\/revisions"}],"predecessor-version":[{"id":23273,"href":"https:\/\/tiendaflex.ec\/en\/wp-json\/wp\/v2\/product\/22219\/revisions\/23273"}],"wp:featuredmedia":[{"embeddable":true,"href":"https:\/\/tiendaflex.ec\/en\/wp-json\/wp\/v2\/media\/22203"}],"wp:attachment":[{"href":"https:\/\/tiendaflex.ec\/en\/wp-json\/wp\/v2\/media?parent=22219"}],"wp:term":[{"taxonomy":"product_brand","embeddable":true,"href":"https:\/\/tiendaflex.ec\/en\/wp-json\/wp\/v2\/product_brand?post=22219"},{"taxonomy":"product_cat","embeddable":true,"href":"https:\/\/tiendaflex.ec\/en\/wp-json\/wp\/v2\/product_cat?post=22219"},{"taxonomy":"product_tag","embeddable":true,"href":"https:\/\/tiendaflex.ec\/en\/wp-json\/wp\/v2\/product_tag?post=22219"}],"curies":[{"name":"wp","href":"https:\/\/api.w.org\/{rel}","templated":true}]}}