{"id":22217,"date":"2025-08-20T16:32:37","date_gmt":"2025-08-20T21:32:37","guid":{"rendered":"https:\/\/tiendaflex.ec\/?post_type=product&#038;p=22217"},"modified":"2025-09-08T16:34:04","modified_gmt":"2025-09-08T21:34:04","slug":"dcb205-bateria-20v-max-5-0ah","status":"publish","type":"product","link":"https:\/\/tiendaflex.ec\/en\/product\/dcb205-bateria-20v-max-5-0ah\/","title":{"rendered":"DCB205 &#8211; BATER\u00cdA 20V MAX 5.0Ah"},"content":{"rendered":"","protected":false},"excerpt":{"rendered":"<p>Energiza tus herramientas con la potencia y duraci\u00f3n que necesitas. La Bater\u00eda DeWalt DCB205 de 5.0Ah ofrece mayor autonom\u00eda para jornadas de trabajo intensas, asegurando un rendimiento constante y confiable en todo momento.<\/p>\n<ul>\n<li>Marca DEWALT<\/li>\n<\/ul>\n<p>\u2714\ufe0f Tecnolog\u00eda Ion de Litio para m\u00e1xima eficiencia<br \/>\n\u2714\ufe0f Capacidad de 5.0Ah: m\u00e1s tiempo de uso por carga<br \/>\n\u2714\ufe0f Voltaje: 20V MAX*<br \/>\n\u2714\ufe0f Dise\u00f1o compacto y resistente para trabajos exigentes<br \/>\n\u2714\ufe0f Compatible con toda la l\u00ednea de herramientas 20V MAX* DEWALT<\/p>\n<p>\ud83d\udcde Cont\u00e1ctanos al +593984123231<\/p>\n<p>\u2728 Dale a tus proyectos la potencia que se merecen con DeWalt.<\/p>","protected":false},"featured_media":22202,"comment_status":"open","ping_status":"closed","template":"","meta":{"_acf_changed":false},"product_brand":[],"product_cat":[544,622],"product_tag":[],"class_list":{"0":"post-22217","1":"product","2":"type-product","3":"status-publish","4":"has-post-thumbnail","6":"product_cat-agricultura-e-industria","7":"product_cat-baterias","9":"first","10":"instock","11":"sale","12":"taxable","13":"shipping-taxable","14":"purchasable","15":"product-type-simple"},"acf":[],"_links":{"self":[{"href":"https:\/\/tiendaflex.ec\/en\/wp-json\/wp\/v2\/product\/22217","targetHints":{"allow":["GET"]}}],"collection":[{"href":"https:\/\/tiendaflex.ec\/en\/wp-json\/wp\/v2\/product"}],"about":[{"href":"https:\/\/tiendaflex.ec\/en\/wp-json\/wp\/v2\/types\/product"}],"replies":[{"embeddable":true,"href":"https:\/\/tiendaflex.ec\/en\/wp-json\/wp\/v2\/comments?post=22217"}],"version-history":[{"count":2,"href":"https:\/\/tiendaflex.ec\/en\/wp-json\/wp\/v2\/product\/22217\/revisions"}],"predecessor-version":[{"id":23274,"href":"https:\/\/tiendaflex.ec\/en\/wp-json\/wp\/v2\/product\/22217\/revisions\/23274"}],"wp:featuredmedia":[{"embeddable":true,"href":"https:\/\/tiendaflex.ec\/en\/wp-json\/wp\/v2\/media\/22202"}],"wp:attachment":[{"href":"https:\/\/tiendaflex.ec\/en\/wp-json\/wp\/v2\/media?parent=22217"}],"wp:term":[{"taxonomy":"product_brand","embeddable":true,"href":"https:\/\/tiendaflex.ec\/en\/wp-json\/wp\/v2\/product_brand?post=22217"},{"taxonomy":"product_cat","embeddable":true,"href":"https:\/\/tiendaflex.ec\/en\/wp-json\/wp\/v2\/product_cat?post=22217"},{"taxonomy":"product_tag","embeddable":true,"href":"https:\/\/tiendaflex.ec\/en\/wp-json\/wp\/v2\/product_tag?post=22217"}],"curies":[{"name":"wp","href":"https:\/\/api.w.org\/{rel}","templated":true}]}}