{"id":22214,"date":"2025-08-20T16:30:32","date_gmt":"2025-08-20T21:30:32","guid":{"rendered":"https:\/\/tiendaflex.ec\/?post_type=product&#038;p=22214"},"modified":"2025-09-08T16:34:14","modified_gmt":"2025-09-08T21:34:14","slug":"bateria-20v-max-1-7ah","status":"publish","type":"product","link":"https:\/\/tiendaflex.ec\/en\/product\/bateria-20v-max-1-7ah\/","title":{"rendered":"BATER\u00cdA 20V MAX \u2013 1.7Ah*"},"content":{"rendered":"","protected":false},"excerpt":{"rendered":"<p>Potencia, durabilidad y tecnolog\u00eda en un solo dise\u00f1o. La Bater\u00eda Compacta XR POWERSTACK\u2122 de 20V MAX* ofrece un rendimiento superior en un tama\u00f1o m\u00e1s ligero y compacto, ideal para quienes buscan eficiencia y comodidad en cada proyecto.<\/p>\n<ul>\n<li>Marca DEWALT<\/li>\n<\/ul>\n<p>\u2714\ufe0f Modelo: DCBP034<br \/>\n\u2714\ufe0f Tecnolog\u00eda XR POWERSTACK\u2122<br \/>\n\u2714\ufe0f Voltaje: 20V MAX*<br \/>\n\u2714\ufe0f Capacidad: 1.7 Ah<br \/>\n\u2714\ufe0f Dise\u00f1o compacto y ligero<br \/>\n\u2714\ufe0f Mayor vida \u00fatil y desempe\u00f1o constante<\/p>\n<p>\ud83d\udcf2 Contacto: +593984123231<\/p>\n<p>\u2728 Potencia confiable para cada herramienta, en el tama\u00f1o ideal.<\/p>","protected":false},"featured_media":22201,"comment_status":"open","ping_status":"closed","template":"","meta":{"_acf_changed":false},"product_brand":[],"product_cat":[544,622],"product_tag":[],"class_list":{"0":"post-22214","1":"product","2":"type-product","3":"status-publish","4":"has-post-thumbnail","6":"product_cat-agricultura-e-industria","7":"product_cat-baterias","9":"first","10":"instock","11":"sale","12":"taxable","13":"shipping-taxable","14":"purchasable","15":"product-type-simple"},"acf":[],"_links":{"self":[{"href":"https:\/\/tiendaflex.ec\/en\/wp-json\/wp\/v2\/product\/22214","targetHints":{"allow":["GET"]}}],"collection":[{"href":"https:\/\/tiendaflex.ec\/en\/wp-json\/wp\/v2\/product"}],"about":[{"href":"https:\/\/tiendaflex.ec\/en\/wp-json\/wp\/v2\/types\/product"}],"replies":[{"embeddable":true,"href":"https:\/\/tiendaflex.ec\/en\/wp-json\/wp\/v2\/comments?post=22214"}],"version-history":[{"count":3,"href":"https:\/\/tiendaflex.ec\/en\/wp-json\/wp\/v2\/product\/22214\/revisions"}],"predecessor-version":[{"id":23281,"href":"https:\/\/tiendaflex.ec\/en\/wp-json\/wp\/v2\/product\/22214\/revisions\/23281"}],"wp:featuredmedia":[{"embeddable":true,"href":"https:\/\/tiendaflex.ec\/en\/wp-json\/wp\/v2\/media\/22201"}],"wp:attachment":[{"href":"https:\/\/tiendaflex.ec\/en\/wp-json\/wp\/v2\/media?parent=22214"}],"wp:term":[{"taxonomy":"product_brand","embeddable":true,"href":"https:\/\/tiendaflex.ec\/en\/wp-json\/wp\/v2\/product_brand?post=22214"},{"taxonomy":"product_cat","embeddable":true,"href":"https:\/\/tiendaflex.ec\/en\/wp-json\/wp\/v2\/product_cat?post=22214"},{"taxonomy":"product_tag","embeddable":true,"href":"https:\/\/tiendaflex.ec\/en\/wp-json\/wp\/v2\/product_tag?post=22214"}],"curies":[{"name":"wp","href":"https:\/\/api.w.org\/{rel}","templated":true}]}}