{"id":22170,"date":"2025-08-19T21:21:33","date_gmt":"2025-08-20T02:21:33","guid":{"rendered":"https:\/\/tiendaflex.ec\/?post_type=product&#038;p=22170"},"modified":"2025-09-17T16:55:38","modified_gmt":"2025-09-17T21:55:38","slug":"cortasetos-20v-max","status":"publish","type":"product","link":"https:\/\/tiendaflex.ec\/en\/product\/cortasetos-20v-max\/","title":{"rendered":"CORTASETOS 20V MAX"},"content":{"rendered":"","protected":false},"excerpt":{"rendered":"<p>Haz que tu jard\u00edn luzca perfecto con este cortasetos inal\u00e1mbrico, dise\u00f1ado para ofrecer cortes limpios, c\u00f3modos y seguros en arbustos y cercas vivas. Su bater\u00eda de larga duraci\u00f3n y cuchilla de 22\u201d garantizan eficiencia y estabilidad en cada uso.<\/p>\n<ul>\n<li>Marca: BLACK+DECKER<\/li>\n<\/ul>\n<p>\u2714\ufe0f Potencia: 20V MAX*<br \/>\n\u2714\ufe0f Bater\u00eda: Ion-Litio 1.5 Ah<br \/>\n\u2714\ufe0f Capacidad de corte: 3\/4\u201d (19mm)<br \/>\n\u2714\ufe0f Tama\u00f1o de cuchilla: 22\u201d (560mm)<\/p>\n<p>\ud83c\udf31 Aplicaciones:<br \/>\n\u2022 Ideal para podar arbustos y cercas vivas.<br \/>\n\u2022 Robusto y eficiente para trabajos de jard\u00edn.<br \/>\n\u2022 Garantiza estabilidad y comodidad en cada corte.<\/p>\n<p>\u2728 Diferenciadores:<br \/>\n\u2714\ufe0f Bater\u00eda de 20V Ion-Litio LD120BAT: mantiene la carga hasta por 18 meses.<br \/>\n\u2714\ufe0f Autonom\u00eda de hasta 330m de arbustos con una sola carga.<br \/>\n\u2714\ufe0f Corte con 40% menos vibraciones.<br \/>\n\u2714\ufe0f Mayor separaci\u00f3n entre cuchillas: facilita cortes de hasta 19mm.<\/p>\n<p>\ud83d\udcde Cont\u00e1ctanos: +593984123231<\/p>\n<p>\ud83c\udf1f \u00a1Eficiencia, comodidad y precisi\u00f3n para tu jard\u00edn con la potencia de 20V MAX!<\/p>","protected":false},"featured_media":22133,"comment_status":"open","ping_status":"closed","template":"","meta":{"_acf_changed":false},"product_brand":[],"product_cat":[544,680],"product_tag":[],"class_list":{"0":"post-22170","1":"product","2":"type-product","3":"status-publish","4":"has-post-thumbnail","6":"product_cat-agricultura-e-industria","7":"product_cat-cortasetos","9":"first","10":"instock","11":"sale","12":"taxable","13":"shipping-taxable","14":"purchasable","15":"product-type-simple"},"acf":[],"_links":{"self":[{"href":"https:\/\/tiendaflex.ec\/en\/wp-json\/wp\/v2\/product\/22170","targetHints":{"allow":["GET"]}}],"collection":[{"href":"https:\/\/tiendaflex.ec\/en\/wp-json\/wp\/v2\/product"}],"about":[{"href":"https:\/\/tiendaflex.ec\/en\/wp-json\/wp\/v2\/types\/product"}],"replies":[{"embeddable":true,"href":"https:\/\/tiendaflex.ec\/en\/wp-json\/wp\/v2\/comments?post=22170"}],"version-history":[{"count":2,"href":"https:\/\/tiendaflex.ec\/en\/wp-json\/wp\/v2\/product\/22170\/revisions"}],"predecessor-version":[{"id":23348,"href":"https:\/\/tiendaflex.ec\/en\/wp-json\/wp\/v2\/product\/22170\/revisions\/23348"}],"wp:featuredmedia":[{"embeddable":true,"href":"https:\/\/tiendaflex.ec\/en\/wp-json\/wp\/v2\/media\/22133"}],"wp:attachment":[{"href":"https:\/\/tiendaflex.ec\/en\/wp-json\/wp\/v2\/media?parent=22170"}],"wp:term":[{"taxonomy":"product_brand","embeddable":true,"href":"https:\/\/tiendaflex.ec\/en\/wp-json\/wp\/v2\/product_brand?post=22170"},{"taxonomy":"product_cat","embeddable":true,"href":"https:\/\/tiendaflex.ec\/en\/wp-json\/wp\/v2\/product_cat?post=22170"},{"taxonomy":"product_tag","embeddable":true,"href":"https:\/\/tiendaflex.ec\/en\/wp-json\/wp\/v2\/product_tag?post=22170"}],"curies":[{"name":"wp","href":"https:\/\/api.w.org\/{rel}","templated":true}]}}