{"id":22162,"date":"2025-08-19T21:16:14","date_gmt":"2025-08-20T02:16:14","guid":{"rendered":"https:\/\/tiendaflex.ec\/?post_type=product&#038;p=22162"},"modified":"2025-09-09T22:27:25","modified_gmt":"2025-09-10T03:27:25","slug":"motosierra-10-20v-max","status":"publish","type":"product","link":"https:\/\/tiendaflex.ec\/en\/product\/motosierra-10-20v-max\/","title":{"rendered":"MOTOSIERRA 10\u201d 20V MAX"},"content":{"rendered":"","protected":false},"excerpt":{"rendered":"<p>Realiza cortes r\u00e1pidos y seguros sin depender de cables. Con bater\u00eda de 20V MAX*, esta motosierra te ofrece potencia, autonom\u00eda y practicidad para todo tipo de trabajos de jard\u00edn y bricolaje.<\/p>\n<ul>\n<li>Marca: BLACK+DECKER<\/li>\n<\/ul>\n<p>\u2714\ufe0f Bater\u00eda de litio 20V MAX* \u2013 Mayor duraci\u00f3n y rendimiento<br \/>\n\u2714\ufe0f Espada y cadena de 10\u201d \u2013 Cortes suaves y eficientes<br \/>\n\u2714\ufe0f Sistema de lubricaci\u00f3n autom\u00e1tico \u2013 Mayor vida \u00fatil<br \/>\n\u2714\ufe0f Dise\u00f1o ligero y port\u00e1til \u2013 Ideal para trabajar en cualquier lugar<\/p>\n<p>\ud83c\udf33 Aplicaciones ideales:<br \/>\n\u2714\ufe0f Corte de ramas grandes<br \/>\n\u2714\ufe0f Poda de \u00e1rboles<br \/>\n\u2714\ufe0f Preparaci\u00f3n de le\u00f1a<\/p>\n<p>\ud83d\udd27 Incluye Accesorios:<br \/>\n\u2022 (1) Bater\u00eda LBXR2020<br \/>\n\u2022 (1) Cargador LCS1620<br \/>\n\u2022 (1) Motosierra LCS1020<\/p>\n<p>\ud83d\udcde Cont\u00e1ctanos: +593984123231<\/p>\n<p>\u26a1 \u00a1Ligera, potente y siempre lista para tus proyectos de corte! \u26a1<\/p>","protected":false},"featured_media":22130,"comment_status":"open","ping_status":"closed","template":"","meta":{"_acf_changed":false},"product_brand":[],"product_cat":[544,559],"product_tag":[],"class_list":{"0":"post-22162","1":"product","2":"type-product","3":"status-publish","4":"has-post-thumbnail","6":"product_cat-agricultura-e-industria","7":"product_cat-sierras","9":"first","10":"instock","11":"sale","12":"taxable","13":"shipping-taxable","14":"purchasable","15":"product-type-simple"},"acf":[],"_links":{"self":[{"href":"https:\/\/tiendaflex.ec\/en\/wp-json\/wp\/v2\/product\/22162","targetHints":{"allow":["GET"]}}],"collection":[{"href":"https:\/\/tiendaflex.ec\/en\/wp-json\/wp\/v2\/product"}],"about":[{"href":"https:\/\/tiendaflex.ec\/en\/wp-json\/wp\/v2\/types\/product"}],"replies":[{"embeddable":true,"href":"https:\/\/tiendaflex.ec\/en\/wp-json\/wp\/v2\/comments?post=22162"}],"version-history":[{"count":2,"href":"https:\/\/tiendaflex.ec\/en\/wp-json\/wp\/v2\/product\/22162\/revisions"}],"predecessor-version":[{"id":23694,"href":"https:\/\/tiendaflex.ec\/en\/wp-json\/wp\/v2\/product\/22162\/revisions\/23694"}],"wp:featuredmedia":[{"embeddable":true,"href":"https:\/\/tiendaflex.ec\/en\/wp-json\/wp\/v2\/media\/22130"}],"wp:attachment":[{"href":"https:\/\/tiendaflex.ec\/en\/wp-json\/wp\/v2\/media?parent=22162"}],"wp:term":[{"taxonomy":"product_brand","embeddable":true,"href":"https:\/\/tiendaflex.ec\/en\/wp-json\/wp\/v2\/product_brand?post=22162"},{"taxonomy":"product_cat","embeddable":true,"href":"https:\/\/tiendaflex.ec\/en\/wp-json\/wp\/v2\/product_cat?post=22162"},{"taxonomy":"product_tag","embeddable":true,"href":"https:\/\/tiendaflex.ec\/en\/wp-json\/wp\/v2\/product_tag?post=22162"}],"curies":[{"name":"wp","href":"https:\/\/api.w.org\/{rel}","templated":true}]}}