{"id":22155,"date":"2025-08-19T21:11:22","date_gmt":"2025-08-20T02:11:22","guid":{"rendered":"https:\/\/tiendaflex.ec\/?post_type=product&#038;p=22155"},"modified":"2025-09-08T16:34:39","modified_gmt":"2025-09-08T21:34:39","slug":"lbxr20-bateria-20v-1-5-ah","status":"publish","type":"product","link":"https:\/\/tiendaflex.ec\/en\/product\/lbxr20-bateria-20v-1-5-ah\/","title":{"rendered":"LBXR20 &#8211; BATER\u00cdA 20V 1.5 AH"},"content":{"rendered":"","protected":false},"excerpt":{"rendered":"<p>Potencia confiable y duraci\u00f3n \u00f3ptima para todas tus herramientas BLACK+DECKER. Una sola bater\u00eda, m\u00faltiples usos, ideal para mantener tu trabajo en marcha sin interrupciones.<\/p>\n<ul>\n<li>Marca BLACK+DECKER<\/li>\n<\/ul>\n<p>\u2714\ufe0f Compatibilidad garantizada con:<br \/>\n\u2022 Desbrozadora de c\u00e9sped: LST201-BR<br \/>\n\u2022 Sopladora de hojas: LSW221-BR<br \/>\n\u2022 Cortador de cercas vivas: LHT2220-BR<br \/>\n\u2022 MATRIX BDCDM6KITC-BR<br \/>\n\u2022 Taladro\/Atornillador: BCD702C1-BR \/ BCD703C1-BR \/ BCD704C1-BR \/ BDCDE120C-BR<br \/>\n\u2022 Kit de Taladro\/Atornillador de 20V de 50 pzs: LD120KA-BR<\/p>\n<p>\ud83d\udcde Cont\u00e1ctanos: +593984123231<\/p>\n<p>\u26a1 Mant\u00e9n tu productividad al m\u00e1ximo con energ\u00eda confiable y duradera.<\/p>","protected":false},"featured_media":22139,"comment_status":"open","ping_status":"closed","template":"","meta":{"_acf_changed":false},"product_brand":[],"product_cat":[544,622],"product_tag":[],"class_list":{"0":"post-22155","1":"product","2":"type-product","3":"status-publish","4":"has-post-thumbnail","6":"product_cat-agricultura-e-industria","7":"product_cat-baterias","9":"first","10":"instock","11":"sale","12":"taxable","13":"shipping-taxable","14":"purchasable","15":"product-type-simple"},"acf":[],"_links":{"self":[{"href":"https:\/\/tiendaflex.ec\/en\/wp-json\/wp\/v2\/product\/22155","targetHints":{"allow":["GET"]}}],"collection":[{"href":"https:\/\/tiendaflex.ec\/en\/wp-json\/wp\/v2\/product"}],"about":[{"href":"https:\/\/tiendaflex.ec\/en\/wp-json\/wp\/v2\/types\/product"}],"replies":[{"embeddable":true,"href":"https:\/\/tiendaflex.ec\/en\/wp-json\/wp\/v2\/comments?post=22155"}],"version-history":[{"count":2,"href":"https:\/\/tiendaflex.ec\/en\/wp-json\/wp\/v2\/product\/22155\/revisions"}],"predecessor-version":[{"id":23277,"href":"https:\/\/tiendaflex.ec\/en\/wp-json\/wp\/v2\/product\/22155\/revisions\/23277"}],"wp:featuredmedia":[{"embeddable":true,"href":"https:\/\/tiendaflex.ec\/en\/wp-json\/wp\/v2\/media\/22139"}],"wp:attachment":[{"href":"https:\/\/tiendaflex.ec\/en\/wp-json\/wp\/v2\/media?parent=22155"}],"wp:term":[{"taxonomy":"product_brand","embeddable":true,"href":"https:\/\/tiendaflex.ec\/en\/wp-json\/wp\/v2\/product_brand?post=22155"},{"taxonomy":"product_cat","embeddable":true,"href":"https:\/\/tiendaflex.ec\/en\/wp-json\/wp\/v2\/product_cat?post=22155"},{"taxonomy":"product_tag","embeddable":true,"href":"https:\/\/tiendaflex.ec\/en\/wp-json\/wp\/v2\/product_tag?post=22155"}],"curies":[{"name":"wp","href":"https:\/\/api.w.org\/{rel}","templated":true}]}}