{"id":22153,"date":"2025-08-19T21:10:01","date_gmt":"2025-08-20T02:10:01","guid":{"rendered":"https:\/\/tiendaflex.ec\/?post_type=product&#038;p=22153"},"modified":"2025-09-08T16:35:03","modified_gmt":"2025-09-08T21:35:03","slug":"bateria-de-20v-1-5-ah","status":"publish","type":"product","link":"https:\/\/tiendaflex.ec\/en\/product\/bateria-de-20v-1-5-ah\/","title":{"rendered":"BATER\u00cdA DE 20V 1.5 AH"},"content":{"rendered":"","protected":false},"excerpt":{"rendered":"<p>Asegura el m\u00e1ximo rendimiento de tus herramientas con esta bater\u00eda compacta y de carga r\u00e1pida, dise\u00f1ada para ofrecer potencia constante y mayor durabilidad.<\/p>\n<ul>\n<li>Marca BLACK+DECKER<\/li>\n<\/ul>\n<p>\u2714\ufe0f Incluye cargador<br \/>\n\u2714\ufe0f Compacta y ligera<br \/>\n\u2714\ufe0f Potencia constante para todas tus tareas<br \/>\n\u2714\ufe0f Compatible con m\u00faltiples herramientas<\/p>\n<p>Compatibilidad:<br \/>\n\u2022 Desbrozadora de c\u00e9sped: LST201-BR<br \/>\n\u2022 Sopladora de hojas: LSW221-BR<br \/>\n\u2022 Cortador de cercas vivas: LHT2220-BR<br \/>\n\u2022 MATRIX BDCDM6KITC-BR<br \/>\n\u2022 Taladro\/Atornillador: BCD702C1-BR \/ BCD703C1-BR \/ BCD704C1-BR \/ BDCDE120C-BR<br \/>\n\u2022 Kit de Taladro\/Atornillador de 20V de 50 pzs: LD120KA-BR<\/p>\n<p>\ud83d\udcde Cont\u00e1ctanos: +593984123231<\/p>\n<p>\u26a1 Dale a tus herramientas la energ\u00eda que necesitan, \u00a1cuando m\u00e1s lo necesites!<\/p>","protected":false},"featured_media":22138,"comment_status":"open","ping_status":"closed","template":"","meta":{"_acf_changed":false},"product_brand":[],"product_cat":[544,622],"product_tag":[],"class_list":{"0":"post-22153","1":"product","2":"type-product","3":"status-publish","4":"has-post-thumbnail","6":"product_cat-agricultura-e-industria","7":"product_cat-baterias","9":"first","10":"instock","11":"sale","12":"taxable","13":"shipping-taxable","14":"purchasable","15":"product-type-simple"},"acf":[],"_links":{"self":[{"href":"https:\/\/tiendaflex.ec\/en\/wp-json\/wp\/v2\/product\/22153","targetHints":{"allow":["GET"]}}],"collection":[{"href":"https:\/\/tiendaflex.ec\/en\/wp-json\/wp\/v2\/product"}],"about":[{"href":"https:\/\/tiendaflex.ec\/en\/wp-json\/wp\/v2\/types\/product"}],"replies":[{"embeddable":true,"href":"https:\/\/tiendaflex.ec\/en\/wp-json\/wp\/v2\/comments?post=22153"}],"version-history":[{"count":2,"href":"https:\/\/tiendaflex.ec\/en\/wp-json\/wp\/v2\/product\/22153\/revisions"}],"predecessor-version":[{"id":23278,"href":"https:\/\/tiendaflex.ec\/en\/wp-json\/wp\/v2\/product\/22153\/revisions\/23278"}],"wp:featuredmedia":[{"embeddable":true,"href":"https:\/\/tiendaflex.ec\/en\/wp-json\/wp\/v2\/media\/22138"}],"wp:attachment":[{"href":"https:\/\/tiendaflex.ec\/en\/wp-json\/wp\/v2\/media?parent=22153"}],"wp:term":[{"taxonomy":"product_brand","embeddable":true,"href":"https:\/\/tiendaflex.ec\/en\/wp-json\/wp\/v2\/product_brand?post=22153"},{"taxonomy":"product_cat","embeddable":true,"href":"https:\/\/tiendaflex.ec\/en\/wp-json\/wp\/v2\/product_cat?post=22153"},{"taxonomy":"product_tag","embeddable":true,"href":"https:\/\/tiendaflex.ec\/en\/wp-json\/wp\/v2\/product_tag?post=22153"}],"curies":[{"name":"wp","href":"https:\/\/api.w.org\/{rel}","templated":true}]}}