{"id":22144,"date":"2025-08-19T21:02:47","date_gmt":"2025-08-20T02:02:47","guid":{"rendered":"https:\/\/tiendaflex.ec\/?post_type=product&#038;p=22144"},"modified":"2025-09-09T21:42:57","modified_gmt":"2025-09-10T02:42:57","slug":"bdcms20c-pulidora-mouse-20v","status":"publish","type":"product","link":"https:\/\/tiendaflex.ec\/en\/product\/bdcms20c-pulidora-mouse-20v\/","title":{"rendered":"BDCMS20C &#8211; PULIDORA MOUSE 20V"},"content":{"rendered":"","protected":false},"excerpt":{"rendered":"<p>Compacta, ergon\u00f3mica y potente \u26a1. Ideal para trabajos de detalle en espacios estrechos y esquinas dif\u00edciles, ofreciendo comodidad y control en cada uso.<\/p>\n<ul>\n<li>Marca: BLACK+DECKER<\/li>\n<\/ul>\n<p>\u2714\ufe0f Voltaje: 20V<br \/>\n\u2714\ufe0f Peso: 2.59 lbs (1.17 kg)<br \/>\n\u2714\ufe0f Dimensiones: 4 x 10 x 9 pulgadas<\/p>\n<p>\ud83d\udd39 Diferenciadores:<\/p>\n<ul>\n<li>Dise\u00f1o compacto y ergon\u00f3mico para m\u00e1xima accesibilidad<\/li>\n<li>Mango de 2 posiciones que facilita el control durante el pulido<\/li>\n<li>Detalle de accesorio intercambiable para llegar a zonas dif\u00edciles<\/li>\n<\/ul>\n<p>\ud83d\udd39 Aplicaciones:<\/p>\n<ul>\n<li>Pulido y lijado de esquinas y espacios estrechos \ud83c\udfe0<\/li>\n<li>Trabajos de detalle en madera, metal y superficies delicadas \ud83d\udd28<\/li>\n<li>Proyectos de bricolaje y restauraci\u00f3n \ud83d\udd8c\ufe0f<\/li>\n<\/ul>\n<p>\ud83d\udcf2 Contacto: +593984123231<\/p>\n<p>\u2728 \u00a1Alcanza cada rinc\u00f3n y detalle con comodidad y precisi\u00f3n!<\/p>","protected":false},"featured_media":22096,"comment_status":"open","ping_status":"closed","template":"","meta":{"_acf_changed":false},"product_brand":[],"product_cat":[544,624],"product_tag":[],"class_list":{"0":"post-22144","1":"product","2":"type-product","3":"status-publish","4":"has-post-thumbnail","6":"product_cat-agricultura-e-industria","7":"product_cat-lijadoras","9":"first","10":"instock","11":"sale","12":"taxable","13":"shipping-taxable","14":"purchasable","15":"product-type-simple"},"acf":[],"_links":{"self":[{"href":"https:\/\/tiendaflex.ec\/en\/wp-json\/wp\/v2\/product\/22144","targetHints":{"allow":["GET"]}}],"collection":[{"href":"https:\/\/tiendaflex.ec\/en\/wp-json\/wp\/v2\/product"}],"about":[{"href":"https:\/\/tiendaflex.ec\/en\/wp-json\/wp\/v2\/types\/product"}],"replies":[{"embeddable":true,"href":"https:\/\/tiendaflex.ec\/en\/wp-json\/wp\/v2\/comments?post=22144"}],"version-history":[{"count":2,"href":"https:\/\/tiendaflex.ec\/en\/wp-json\/wp\/v2\/product\/22144\/revisions"}],"predecessor-version":[{"id":23653,"href":"https:\/\/tiendaflex.ec\/en\/wp-json\/wp\/v2\/product\/22144\/revisions\/23653"}],"wp:featuredmedia":[{"embeddable":true,"href":"https:\/\/tiendaflex.ec\/en\/wp-json\/wp\/v2\/media\/22096"}],"wp:attachment":[{"href":"https:\/\/tiendaflex.ec\/en\/wp-json\/wp\/v2\/media?parent=22144"}],"wp:term":[{"taxonomy":"product_brand","embeddable":true,"href":"https:\/\/tiendaflex.ec\/en\/wp-json\/wp\/v2\/product_brand?post=22144"},{"taxonomy":"product_cat","embeddable":true,"href":"https:\/\/tiendaflex.ec\/en\/wp-json\/wp\/v2\/product_cat?post=22144"},{"taxonomy":"product_tag","embeddable":true,"href":"https:\/\/tiendaflex.ec\/en\/wp-json\/wp\/v2\/product_tag?post=22144"}],"curies":[{"name":"wp","href":"https:\/\/api.w.org\/{rel}","templated":true}]}}