{"id":22126,"date":"2025-08-19T12:33:34","date_gmt":"2025-08-19T17:33:34","guid":{"rendered":"https:\/\/tiendaflex.ec\/?post_type=product&#038;p=22126"},"modified":"2025-09-09T21:12:21","modified_gmt":"2025-09-10T02:12:21","slug":"dw0330sn-telemetro-laser-100m","status":"publish","type":"product","link":"https:\/\/tiendaflex.ec\/en\/product\/dw0330sn-telemetro-laser-100m\/","title":{"rendered":"DW0330SN &#8211; TEL\u00c9METRO L\u00c1SER 100M"},"content":{"rendered":"","protected":false},"excerpt":{"rendered":"<p>Medici\u00f3n de larga distancia, precisa y vers\u00e1til \ud83d\udccf. Ideal para proyectos de construcci\u00f3n, dise\u00f1o de interiores y trabajos profesionales que requieren exactitud y comodidad.<\/p>\n<ul>\n<li>Marca: DEWALT<\/li>\n<\/ul>\n<p>\u2714\ufe0f Alcance: 100 m (330 pies)<br \/>\n\u2714\ufe0f Pantalla: Color de 2,4&#8243;\u00bb<br \/>\n\u2714\ufe0f Unidades de medida: Metros y pulgadas<br \/>\n\u2714\ufe0f C\u00e1lculos: \u00c1rea, volumen y pit\u00e1goras<br \/>\n\u2714\ufe0f Protecci\u00f3n: Polvo y agua IP54<br \/>\n\u2714\ufe0f Encastre: 1\/4\u201d<br \/>\n\u2714\ufe0f Memoria: Hasta 20 resultados<br \/>\n\u2714\ufe0f Alimentaci\u00f3n: 3 Bater\u00edas AAA<br \/>\n\u2714\ufe0f Protecci\u00f3n de goma lateral con panel de luz<\/p>\n<p>\ud83d\udd39 Diferenciadores:<\/p>\n<ul>\n<li>Alcance de hasta 100 m para proyectos grandes<\/li>\n<li>Pantalla a color para lectura f\u00e1cil y r\u00e1pida<\/li>\n<li>Dise\u00f1o robusto con protecci\u00f3n IP54 contra polvo y agua<\/li>\n<\/ul>\n<p>\ud83d\udd39 Aplicaciones:<\/p>\n<ul>\n<li>Medici\u00f3n de distancias en construcci\u00f3n y obra \ud83c\udfd7\ufe0f<\/li>\n<li>C\u00e1lculos de \u00e1reas y vol\u00famenes para dise\u00f1o interior \ud83c\udfe0<\/li>\n<li>Instalaciones el\u00e9ctricas y de carpinter\u00eda \ud83d\udd28<\/li>\n<\/ul>\n<p>\ud83d\udd39 Incluye:<\/p>\n<ul>\n<li>Medidor de distancia l\u00e1ser DW0330SN<\/li>\n<li>(2) Bater\u00edas AAA<\/li>\n<\/ul>\n<p>\ud83d\udcf2 Contacto: +593984123231<\/p>\n<p>\u2728 \u00a1Precisi\u00f3n y versatilidad para cada proyecto, en la palma de tu mano!<\/p>","protected":false},"featured_media":22094,"comment_status":"open","ping_status":"closed","template":"","meta":{"_acf_changed":false},"product_brand":[],"product_cat":[544,704],"product_tag":[],"class_list":{"0":"post-22126","1":"product","2":"type-product","3":"status-publish","4":"has-post-thumbnail","6":"product_cat-agricultura-e-industria","7":"product_cat-herramientas-de-medicion","9":"first","10":"instock","11":"sale","12":"taxable","13":"shipping-taxable","14":"purchasable","15":"product-type-simple"},"acf":[],"_links":{"self":[{"href":"https:\/\/tiendaflex.ec\/en\/wp-json\/wp\/v2\/product\/22126","targetHints":{"allow":["GET"]}}],"collection":[{"href":"https:\/\/tiendaflex.ec\/en\/wp-json\/wp\/v2\/product"}],"about":[{"href":"https:\/\/tiendaflex.ec\/en\/wp-json\/wp\/v2\/types\/product"}],"replies":[{"embeddable":true,"href":"https:\/\/tiendaflex.ec\/en\/wp-json\/wp\/v2\/comments?post=22126"}],"version-history":[{"count":3,"href":"https:\/\/tiendaflex.ec\/en\/wp-json\/wp\/v2\/product\/22126\/revisions"}],"predecessor-version":[{"id":23633,"href":"https:\/\/tiendaflex.ec\/en\/wp-json\/wp\/v2\/product\/22126\/revisions\/23633"}],"wp:featuredmedia":[{"embeddable":true,"href":"https:\/\/tiendaflex.ec\/en\/wp-json\/wp\/v2\/media\/22094"}],"wp:attachment":[{"href":"https:\/\/tiendaflex.ec\/en\/wp-json\/wp\/v2\/media?parent=22126"}],"wp:term":[{"taxonomy":"product_brand","embeddable":true,"href":"https:\/\/tiendaflex.ec\/en\/wp-json\/wp\/v2\/product_brand?post=22126"},{"taxonomy":"product_cat","embeddable":true,"href":"https:\/\/tiendaflex.ec\/en\/wp-json\/wp\/v2\/product_cat?post=22126"},{"taxonomy":"product_tag","embeddable":true,"href":"https:\/\/tiendaflex.ec\/en\/wp-json\/wp\/v2\/product_tag?post=22126"}],"curies":[{"name":"wp","href":"https:\/\/api.w.org\/{rel}","templated":true}]}}