{"id":22107,"date":"2025-08-19T11:50:30","date_gmt":"2025-08-19T16:50:30","guid":{"rendered":"https:\/\/tiendaflex.ec\/?post_type=product&#038;p=22107"},"modified":"2025-09-08T21:26:45","modified_gmt":"2025-09-09T02:26:45","slug":"d25966-martillo-demoledor-41j","status":"publish","type":"product","link":"https:\/\/tiendaflex.ec\/en\/product\/d25966-martillo-demoledor-41j\/","title":{"rendered":"D25966 &#8211; MARTILLO DEMOLEDOR 41J"},"content":{"rendered":"","protected":false},"excerpt":{"rendered":"<p>Potencia extrema y m\u00e1xima resistencia \u26a1. Dise\u00f1ado para los trabajos de demolici\u00f3n m\u00e1s exigentes, brindando fuerza imparable en obra pesada y construcci\u00f3n.<\/p>\n<ul>\n<li>Marca: DEWALT<\/li>\n<\/ul>\n<p>\u2714\ufe0f Potencia: Al\u00e1mbrico<br \/>\n\u2714\ufe0f Encastre: 1-1\/8&#8243;\u00bb (28mm) HEX<br \/>\n\u2714\ufe0f Golpes por minuto: 1,080 GPM<br \/>\n\u2714\ufe0f Energ\u00eda de impacto: 41J \u2020 (EPTA 05\/2009)<br \/>\n\u2714\ufe0f Medici\u00f3n de vibraci\u00f3n: 6.5 m\/s\u00b2 \/ 1.5 m\/s\u00b2<br \/>\n\u2714\ufe0f Posiciones de cincelado: N\/A<br \/>\n\u2714\ufe0f Peso: 17.2 kg (41 lbs)<\/p>\n<p>\ud83d\udd39 Diferenciadores:<\/p>\n<ul>\n<li>Golpes potentes para demolici\u00f3n industrial<\/li>\n<li>Construcci\u00f3n robusta y de larga vida \u00fatil<\/li>\n<li>Mango auxiliar para mayor control y comodidad<\/li>\n<\/ul>\n<p>\ud83d\udd39 Aplicaciones:<\/p>\n<ul>\n<li>Demolici\u00f3n de concreto reforzado \ud83e\uddf1<\/li>\n<li>Construcci\u00f3n de obra pesada \ud83c\udfd7\ufe0f<\/li>\n<li>Trabajos industriales de alta exigencia \ud83d\udd28<\/li>\n<\/ul>\n<p>\ud83d\udd39 Incluye:<br \/>\n(1) Martillo demoledor hexagonal de 41J<br \/>\n(1) Mango auxiliar<\/p>\n<p>\ud83d\udcf2 Contacto: +593984123231<\/p>\n<p>\u2728 \u00a1Haz de la demolici\u00f3n un trabajo r\u00e1pido, potente y profesional!<\/p>","protected":false},"featured_media":22101,"comment_status":"open","ping_status":"closed","template":"","meta":{"_acf_changed":false},"product_brand":[],"product_cat":[544,703],"product_tag":[],"class_list":{"0":"post-22107","1":"product","2":"type-product","3":"status-publish","4":"has-post-thumbnail","6":"product_cat-agricultura-e-industria","7":"product_cat-demoledores","9":"first","10":"instock","11":"sale","12":"taxable","13":"shipping-taxable","14":"purchasable","15":"product-type-simple"},"acf":[],"_links":{"self":[{"href":"https:\/\/tiendaflex.ec\/en\/wp-json\/wp\/v2\/product\/22107","targetHints":{"allow":["GET"]}}],"collection":[{"href":"https:\/\/tiendaflex.ec\/en\/wp-json\/wp\/v2\/product"}],"about":[{"href":"https:\/\/tiendaflex.ec\/en\/wp-json\/wp\/v2\/types\/product"}],"replies":[{"embeddable":true,"href":"https:\/\/tiendaflex.ec\/en\/wp-json\/wp\/v2\/comments?post=22107"}],"version-history":[{"count":2,"href":"https:\/\/tiendaflex.ec\/en\/wp-json\/wp\/v2\/product\/22107\/revisions"}],"predecessor-version":[{"id":23399,"href":"https:\/\/tiendaflex.ec\/en\/wp-json\/wp\/v2\/product\/22107\/revisions\/23399"}],"wp:featuredmedia":[{"embeddable":true,"href":"https:\/\/tiendaflex.ec\/en\/wp-json\/wp\/v2\/media\/22101"}],"wp:attachment":[{"href":"https:\/\/tiendaflex.ec\/en\/wp-json\/wp\/v2\/media?parent=22107"}],"wp:term":[{"taxonomy":"product_brand","embeddable":true,"href":"https:\/\/tiendaflex.ec\/en\/wp-json\/wp\/v2\/product_brand?post=22107"},{"taxonomy":"product_cat","embeddable":true,"href":"https:\/\/tiendaflex.ec\/en\/wp-json\/wp\/v2\/product_cat?post=22107"},{"taxonomy":"product_tag","embeddable":true,"href":"https:\/\/tiendaflex.ec\/en\/wp-json\/wp\/v2\/product_tag?post=22107"}],"curies":[{"name":"wp","href":"https:\/\/api.w.org\/{rel}","templated":true}]}}