{"id":22088,"date":"2025-08-19T00:07:44","date_gmt":"2025-08-19T05:07:44","guid":{"rendered":"https:\/\/tiendaflex.ec\/?post_type=product&#038;p=22088"},"modified":"2025-09-09T21:45:19","modified_gmt":"2025-09-10T02:45:19","slug":"kp12k-b3-pulidora-10","status":"publish","type":"product","link":"https:\/\/tiendaflex.ec\/en\/product\/kp12k-b3-pulidora-10\/","title":{"rendered":"KP12K-B3 &#8211; PULIDORA 10\u201d"},"content":{"rendered":"","protected":false},"excerpt":{"rendered":"<p>Pulido f\u00e1cil, preciso y con menor esfuerzo \ud83d\udc8e. Dise\u00f1ada para autom\u00f3viles, motos y m\u00e1rmol, garantizando acabados brillantes y profesionales en cada uso.<\/p>\n<ul>\n<li>Marca: BLACK+DECKER<\/li>\n<\/ul>\n<p>\u2714\ufe0f Potencia: 120W<br \/>\n\u2714\ufe0f Velocidad: 3,200 OPM<br \/>\n\u2714\ufe0f Cable: 2 m<br \/>\n\u2714\ufe0f Peso: 2.8 kg<\/p>\n<p>\ud83d\udd39 Diferenciadores:<\/p>\n<ul>\n<li>Baja vibraci\u00f3n para mayor comodidad<\/li>\n<li>Empu\u00f1adura circular que facilita la visualizaci\u00f3n<\/li>\n<li>Base estable para un manejo seguro<\/li>\n<\/ul>\n<p>\ud83d\udd39 Aplicaciones:<\/p>\n<ul>\n<li>Pulido de veh\u00edculos \ud83d\ude97<\/li>\n<li>Pulido de motos \ud83c\udfcd\ufe0f<\/li>\n<li>Pulido de m\u00e1rmol y superficies lisas \ud83e\udea8<\/li>\n<\/ul>\n<p>\ud83d\udd39 Accesorios incluidos:<\/p>\n<p>(3) Bonetes para pulir<\/p>\n<p>\ud83d\udcf2 Contacto: +593984123231<\/p>\n<p>\u2728 \u00a1Dale brillo y vida a tus superficies con facilidad y profesionalismo!<\/p>","protected":false},"featured_media":22085,"comment_status":"open","ping_status":"closed","template":"","meta":{"_acf_changed":false},"product_brand":[],"product_cat":[544,624],"product_tag":[],"class_list":{"0":"post-22088","1":"product","2":"type-product","3":"status-publish","4":"has-post-thumbnail","6":"product_cat-agricultura-e-industria","7":"product_cat-lijadoras","9":"first","10":"instock","11":"sale","12":"taxable","13":"shipping-taxable","14":"purchasable","15":"product-type-simple"},"acf":[],"_links":{"self":[{"href":"https:\/\/tiendaflex.ec\/en\/wp-json\/wp\/v2\/product\/22088","targetHints":{"allow":["GET"]}}],"collection":[{"href":"https:\/\/tiendaflex.ec\/en\/wp-json\/wp\/v2\/product"}],"about":[{"href":"https:\/\/tiendaflex.ec\/en\/wp-json\/wp\/v2\/types\/product"}],"replies":[{"embeddable":true,"href":"https:\/\/tiendaflex.ec\/en\/wp-json\/wp\/v2\/comments?post=22088"}],"version-history":[{"count":2,"href":"https:\/\/tiendaflex.ec\/en\/wp-json\/wp\/v2\/product\/22088\/revisions"}],"predecessor-version":[{"id":23655,"href":"https:\/\/tiendaflex.ec\/en\/wp-json\/wp\/v2\/product\/22088\/revisions\/23655"}],"wp:featuredmedia":[{"embeddable":true,"href":"https:\/\/tiendaflex.ec\/en\/wp-json\/wp\/v2\/media\/22085"}],"wp:attachment":[{"href":"https:\/\/tiendaflex.ec\/en\/wp-json\/wp\/v2\/media?parent=22088"}],"wp:term":[{"taxonomy":"product_brand","embeddable":true,"href":"https:\/\/tiendaflex.ec\/en\/wp-json\/wp\/v2\/product_brand?post=22088"},{"taxonomy":"product_cat","embeddable":true,"href":"https:\/\/tiendaflex.ec\/en\/wp-json\/wp\/v2\/product_cat?post=22088"},{"taxonomy":"product_tag","embeddable":true,"href":"https:\/\/tiendaflex.ec\/en\/wp-json\/wp\/v2\/product_tag?post=22088"}],"curies":[{"name":"wp","href":"https:\/\/api.w.org\/{rel}","templated":true}]}}