{"id":22080,"date":"2025-08-18T23:46:48","date_gmt":"2025-08-19T04:46:48","guid":{"rendered":"https:\/\/tiendaflex.ec\/?post_type=product&#038;p=22080"},"modified":"2025-09-09T21:45:53","modified_gmt":"2025-09-10T02:45:53","slug":"lijadora-200w-5","status":"publish","type":"product","link":"https:\/\/tiendaflex.ec\/en\/product\/lijadora-200w-5\/","title":{"rendered":"LIJADORA 200W 5\u201d"},"content":{"rendered":"","protected":false},"excerpt":{"rendered":"<p>Lija con precisi\u00f3n y comodidad superficies de madera y metal. Ideal para ventanas, puertas, muebles, estanter\u00edas y lugares de dif\u00edcil acceso. Su dise\u00f1o ergon\u00f3mico y funciones avanzadas permiten un trabajo limpio y eficiente.<\/p>\n<ul>\n<li>Marca: BLACK+DECKER<\/li>\n<\/ul>\n<p>\u2714\ufe0f Potencia: 127V (200W) \/ 220V (180W)<br \/>\n\u2714\ufe0f Velocidad: 12,000 OPR<br \/>\n\u2714\ufe0f Base autoadhesiva con 8 agujeros<br \/>\n\u2714\ufe0f Longitud del cable: 1.85 m<br \/>\n\u2714\ufe0f Peso: 1.4 Kg<br \/>\n\u2714\ufe0f Recolector de polvo para mantener limpio el \u00e1rea de trabajo<br \/>\n\u2714\ufe0f Mango engomado para mayor confort<br \/>\n\u2714\ufe0f Roto orbital para lijado uniforme<br \/>\n\u2714\ufe0f Interruptor sellado contra polvo<br \/>\n\u2714\ufe0f Incluye: Lija y recolector de polvo<\/p>\n<p>\ud83d\udcf2 Contacto: +593984123231<\/p>\n<p>\u26a1 \u00a1Lijado profesional y limpio para todos tus proyectos de carpinter\u00eda y metalurgia!<\/p>","protected":false},"featured_media":22002,"comment_status":"open","ping_status":"closed","template":"","meta":{"_acf_changed":false},"product_brand":[],"product_cat":[544,624],"product_tag":[],"class_list":{"0":"post-22080","1":"product","2":"type-product","3":"status-publish","4":"has-post-thumbnail","6":"product_cat-agricultura-e-industria","7":"product_cat-lijadoras","9":"first","10":"instock","11":"sale","12":"taxable","13":"shipping-taxable","14":"purchasable","15":"product-type-simple"},"acf":[],"_links":{"self":[{"href":"https:\/\/tiendaflex.ec\/en\/wp-json\/wp\/v2\/product\/22080","targetHints":{"allow":["GET"]}}],"collection":[{"href":"https:\/\/tiendaflex.ec\/en\/wp-json\/wp\/v2\/product"}],"about":[{"href":"https:\/\/tiendaflex.ec\/en\/wp-json\/wp\/v2\/types\/product"}],"replies":[{"embeddable":true,"href":"https:\/\/tiendaflex.ec\/en\/wp-json\/wp\/v2\/comments?post=22080"}],"version-history":[{"count":2,"href":"https:\/\/tiendaflex.ec\/en\/wp-json\/wp\/v2\/product\/22080\/revisions"}],"predecessor-version":[{"id":23657,"href":"https:\/\/tiendaflex.ec\/en\/wp-json\/wp\/v2\/product\/22080\/revisions\/23657"}],"wp:featuredmedia":[{"embeddable":true,"href":"https:\/\/tiendaflex.ec\/en\/wp-json\/wp\/v2\/media\/22002"}],"wp:attachment":[{"href":"https:\/\/tiendaflex.ec\/en\/wp-json\/wp\/v2\/media?parent=22080"}],"wp:term":[{"taxonomy":"product_brand","embeddable":true,"href":"https:\/\/tiendaflex.ec\/en\/wp-json\/wp\/v2\/product_brand?post=22080"},{"taxonomy":"product_cat","embeddable":true,"href":"https:\/\/tiendaflex.ec\/en\/wp-json\/wp\/v2\/product_cat?post=22080"},{"taxonomy":"product_tag","embeddable":true,"href":"https:\/\/tiendaflex.ec\/en\/wp-json\/wp\/v2\/product_tag?post=22080"}],"curies":[{"name":"wp","href":"https:\/\/api.w.org\/{rel}","templated":true}]}}