{"id":22024,"date":"2025-08-18T23:05:32","date_gmt":"2025-08-19T04:05:32","guid":{"rendered":"https:\/\/tiendaflex.ec\/?post_type=product&#038;p=22024"},"modified":"2025-09-17T12:09:26","modified_gmt":"2025-09-17T17:09:26","slug":"dcf900b-llave-de-impacto-1-2","status":"publish","type":"product","link":"https:\/\/tiendaflex.ec\/en\/product\/dcf900b-llave-de-impacto-1-2\/","title":{"rendered":"DCF900B &#8211;\u00a0LLAVE DE IMPACTO 1\/2&#8243;"},"content":{"rendered":"","protected":false},"excerpt":{"rendered":"<p>Potencia y precisi\u00f3n profesional en tus manos. Ideal para trabajos exigentes de apriete y afloje en talleres, construcci\u00f3n y mantenimiento. No incluye bater\u00eda ni cargador.<\/p>\n<ul>\n<li>Marca: DEWALT<\/li>\n<\/ul>\n<p>\u2714\ufe0f Voltaje: 20V MAX*<br \/>\n\u2714\ufe0f Tama\u00f1o del cuadrante: 1\/2&#8243;\u00bb (13mm)<br \/>\n\u2714\ufe0f Tipo de retenci\u00f3n: Anillo<br \/>\n\u2714\ufe0f Velocidad sin carga:<\/p>\n<p>Avance: 0-650 \/ 0-1040 \/ 0-2300 RPM<\/p>\n<p>Precision Wrench\u2122: 0-2300 RPM<\/p>\n<p>Reversa: 0-2300 RPM<br \/>\n\u2714\ufe0f Impactos por minuto (IPM):<\/p>\n<ul>\n<li>Vel.1: 0-1100 IPM<\/li>\n<li>Vel.2: 0-2000 IPM<\/li>\n<li>Vel.3: 0-2200 IPM<\/li>\n<\/ul>\n<p>Precision Wrench\u2122: 0-2200 IPM<br \/>\n\u2714\ufe0f Torque m\u00e1ximo:<\/p>\n<ul>\n<li>Torque 1: 100 Lbs-Pie (135 Nm)<\/li>\n<li>Torque 2: 600 Lbs-Pie (813 Nm)<\/li>\n<li>Torque 3: 1030 Lbs-Pie (1396 Nm)<\/li>\n<li>Precision Wrench\u2122: 1030 Lbs-Pie (1396 Nm)<\/li>\n<li>Torque de ruptura: 1400 Lbs-Pie (1898 Nm)<\/li>\n<\/ul>\n<p>\u2714\ufe0f Longitud de la herramienta: 224 mm (8.8&#8243;\u00bb)<br \/>\n\u2714\ufe0f Peso: 2.8 Kg (6.1 Lbs)<\/p>\n<p>\ud83d\udcde Cont\u00e1ctanos: +593984123231<\/p>\n<p>\u2728 \u00a1M\u00e1xima fuerza y control para trabajos profesionales exigentes!<\/p>","protected":false},"featured_media":21982,"comment_status":"open","ping_status":"closed","template":"","meta":{"_acf_changed":false},"product_brand":[],"product_cat":[544,595],"product_tag":[],"class_list":{"0":"post-22024","1":"product","2":"type-product","3":"status-publish","4":"has-post-thumbnail","6":"product_cat-agricultura-e-industria","7":"product_cat-atornilladores-y-destornilladores","9":"first","10":"instock","11":"sale","12":"taxable","13":"shipping-taxable","14":"purchasable","15":"product-type-simple"},"acf":[],"_links":{"self":[{"href":"https:\/\/tiendaflex.ec\/en\/wp-json\/wp\/v2\/product\/22024","targetHints":{"allow":["GET"]}}],"collection":[{"href":"https:\/\/tiendaflex.ec\/en\/wp-json\/wp\/v2\/product"}],"about":[{"href":"https:\/\/tiendaflex.ec\/en\/wp-json\/wp\/v2\/types\/product"}],"replies":[{"embeddable":true,"href":"https:\/\/tiendaflex.ec\/en\/wp-json\/wp\/v2\/comments?post=22024"}],"version-history":[{"count":4,"href":"https:\/\/tiendaflex.ec\/en\/wp-json\/wp\/v2\/product\/22024\/revisions"}],"predecessor-version":[{"id":24131,"href":"https:\/\/tiendaflex.ec\/en\/wp-json\/wp\/v2\/product\/22024\/revisions\/24131"}],"wp:featuredmedia":[{"embeddable":true,"href":"https:\/\/tiendaflex.ec\/en\/wp-json\/wp\/v2\/media\/21982"}],"wp:attachment":[{"href":"https:\/\/tiendaflex.ec\/en\/wp-json\/wp\/v2\/media?parent=22024"}],"wp:term":[{"taxonomy":"product_brand","embeddable":true,"href":"https:\/\/tiendaflex.ec\/en\/wp-json\/wp\/v2\/product_brand?post=22024"},{"taxonomy":"product_cat","embeddable":true,"href":"https:\/\/tiendaflex.ec\/en\/wp-json\/wp\/v2\/product_cat?post=22024"},{"taxonomy":"product_tag","embeddable":true,"href":"https:\/\/tiendaflex.ec\/en\/wp-json\/wp\/v2\/product_tag?post=22024"}],"curies":[{"name":"wp","href":"https:\/\/api.w.org\/{rel}","templated":true}]}}