{"id":22011,"date":"2025-08-18T18:57:03","date_gmt":"2025-08-18T23:57:03","guid":{"rendered":"https:\/\/tiendaflex.ec\/?post_type=product&#038;p=22011"},"modified":"2025-08-18T18:57:03","modified_gmt":"2025-08-18T23:57:03","slug":"taladro-atornillador-12v","status":"publish","type":"product","link":"https:\/\/tiendaflex.ec\/en\/product\/taladro-atornillador-12v\/","title":{"rendered":"TALADRO \/ ATORNILLADOR 12V"},"content":{"rendered":"","protected":false},"excerpt":{"rendered":"<p>Vers\u00e1til, ligero y potente. Ideal para trabajos de bricolaje en el hogar u oficina: desde muebles y estanter\u00edas hasta soportes y peque\u00f1os proyectos en madera o metal.<\/p>\n<p>\u2714\ufe0f Bater\u00eda: 12V \u2013 1.5 Ah<br \/>\n\u2714\ufe0f Velocidad: 0-400\/min \u2013 0-1400\/min<br \/>\n\u2714\ufe0f Torque m\u00e1ximo: 25 Nm<br \/>\n\u2714\ufe0f Portabrocas: 3\/8\u201d (10mm) sin llave<br \/>\n\u2714\ufe0f Peso: 1.27 kg<br \/>\n\u2714\ufe0f 20 posiciones de par de apriete para m\u00e1ximo control<br \/>\n\u2714\ufe0f Funci\u00f3n atornillador + taladro (madera, metal y pl\u00e1stico)<\/p>\n<p>\ud83d\udcde Cont\u00e1ctanos: +593 984123231<\/p>\n<p>\u2728 \u00a1Haz tus proyectos m\u00e1s f\u00e1ciles y r\u00e1pidos con la potencia que necesitas!<\/p>","protected":false},"featured_media":21992,"comment_status":"open","ping_status":"closed","template":"","meta":{"_acf_changed":false},"product_brand":[],"product_cat":[544,558],"product_tag":[],"class_list":{"0":"post-22011","1":"product","2":"type-product","3":"status-publish","4":"has-post-thumbnail","6":"product_cat-agricultura-e-industria","7":"product_cat-taladro","9":"first","10":"instock","11":"sale","12":"taxable","13":"shipping-taxable","14":"purchasable","15":"product-type-simple"},"acf":[],"_links":{"self":[{"href":"https:\/\/tiendaflex.ec\/en\/wp-json\/wp\/v2\/product\/22011","targetHints":{"allow":["GET"]}}],"collection":[{"href":"https:\/\/tiendaflex.ec\/en\/wp-json\/wp\/v2\/product"}],"about":[{"href":"https:\/\/tiendaflex.ec\/en\/wp-json\/wp\/v2\/types\/product"}],"replies":[{"embeddable":true,"href":"https:\/\/tiendaflex.ec\/en\/wp-json\/wp\/v2\/comments?post=22011"}],"version-history":[{"count":2,"href":"https:\/\/tiendaflex.ec\/en\/wp-json\/wp\/v2\/product\/22011\/revisions"}],"predecessor-version":[{"id":22014,"href":"https:\/\/tiendaflex.ec\/en\/wp-json\/wp\/v2\/product\/22011\/revisions\/22014"}],"wp:featuredmedia":[{"embeddable":true,"href":"https:\/\/tiendaflex.ec\/en\/wp-json\/wp\/v2\/media\/21992"}],"wp:attachment":[{"href":"https:\/\/tiendaflex.ec\/en\/wp-json\/wp\/v2\/media?parent=22011"}],"wp:term":[{"taxonomy":"product_brand","embeddable":true,"href":"https:\/\/tiendaflex.ec\/en\/wp-json\/wp\/v2\/product_brand?post=22011"},{"taxonomy":"product_cat","embeddable":true,"href":"https:\/\/tiendaflex.ec\/en\/wp-json\/wp\/v2\/product_cat?post=22011"},{"taxonomy":"product_tag","embeddable":true,"href":"https:\/\/tiendaflex.ec\/en\/wp-json\/wp\/v2\/product_tag?post=22011"}],"curies":[{"name":"wp","href":"https:\/\/api.w.org\/{rel}","templated":true}]}}