{"id":22009,"date":"2025-08-18T18:54:51","date_gmt":"2025-08-18T23:54:51","guid":{"rendered":"https:\/\/tiendaflex.ec\/?post_type=product&#038;p=22009"},"modified":"2025-08-18T18:54:51","modified_gmt":"2025-08-18T23:54:51","slug":"hd555-b3-taladro-de-impacto-1-2-13mm","status":"publish","type":"product","link":"https:\/\/tiendaflex.ec\/en\/product\/hd555-b3-taladro-de-impacto-1-2-13mm\/","title":{"rendered":"HD555-B3-TALADRO DE IMPACTO 1\/2\u201d (13MM)"},"content":{"rendered":"","protected":false},"excerpt":{"rendered":"<p>Potente, vers\u00e1til y confiable \ud83d\udcaa. Ideal para perforar en mamposter\u00eda, metal y madera, convirti\u00e9ndose en tu mejor aliado para proyectos de instalaci\u00f3n, reparaciones y manualidades.<\/p>\n<p>\u2714\ufe0f Potencia: 550W<br \/>\n\u2714\ufe0f Velocidad: 0 \u2013 2,800 RPM VVR<br \/>\n\u2714\ufe0f Impacto: 0 \u2013 45,000 IPM<br \/>\n\u2714\ufe0f Portabrocas: 1\/2\u201d (13MM)<br \/>\n\u2714\ufe0f Capacidad de perforaci\u00f3n:<br \/>\n\u2022 Mamposter\u00eda: 13MM<br \/>\n\u2022 Metal: 13MM<br \/>\n\u2022 Madera: 25MM<br \/>\n\u2714\ufe0f Peso: 2.8 KG<br \/>\n\u2714\ufe0f Funciones: Velocidad variable-reversible, gatillo de dos dedos con bloqueo, potente motor.<\/p>\n<p>\ud83d\udce6 Incluye:<br \/>\n(1) Taladro, (1) Llave, (1) Empu\u00f1adura lateral, (1) Barra de profundidad.<\/p>\n<p>\ud83d\udcf2 Cont\u00e1ctanos: +593984123231<\/p>\n<p>\u2728 \u00a1Herramienta confiable para tus proyectos grandes y peque\u00f1os!<\/p>","protected":false},"featured_media":21986,"comment_status":"open","ping_status":"closed","template":"","meta":{"_acf_changed":false},"product_brand":[],"product_cat":[544,558],"product_tag":[],"class_list":{"0":"post-22009","1":"product","2":"type-product","3":"status-publish","4":"has-post-thumbnail","6":"product_cat-agricultura-e-industria","7":"product_cat-taladro","9":"first","10":"instock","11":"sale","12":"taxable","13":"shipping-taxable","14":"purchasable","15":"product-type-simple"},"acf":[],"_links":{"self":[{"href":"https:\/\/tiendaflex.ec\/en\/wp-json\/wp\/v2\/product\/22009","targetHints":{"allow":["GET"]}}],"collection":[{"href":"https:\/\/tiendaflex.ec\/en\/wp-json\/wp\/v2\/product"}],"about":[{"href":"https:\/\/tiendaflex.ec\/en\/wp-json\/wp\/v2\/types\/product"}],"replies":[{"embeddable":true,"href":"https:\/\/tiendaflex.ec\/en\/wp-json\/wp\/v2\/comments?post=22009"}],"version-history":[{"count":2,"href":"https:\/\/tiendaflex.ec\/en\/wp-json\/wp\/v2\/product\/22009\/revisions"}],"predecessor-version":[{"id":22012,"href":"https:\/\/tiendaflex.ec\/en\/wp-json\/wp\/v2\/product\/22009\/revisions\/22012"}],"wp:featuredmedia":[{"embeddable":true,"href":"https:\/\/tiendaflex.ec\/en\/wp-json\/wp\/v2\/media\/21986"}],"wp:attachment":[{"href":"https:\/\/tiendaflex.ec\/en\/wp-json\/wp\/v2\/media?parent=22009"}],"wp:term":[{"taxonomy":"product_brand","embeddable":true,"href":"https:\/\/tiendaflex.ec\/en\/wp-json\/wp\/v2\/product_brand?post=22009"},{"taxonomy":"product_cat","embeddable":true,"href":"https:\/\/tiendaflex.ec\/en\/wp-json\/wp\/v2\/product_cat?post=22009"},{"taxonomy":"product_tag","embeddable":true,"href":"https:\/\/tiendaflex.ec\/en\/wp-json\/wp\/v2\/product_tag?post=22009"}],"curies":[{"name":"wp","href":"https:\/\/api.w.org\/{rel}","templated":true}]}}