{"id":21965,"date":"2025-08-15T23:18:14","date_gmt":"2025-08-16T04:18:14","guid":{"rendered":"https:\/\/tiendaflex.ec\/?post_type=product&#038;p=21965"},"modified":"2025-09-16T19:57:43","modified_gmt":"2025-09-17T00:57:43","slug":"aspiradora-20v-scv002-b3","status":"publish","type":"product","link":"https:\/\/tiendaflex.ec\/en\/product\/aspiradora-20v-scv002-b3\/","title":{"rendered":"ASPIRADORA 20V \u2013 SCV002-B3"},"content":{"rendered":"","protected":false},"excerpt":{"rendered":"<p>Pr\u00e1ctica, potente y vers\u00e1til. Ideal para limpieza de l\u00edquidos y s\u00f3lidos, manteniendo tu espacio de trabajo limpio y saludable.<\/p>\n<p>Marca: STANLEY<\/p>\n<ul>\n<li>Sin bater\u00eda ni cargador<\/li>\n<\/ul>\n<p>\u2714\ufe0f Voltaje: 20V MAX<br \/>\n\u2714\ufe0f Capacidad: 7.5 litros<br \/>\n\u2714\ufe0f Filtro: HEPA (eficiencia 99.97%)<br \/>\n\u2714\ufe0f Largo de manguera: 2.4 m<br \/>\n\u2714\ufe0f Peso: 3.32 kg<br \/>\n\u2714\ufe0f Motor potente para limpieza eficaz de vertidos h\u00famedos y secos<br \/>\n\u2714\ufe0f Tipo: Bare tool (sin bater\u00eda ni cargador)<\/p>\n<p>\u2728 Diferenciadores:<br \/>\n\u2705 Filtro HEPA de grado profesional captura polvo y al\u00e9rgenos<br \/>\n\u2705 Ideal para mantener un ambiente de trabajo limpio y saludable<\/p>\n<p>\ud83d\udcf2 Cont\u00e1ctanos: +593984123231<\/p>\n<p>\u26a1 \u00a1Limpieza r\u00e1pida y eficaz en seco o h\u00famedo, en cualquier lugar!<\/p>","protected":false},"featured_media":21932,"comment_status":"open","ping_status":"closed","template":"","meta":{"_acf_changed":false},"product_brand":[],"product_cat":[544,603],"product_tag":[],"class_list":{"0":"post-21965","1":"product","2":"type-product","3":"status-publish","4":"has-post-thumbnail","6":"product_cat-agricultura-e-industria","7":"product_cat-aspiradoras","9":"first","10":"instock","11":"sale","12":"taxable","13":"shipping-taxable","14":"purchasable","15":"product-type-simple"},"acf":[],"_links":{"self":[{"href":"https:\/\/tiendaflex.ec\/en\/wp-json\/wp\/v2\/product\/21965","targetHints":{"allow":["GET"]}}],"collection":[{"href":"https:\/\/tiendaflex.ec\/en\/wp-json\/wp\/v2\/product"}],"about":[{"href":"https:\/\/tiendaflex.ec\/en\/wp-json\/wp\/v2\/types\/product"}],"replies":[{"embeddable":true,"href":"https:\/\/tiendaflex.ec\/en\/wp-json\/wp\/v2\/comments?post=21965"}],"version-history":[{"count":5,"href":"https:\/\/tiendaflex.ec\/en\/wp-json\/wp\/v2\/product\/21965\/revisions"}],"predecessor-version":[{"id":24005,"href":"https:\/\/tiendaflex.ec\/en\/wp-json\/wp\/v2\/product\/21965\/revisions\/24005"}],"wp:featuredmedia":[{"embeddable":true,"href":"https:\/\/tiendaflex.ec\/en\/wp-json\/wp\/v2\/media\/21932"}],"wp:attachment":[{"href":"https:\/\/tiendaflex.ec\/en\/wp-json\/wp\/v2\/media?parent=21965"}],"wp:term":[{"taxonomy":"product_brand","embeddable":true,"href":"https:\/\/tiendaflex.ec\/en\/wp-json\/wp\/v2\/product_brand?post=21965"},{"taxonomy":"product_cat","embeddable":true,"href":"https:\/\/tiendaflex.ec\/en\/wp-json\/wp\/v2\/product_cat?post=21965"},{"taxonomy":"product_tag","embeddable":true,"href":"https:\/\/tiendaflex.ec\/en\/wp-json\/wp\/v2\/product_tag?post=21965"}],"curies":[{"name":"wp","href":"https:\/\/api.w.org\/{rel}","templated":true}]}}