{"id":21961,"date":"2025-08-15T23:14:56","date_gmt":"2025-08-16T04:14:56","guid":{"rendered":"https:\/\/tiendaflex.ec\/?post_type=product&#038;p=21961"},"modified":"2025-09-17T12:10:21","modified_gmt":"2025-09-17T17:10:21","slug":"atornillador-4v","status":"publish","type":"product","link":"https:\/\/tiendaflex.ec\/en\/product\/atornillador-4v\/","title":{"rendered":"ATORNILLADOR \u2013 4V"},"content":{"rendered":"","protected":false},"excerpt":{"rendered":"<p>Compacto, ligero y f\u00e1cil de usar. Ideal para trabajos de atornillado y desatornillado en el hogar o proyectos peque\u00f1os. Su dise\u00f1o ergon\u00f3mico y color amarillo con negro lo hace pr\u00e1ctico y c\u00f3modo de manejar.<\/p>\n<ul>\n<li>Marca: STANLEY<\/li>\n<\/ul>\n<p>\u2714\ufe0f Voltaje: 4V<br \/>\n\u2714\ufe0f Velocidad: 200 RPM<br \/>\n\u2714\ufe0f Modos: Atornillado \/ Desatornillado<br \/>\n\u2714\ufe0f Peso: 1 kg<br \/>\n\u2714\ufe0f Dimensiones: Alto 18 cm | Ancho 5 cm | Profundidad 13 cm<br \/>\n\u2714\ufe0f Modelo: SCS4K-B3<br \/>\n\u2714\ufe0f Color: Amarillo con negro<\/p>\n<p>\ud83d\udcf2 Cont\u00e1ctanos: +593984123231<\/p>\n<p>\u26a1 \u00a1Ligero, pr\u00e1ctico y confiable para tus trabajos de atornillado diarios!<\/p>","protected":false},"featured_media":21930,"comment_status":"open","ping_status":"closed","template":"","meta":{"_acf_changed":false},"product_brand":[],"product_cat":[544,595],"product_tag":[],"class_list":{"0":"post-21961","1":"product","2":"type-product","3":"status-publish","4":"has-post-thumbnail","6":"product_cat-agricultura-e-industria","7":"product_cat-atornilladores-y-destornilladores","9":"first","10":"instock","11":"sale","12":"taxable","13":"shipping-taxable","14":"purchasable","15":"product-type-simple"},"acf":[],"_links":{"self":[{"href":"https:\/\/tiendaflex.ec\/en\/wp-json\/wp\/v2\/product\/21961","targetHints":{"allow":["GET"]}}],"collection":[{"href":"https:\/\/tiendaflex.ec\/en\/wp-json\/wp\/v2\/product"}],"about":[{"href":"https:\/\/tiendaflex.ec\/en\/wp-json\/wp\/v2\/types\/product"}],"replies":[{"embeddable":true,"href":"https:\/\/tiendaflex.ec\/en\/wp-json\/wp\/v2\/comments?post=21961"}],"version-history":[{"count":4,"href":"https:\/\/tiendaflex.ec\/en\/wp-json\/wp\/v2\/product\/21961\/revisions"}],"predecessor-version":[{"id":24132,"href":"https:\/\/tiendaflex.ec\/en\/wp-json\/wp\/v2\/product\/21961\/revisions\/24132"}],"wp:featuredmedia":[{"embeddable":true,"href":"https:\/\/tiendaflex.ec\/en\/wp-json\/wp\/v2\/media\/21930"}],"wp:attachment":[{"href":"https:\/\/tiendaflex.ec\/en\/wp-json\/wp\/v2\/media?parent=21961"}],"wp:term":[{"taxonomy":"product_brand","embeddable":true,"href":"https:\/\/tiendaflex.ec\/en\/wp-json\/wp\/v2\/product_brand?post=21961"},{"taxonomy":"product_cat","embeddable":true,"href":"https:\/\/tiendaflex.ec\/en\/wp-json\/wp\/v2\/product_cat?post=21961"},{"taxonomy":"product_tag","embeddable":true,"href":"https:\/\/tiendaflex.ec\/en\/wp-json\/wp\/v2\/product_tag?post=21961"}],"curies":[{"name":"wp","href":"https:\/\/api.w.org\/{rel}","templated":true}]}}