{"id":21956,"date":"2025-08-15T23:11:03","date_gmt":"2025-08-16T04:11:03","guid":{"rendered":"https:\/\/tiendaflex.ec\/?post_type=product&#038;p=21956"},"modified":"2025-08-15T23:11:03","modified_gmt":"2025-08-16T04:11:03","slug":"taladro-20v-2","status":"publish","type":"product","link":"https:\/\/tiendaflex.ec\/en\/product\/taladro-20v-2\/","title":{"rendered":"TALADRO \u2013 20V"},"content":{"rendered":"","protected":false},"excerpt":{"rendered":"<p>Potente y vers\u00e1til, ideal para trabajos de perforaci\u00f3n y atornillado en distintos materiales. Su dise\u00f1o robusto y la inclusi\u00f3n de 2 bater\u00edas permite trabajar por m\u00e1s tiempo sin interrupciones. Incluye maleta pl\u00e1stica para transporte y organizaci\u00f3n de tus herramientas.<\/p>\n<p>\u2714\ufe0f Torque: 50 Nm<br \/>\n\u2714\ufe0f Velocidad sin carga: 0 \u2013 400 \/ 0 \u2013 1,500 RPM<br \/>\n\u2714\ufe0f Mandril: 13 mm<br \/>\n\u2714\ufe0f Luz LED: S\u00ed<br \/>\n\u2714\ufe0f Indicador de carga: S\u00ed<br \/>\n\u2714\ufe0f Color: Amarillo con negro<\/p>\n<p>\ud83d\udcf2 Cont\u00e1ctanos: +593984123231<\/p>\n<p>\u26a1 \u00a1Potencia y autonom\u00eda para tus proyectos profesionales!<\/p>","protected":false},"featured_media":21928,"comment_status":"open","ping_status":"closed","template":"","meta":{"_acf_changed":false},"product_brand":[],"product_cat":[544,558],"product_tag":[],"class_list":{"0":"post-21956","1":"product","2":"type-product","3":"status-publish","4":"has-post-thumbnail","6":"product_cat-agricultura-e-industria","7":"product_cat-taladro","9":"first","10":"instock","11":"sale","12":"taxable","13":"shipping-taxable","14":"purchasable","15":"product-type-simple"},"acf":[],"_links":{"self":[{"href":"https:\/\/tiendaflex.ec\/en\/wp-json\/wp\/v2\/product\/21956","targetHints":{"allow":["GET"]}}],"collection":[{"href":"https:\/\/tiendaflex.ec\/en\/wp-json\/wp\/v2\/product"}],"about":[{"href":"https:\/\/tiendaflex.ec\/en\/wp-json\/wp\/v2\/types\/product"}],"replies":[{"embeddable":true,"href":"https:\/\/tiendaflex.ec\/en\/wp-json\/wp\/v2\/comments?post=21956"}],"version-history":[{"count":1,"href":"https:\/\/tiendaflex.ec\/en\/wp-json\/wp\/v2\/product\/21956\/revisions"}],"predecessor-version":[{"id":21957,"href":"https:\/\/tiendaflex.ec\/en\/wp-json\/wp\/v2\/product\/21956\/revisions\/21957"}],"wp:featuredmedia":[{"embeddable":true,"href":"https:\/\/tiendaflex.ec\/en\/wp-json\/wp\/v2\/media\/21928"}],"wp:attachment":[{"href":"https:\/\/tiendaflex.ec\/en\/wp-json\/wp\/v2\/media?parent=21956"}],"wp:term":[{"taxonomy":"product_brand","embeddable":true,"href":"https:\/\/tiendaflex.ec\/en\/wp-json\/wp\/v2\/product_brand?post=21956"},{"taxonomy":"product_cat","embeddable":true,"href":"https:\/\/tiendaflex.ec\/en\/wp-json\/wp\/v2\/product_cat?post=21956"},{"taxonomy":"product_tag","embeddable":true,"href":"https:\/\/tiendaflex.ec\/en\/wp-json\/wp\/v2\/product_tag?post=21956"}],"curies":[{"name":"wp","href":"https:\/\/api.w.org\/{rel}","templated":true}]}}