{"id":21946,"date":"2025-08-15T23:02:09","date_gmt":"2025-08-16T04:02:09","guid":{"rendered":"https:\/\/tiendaflex.ec\/?post_type=product&#038;p=21946"},"modified":"2025-09-09T22:31:38","modified_gmt":"2025-09-10T03:31:38","slug":"sierra-circular-de-7-1-4-1500w","status":"publish","type":"product","link":"https:\/\/tiendaflex.ec\/en\/product\/sierra-circular-de-7-1-4-1500w\/","title":{"rendered":"SIERRA CIRCULAR DE 7-1\/4\u201d \u2013 1,500W"},"content":{"rendered":"","protected":false},"excerpt":{"rendered":"<p>Potencia y precisi\u00f3n para cortes r\u00e1pidos y profesionales en madera y fibra de vidrio. Ideal para montar muebles, techos y piezas de carpinter\u00eda con total comodidad.<\/p>\n<ul>\n<li>Marca: BLACK+DECKER<\/li>\n<\/ul>\n<p>\u2714\ufe0f Potencia: 1,500W<br \/>\n\u2714\ufe0f Velocidad: 5,500 RPM<br \/>\n\u2714\ufe0f \u00c1ngulo de corte: 0\u00ba a 45\u00ba<br \/>\n\u2714\ufe0f Di\u00e1metro del disco: 7-1\/4\u201d (184mm)<br \/>\n\u2714\ufe0f Peso: 3.6 kg<br \/>\n\u2714\ufe0f Cable: 2 m<br \/>\n\u2714\ufe0f Capacidad m\u00e1x. corte a 90\u00ba: 62 mm<br \/>\n\u2714\ufe0f Capacidad m\u00e1x. corte a 45\u00ba: 36 mm<\/p>\n<p>\u2728 Diferenciadores:<br \/>\n\u2705 Cambio r\u00e1pido de carb\u00f3n<br \/>\n\u2705 Ajuste de profundidad<br \/>\n\u2705 Empu\u00f1adura engomada y ergon\u00f3mica para mayor comodidad<\/p>\n<p>\ud83c\udfaf Aplicaciones:<br \/>\n\u2022 Cortes en madera y fibra de vidrio<br \/>\n\u2022 Ideal para muebles, techos y piezas de carpinter\u00eda<\/p>\n<p>\ud83c\udf81 Incluye accesorios:<br \/>\n\u2022 1 Disco de 18 dientes<\/p>\n<p>\ud83d\udcf2 Cont\u00e1ctanos: +593984123231<\/p>\n<p>\ud83d\udd28 \u00a1Haz tus cortes con m\u00e1s potencia, control y precisi\u00f3n en cada proyecto!<\/p>","protected":false},"featured_media":21924,"comment_status":"open","ping_status":"closed","template":"","meta":{"_acf_changed":false},"product_brand":[],"product_cat":[544,559],"product_tag":[],"class_list":{"0":"post-21946","1":"product","2":"type-product","3":"status-publish","4":"has-post-thumbnail","6":"product_cat-agricultura-e-industria","7":"product_cat-sierras","9":"first","10":"instock","11":"sale","12":"taxable","13":"shipping-taxable","14":"purchasable","15":"product-type-simple"},"acf":[],"_links":{"self":[{"href":"https:\/\/tiendaflex.ec\/en\/wp-json\/wp\/v2\/product\/21946","targetHints":{"allow":["GET"]}}],"collection":[{"href":"https:\/\/tiendaflex.ec\/en\/wp-json\/wp\/v2\/product"}],"about":[{"href":"https:\/\/tiendaflex.ec\/en\/wp-json\/wp\/v2\/types\/product"}],"replies":[{"embeddable":true,"href":"https:\/\/tiendaflex.ec\/en\/wp-json\/wp\/v2\/comments?post=21946"}],"version-history":[{"count":2,"href":"https:\/\/tiendaflex.ec\/en\/wp-json\/wp\/v2\/product\/21946\/revisions"}],"predecessor-version":[{"id":23701,"href":"https:\/\/tiendaflex.ec\/en\/wp-json\/wp\/v2\/product\/21946\/revisions\/23701"}],"wp:featuredmedia":[{"embeddable":true,"href":"https:\/\/tiendaflex.ec\/en\/wp-json\/wp\/v2\/media\/21924"}],"wp:attachment":[{"href":"https:\/\/tiendaflex.ec\/en\/wp-json\/wp\/v2\/media?parent=21946"}],"wp:term":[{"taxonomy":"product_brand","embeddable":true,"href":"https:\/\/tiendaflex.ec\/en\/wp-json\/wp\/v2\/product_brand?post=21946"},{"taxonomy":"product_cat","embeddable":true,"href":"https:\/\/tiendaflex.ec\/en\/wp-json\/wp\/v2\/product_cat?post=21946"},{"taxonomy":"product_tag","embeddable":true,"href":"https:\/\/tiendaflex.ec\/en\/wp-json\/wp\/v2\/product_tag?post=21946"}],"curies":[{"name":"wp","href":"https:\/\/api.w.org\/{rel}","templated":true}]}}