{"id":21939,"date":"2025-08-15T22:56:53","date_gmt":"2025-08-16T03:56:53","guid":{"rendered":"https:\/\/tiendaflex.ec\/?post_type=product&#038;p=21939"},"modified":"2025-09-09T22:53:32","modified_gmt":"2025-09-10T03:53:32","slug":"pistola-de-calor-1500w","status":"publish","type":"product","link":"https:\/\/tiendaflex.ec\/en\/product\/pistola-de-calor-1500w\/","title":{"rendered":"PISTOLA DE CALOR 1,500W"},"content":{"rendered":"","protected":false},"excerpt":{"rendered":"<p>Herramienta pr\u00e1ctica, potente y vers\u00e1til para tus proyectos de reparaci\u00f3n, remodelaci\u00f3n y mantenimiento. Perfecta para remover pintura, barniz o aflojar tuercas y tornillos oxidados.<\/p>\n<p>\u2714\ufe0f Marca: BLACK+DECKER<\/p>\n<p>\u2714\ufe0f Potencia: 1,500W<br \/>\n\u2714\ufe0f Ajuste de calor: 400\u00baC y 540\u00baC<br \/>\n\u2714\ufe0f Cable: 1.85 m<br \/>\n\u2714\ufe0f Peso: 700 g<\/p>\n<p>\u2728 Diferenciadores:<br \/>\n\u2705 Ideal para trabajos verticales<br \/>\n\u2705 Dise\u00f1o ligero y compacto para mayor comodidad<br \/>\n\u2705 Potente motor que alcanza altas temperaturas<\/p>\n<p>\ud83c\udf81 Incluye accesorios:<br \/>\n\u2022 2 boquillas<br \/>\n\u2022 Manual de uso<\/p>\n<p>\ud83d\udcf2 Cont\u00e1ctanos: +593984123231<\/p>\n<p>\u26a1 \u00a1La potencia que necesitas para un trabajo r\u00e1pido y eficiente!<\/p>","protected":false},"featured_media":21934,"comment_status":"open","ping_status":"closed","template":"","meta":{"_acf_changed":false},"product_brand":[],"product_cat":[544,583],"product_tag":[],"class_list":{"0":"post-21939","1":"product","2":"type-product","3":"status-publish","4":"has-post-thumbnail","6":"product_cat-agricultura-e-industria","7":"product_cat-sopladoras","9":"first","10":"instock","11":"sale","12":"taxable","13":"shipping-taxable","14":"purchasable","15":"product-type-simple"},"acf":[],"_links":{"self":[{"href":"https:\/\/tiendaflex.ec\/en\/wp-json\/wp\/v2\/product\/21939","targetHints":{"allow":["GET"]}}],"collection":[{"href":"https:\/\/tiendaflex.ec\/en\/wp-json\/wp\/v2\/product"}],"about":[{"href":"https:\/\/tiendaflex.ec\/en\/wp-json\/wp\/v2\/types\/product"}],"replies":[{"embeddable":true,"href":"https:\/\/tiendaflex.ec\/en\/wp-json\/wp\/v2\/comments?post=21939"}],"version-history":[{"count":2,"href":"https:\/\/tiendaflex.ec\/en\/wp-json\/wp\/v2\/product\/21939\/revisions"}],"predecessor-version":[{"id":23712,"href":"https:\/\/tiendaflex.ec\/en\/wp-json\/wp\/v2\/product\/21939\/revisions\/23712"}],"wp:featuredmedia":[{"embeddable":true,"href":"https:\/\/tiendaflex.ec\/en\/wp-json\/wp\/v2\/media\/21934"}],"wp:attachment":[{"href":"https:\/\/tiendaflex.ec\/en\/wp-json\/wp\/v2\/media?parent=21939"}],"wp:term":[{"taxonomy":"product_brand","embeddable":true,"href":"https:\/\/tiendaflex.ec\/en\/wp-json\/wp\/v2\/product_brand?post=21939"},{"taxonomy":"product_cat","embeddable":true,"href":"https:\/\/tiendaflex.ec\/en\/wp-json\/wp\/v2\/product_cat?post=21939"},{"taxonomy":"product_tag","embeddable":true,"href":"https:\/\/tiendaflex.ec\/en\/wp-json\/wp\/v2\/product_tag?post=21939"}],"curies":[{"name":"wp","href":"https:\/\/api.w.org\/{rel}","templated":true}]}}