{"id":21923,"date":"2025-08-15T22:54:51","date_gmt":"2025-08-16T03:54:51","guid":{"rendered":"https:\/\/tiendaflex.ec\/?post_type=product&#038;p=21923"},"modified":"2025-09-09T21:02:13","modified_gmt":"2025-09-10T02:02:13","slug":"esmeriladora-de-4-1-2-720w","status":"publish","type":"product","link":"https:\/\/tiendaflex.ec\/en\/product\/esmeriladora-de-4-1-2-720w\/","title":{"rendered":"ESMERILADORA DE 4-1\/2\u201d \u2013 720W"},"content":{"rendered":"","protected":false},"excerpt":{"rendered":"<p>Potencia, precisi\u00f3n y comodidad en tus manos. Ideal para cortar y desbastar metal, m\u00e1rmol, revestimientos, ventanas, portones, l\u00e1minas y hasta para remover pintura.<\/p>\n<ul>\n<li>Marca: BLACK+DECKER<\/li>\n<\/ul>\n<p>\u2714\ufe0f Potencia: 820W<br \/>\n\u2714\ufe0f Velocidad: 11,000 RPM<br \/>\n\u2714\ufe0f Eje: M-14<br \/>\n\u2714\ufe0f Di\u00e1metro del disco: 4-1\/2\u201d (115mm)<br \/>\n\u2714\ufe0f Peso: 1.87 kg<br \/>\n\u2714\ufe0f Bloqueo del eje para cambios r\u00e1pidos y seguros<\/p>\n<p>\u2728 Diferenciadores:<br \/>\n\u2705 Mango auxiliar para 3 posiciones<br \/>\n\u2705 Potente motor<br \/>\n\u2705 Dise\u00f1o ligero y compacto<br \/>\n\u2705 Ajuste de guarda de protecci\u00f3n con sujetador<\/p>\n<p>\ud83c\udf81 Incluye accesorios:<br \/>\n\u2022 1 Disco de 4-1\/2\u201d (115mm)<br \/>\n\u2022 1 Mango auxiliar<br \/>\n\u2022 1 Llave para tuercas<\/p>\n<p>\ud83d\udcf2 Cont\u00e1ctanos: +593984123231<\/p>\n<p>\ud83d\udd25 \u00a1Haz tus trabajos de corte y desbaste con la potencia que necesitas!<\/p>","protected":false},"featured_media":21933,"comment_status":"open","ping_status":"closed","template":"","meta":{"_acf_changed":false},"product_brand":[],"product_cat":[544,702],"product_tag":[],"class_list":{"0":"post-21923","1":"product","2":"type-product","3":"status-publish","4":"has-post-thumbnail","6":"product_cat-agricultura-e-industria","7":"product_cat-esmeriladoras","9":"first","10":"instock","11":"sale","12":"taxable","13":"shipping-taxable","14":"purchasable","15":"product-type-simple"},"acf":[],"_links":{"self":[{"href":"https:\/\/tiendaflex.ec\/en\/wp-json\/wp\/v2\/product\/21923","targetHints":{"allow":["GET"]}}],"collection":[{"href":"https:\/\/tiendaflex.ec\/en\/wp-json\/wp\/v2\/product"}],"about":[{"href":"https:\/\/tiendaflex.ec\/en\/wp-json\/wp\/v2\/types\/product"}],"replies":[{"embeddable":true,"href":"https:\/\/tiendaflex.ec\/en\/wp-json\/wp\/v2\/comments?post=21923"}],"version-history":[{"count":3,"href":"https:\/\/tiendaflex.ec\/en\/wp-json\/wp\/v2\/product\/21923\/revisions"}],"predecessor-version":[{"id":23617,"href":"https:\/\/tiendaflex.ec\/en\/wp-json\/wp\/v2\/product\/21923\/revisions\/23617"}],"wp:featuredmedia":[{"embeddable":true,"href":"https:\/\/tiendaflex.ec\/en\/wp-json\/wp\/v2\/media\/21933"}],"wp:attachment":[{"href":"https:\/\/tiendaflex.ec\/en\/wp-json\/wp\/v2\/media?parent=21923"}],"wp:term":[{"taxonomy":"product_brand","embeddable":true,"href":"https:\/\/tiendaflex.ec\/en\/wp-json\/wp\/v2\/product_brand?post=21923"},{"taxonomy":"product_cat","embeddable":true,"href":"https:\/\/tiendaflex.ec\/en\/wp-json\/wp\/v2\/product_cat?post=21923"},{"taxonomy":"product_tag","embeddable":true,"href":"https:\/\/tiendaflex.ec\/en\/wp-json\/wp\/v2\/product_tag?post=21923"}],"curies":[{"name":"wp","href":"https:\/\/api.w.org\/{rel}","templated":true}]}}